{"id":24309,"date":"2024-01-16T17:40:09","date_gmt":"2024-01-16T09:40:09","guid":{"rendered":"https:\/\/www.fjpremium.com\/?post_type=product&#038;p=24309"},"modified":"2024-03-21T16:14:39","modified_gmt":"2024-03-21T08:14:39","slug":"angle-displayport-panel-mount-cable","status":"publish","type":"product","link":"https:\/\/www.fjpremium.com\/es\/product\/angle-displayport-panel-mount-cable\/","title":{"rendered":"Cable de montaje en panel DisplayPort en \u00e1ngulo, cable de extensi\u00f3n DP 1.2 macho a hembra"},"content":{"rendered":"<p>Cable de montaje en panel DisplayPort en \u00e1ngulo FARSINCE: perfecto para una conectividad perfecta en espacios reducidos. Con cuatro tipos de \u00e1ngulo disponibles (izquierda, derecha, arriba, abajo), lograr la conexi\u00f3n perfecta no requiere esfuerzo.<\/p>\n<p>Este Cable de Extensi\u00f3n DP 1.2 macho a hembra es ideal para combinar dos cables DisplayPort a trav\u00e9s de un panel. Fabricado con conductor de cobre esta\u00f1ado, papel de aluminio y blindaje trenzado, junto con una carcasa de ABS para DisplayPort macho en \u00e1ngulo y moldeado por inyecci\u00f3n para DisplayPort hembra, la durabilidad est\u00e1 asegurada.<\/p>\n<p>Experimente una impresionante resoluci\u00f3n 4K y soporte de ancho de banda de alta velocidad de bits, todo dise\u00f1ado seg\u00fan los est\u00e1ndares DisplayPort 1.2. Adem\u00e1s, con las certificaciones RoHS y REACH y una garant\u00eda de 2 a\u00f1os, la calidad y la tranquilidad est\u00e1n garantizadas. Eleve su conectividad hoy.<\/p>\n<p>Sus especificaciones:<\/p>\n<ul>\n<li>Conector 1: DisplayPort macho en \u00e1ngulo, chapado en oro<\/li>\n<li>Conector 2: DisplayPort hembra con cierre de rosca, contacto chapado en oro, carcasa niquelada<\/li>\n<li>Tipo de tuerca y tornillo: M3 niquelado<\/li>\n<li>Paso de los orificios: 25\u00b11 mm<\/li>\n<li>Conductor del cable: Cobre esta\u00f1ado<\/li>\n<li>Aislamiento: PE SKIN\/HDPE espumado<\/li>\n<li>Calibre del cable: 28AWG<\/li>\n<li>Di\u00e1metro exterior: 7,3\u00b10,2 mm<\/li>\n<li>Blindaje: Papel de aluminio, trenzado<\/li>\n<li>Carcasa: Carcasa de ABS para DisplayPort macho, moldeado por inyecci\u00f3n para DisplayPort hembra<\/li>\n<li>Cubierta: PVC<\/li>\n<li>Tipos de \u00e1ngulo disponibles: izquierda, derecha, arriba y abajo<\/li>\n<li>Admite un ancho de banda de alta velocidad de bits (HBR) y una resoluci\u00f3n de hasta 4K<\/li>\n<li>Conforme al est\u00e1ndar DisplayPort 1.2<\/li>\n<li>Conformidad: RoHS, REACH<\/li>\n<\/ul>","protected":false},"excerpt":{"rendered":"<p>Cable DisplayPort angular de alta velocidad para montaje en panel, cable adaptador de macho a hembra con bloqueo de rosca, 0,2M<\/p>","protected":false},"featured_media":24316,"template":"","meta":{"_acf_changed":false,"_seopress_robots_primary_cat":"","_seopress_titles_title":"Angle DisplayPort Panel Mount Cable, DP Extension Cable","_seopress_titles_desc":"","_seopress_robots_index":"","site-sidebar-layout":"default","site-content-layout":"default","ast-site-content-layout":"default","site-content-style":"default","site-sidebar-style":"default","ast-global-header-display":"","ast-banner-title-visibility":"","ast-main-header-display":"","ast-hfb-above-header-display":"","ast-hfb-below-header-display":"","ast-hfb-mobile-header-display":"","site-post-title":"","ast-breadcrumbs-content":"","ast-featured-img":"","footer-sml-layout":"","ast-disable-related-posts":"","theme-transparent-header-meta":"default","adv-header-id-meta":"","stick-header-meta":"","header-above-stick-meta":"","header-main-stick-meta":"","header-below-stick-meta":"","astra-migrate-meta-layouts":"set","ast-page-background-enabled":"default","ast-page-background-meta":{"desktop":{"background-color":"","background-image":"","background-repeat":"repeat","background-position":"center center","background-size":"auto","background-attachment":"scroll","background-type":"","background-media":"","overlay-type":"","overlay-color":"","overlay-opacity":"","overlay-gradient":""},"tablet":{"background-color":"","background-image":"","background-repeat":"repeat","background-position":"center center","background-size":"auto","background-attachment":"scroll","background-type":"","background-media":"","overlay-type":"","overlay-color":"","overlay-opacity":"","overlay-gradient":""},"mobile":{"background-color":"","background-image":"","background-repeat":"repeat","background-position":"center center","background-size":"auto","background-attachment":"scroll","background-type":"","background-media":"","overlay-type":"","overlay-color":"","overlay-opacity":"","overlay-gradient":""}},"ast-content-background-meta":{"desktop":{"background-color":"var(--ast-global-color-5)","background-image":"","background-repeat":"repeat","background-position":"center center","background-size":"auto","background-attachment":"scroll","background-type":"","background-media":"","overlay-type":"","overlay-color":"","overlay-opacity":"","overlay-gradient":""},"tablet":{"background-color":"var(--ast-global-color-5)","background-image":"","background-repeat":"repeat","background-position":"center center","background-size":"auto","background-attachment":"scroll","background-type":"","background-media":"","overlay-type":"","overlay-color":"","overlay-opacity":"","overlay-gradient":""},"mobile":{"background-color":"var(--ast-global-color-5)","background-image":"","background-repeat":"repeat","background-position":"center center","background-size":"auto","background-attachment":"scroll","background-type":"","background-media":"","overlay-type":"","overlay-color":"","overlay-opacity":"","overlay-gradient":""}},"iawp_total_views":4},"product_brand":[],"product_cat":[238,678],"product_tag":[],"class_list":{"0":"post-24309","1":"product","2":"type-product","3":"status-publish","4":"has-post-thumbnail","6":"product_cat-panel-mount","7":"product_cat-panel-mount-cables","8":"desktop-align-left","9":"tablet-align-left","10":"mobile-align-left","12":"first","13":"instock","14":"shipping-taxable","15":"purchasable","16":"product-type-simple"},"acf":[],"_links":{"self":[{"href":"https:\/\/www.fjpremium.com\/es\/wp-json\/wp\/v2\/product\/24309","targetHints":{"allow":["GET"]}}],"collection":[{"href":"https:\/\/www.fjpremium.com\/es\/wp-json\/wp\/v2\/product"}],"about":[{"href":"https:\/\/www.fjpremium.com\/es\/wp-json\/wp\/v2\/types\/product"}],"wp:featuredmedia":[{"embeddable":true,"href":"https:\/\/www.fjpremium.com\/es\/wp-json\/wp\/v2\/media\/24316"}],"wp:attachment":[{"href":"https:\/\/www.fjpremium.com\/es\/wp-json\/wp\/v2\/media?parent=24309"}],"wp:term":[{"taxonomy":"product_brand","embeddable":true,"href":"https:\/\/www.fjpremium.com\/es\/wp-json\/wp\/v2\/product_brand?post=24309"},{"taxonomy":"product_cat","embeddable":true,"href":"https:\/\/www.fjpremium.com\/es\/wp-json\/wp\/v2\/product_cat?post=24309"},{"taxonomy":"product_tag","embeddable":true,"href":"https:\/\/www.fjpremium.com\/es\/wp-json\/wp\/v2\/product_tag?post=24309"}],"curies":[{"name":"wp","href":"https:\/\/api.w.org\/{rel}","templated":true}]}}