{"id":24296,"date":"2024-01-16T16:36:00","date_gmt":"2024-01-16T08:36:00","guid":{"rendered":"https:\/\/www.fjpremium.com\/?post_type=product&#038;p=24296"},"modified":"2024-03-21T15:10:19","modified_gmt":"2024-03-21T07:10:19","slug":"displayport-1-4-panel-mount-cable","status":"publish","type":"product","link":"https:\/\/www.fjpremium.com\/es\/product\/displayport-1-4-panel-mount-cable\/","title":{"rendered":"Cable DisplayPort 1.4 para montaje en panel, hembra a hembra"},"content":{"rendered":"<p>Presentamos nuestro cable de montaje en panel DisplayPort 1.4: compacto pero potente. Con una longitud total de 0,2 m, es perfecto para una conectividad perfecta en espacios reducidos.<\/p>\n<p>Con conectores hembra en ambos extremos, uno equipado con bloqueo de tornillo M3 para mayor seguridad, con un paso de orificio preciso de 27 \u00b1 1 mm.<\/p>\n<p>Construido con un conductor de cobre desnudo y blindaje de l\u00e1mina de aluminio y trenzado, garantiza una transmisi\u00f3n \u00f3ptima de la se\u00f1al. Su cubierta de PVC proporciona durabilidad para un uso prolongado.<\/p>\n<p>Experimente una impresionante resoluci\u00f3n de 8K con soporte para ancho de banda de alta velocidad de bits (HBR), todo dise\u00f1ado seg\u00fan los est\u00e1ndares DisplayPort 1.4. Tenga la seguridad de que est\u00e1 certificado con los est\u00e1ndares RoHS y REACH. Mejore la configuraci\u00f3n de su pantalla con facilidad.<\/p>\n<p>Sus especificaciones:<\/p>\n<ul>\n<li>Conector 1: DisplayPort 1.4 hembra, chapado en oro<\/li>\n<li>Conector 2: DisplayPort 1.4 hembra con cierre de rosca, contacto dorado, carcasa niquelada<\/li>\n<li>Tipo de tuerca y tornillo: M3 niquelado<\/li>\n<li>Paso del orificio: 27\u00b11 mm<\/li>\n<li>Conductor del cable: Cobre desnudo<\/li>\n<li>Calibre del cable: 28AWG<\/li>\n<li>Di\u00e1metro exterior: 7,3\u00b10,2 mm<\/li>\n<li>Blindaje: Papel de aluminio, trenzado<\/li>\n<li>Carcasa: Moldeo por inyecci\u00f3n<\/li>\n<li>Cubierta: PVC<\/li>\n<li>Admite un ancho de banda de alta velocidad de bits (HBR) y una resoluci\u00f3n de hasta 8K<\/li>\n<li>Conforme al est\u00e1ndar DisplayPort 1.4<\/li>\n<li>Conformidad: RoHS, REACH<\/li>\n<\/ul>","protected":false},"excerpt":{"rendered":"<p>Cable de montaje en panel DispalyPort 1.4 de alta velocidad, cable adaptador de hembra a hembra con bloqueo de rosca, 0,2M<\/p>","protected":false},"featured_media":24300,"template":"","meta":{"_acf_changed":false,"_seopress_robots_primary_cat":"","_seopress_titles_title":"DisplayPort 1.4 Panel Mount Cable- Farsince","_seopress_titles_desc":"","_seopress_robots_index":"","site-sidebar-layout":"default","site-content-layout":"default","ast-site-content-layout":"default","site-content-style":"default","site-sidebar-style":"default","ast-global-header-display":"","ast-banner-title-visibility":"","ast-main-header-display":"","ast-hfb-above-header-display":"","ast-hfb-below-header-display":"","ast-hfb-mobile-header-display":"","site-post-title":"","ast-breadcrumbs-content":"","ast-featured-img":"","footer-sml-layout":"","ast-disable-related-posts":"","theme-transparent-header-meta":"default","adv-header-id-meta":"","stick-header-meta":"","header-above-stick-meta":"","header-main-stick-meta":"","header-below-stick-meta":"","astra-migrate-meta-layouts":"set","ast-page-background-enabled":"default","ast-page-background-meta":{"desktop":{"background-color":"","background-image":"","background-repeat":"repeat","background-position":"center center","background-size":"auto","background-attachment":"scroll","background-type":"","background-media":"","overlay-type":"","overlay-color":"","overlay-opacity":"","overlay-gradient":""},"tablet":{"background-color":"","background-image":"","background-repeat":"repeat","background-position":"center center","background-size":"auto","background-attachment":"scroll","background-type":"","background-media":"","overlay-type":"","overlay-color":"","overlay-opacity":"","overlay-gradient":""},"mobile":{"background-color":"","background-image":"","background-repeat":"repeat","background-position":"center center","background-size":"auto","background-attachment":"scroll","background-type":"","background-media":"","overlay-type":"","overlay-color":"","overlay-opacity":"","overlay-gradient":""}},"ast-content-background-meta":{"desktop":{"background-color":"var(--ast-global-color-5)","background-image":"","background-repeat":"repeat","background-position":"center center","background-size":"auto","background-attachment":"scroll","background-type":"","background-media":"","overlay-type":"","overlay-color":"","overlay-opacity":"","overlay-gradient":""},"tablet":{"background-color":"var(--ast-global-color-5)","background-image":"","background-repeat":"repeat","background-position":"center center","background-size":"auto","background-attachment":"scroll","background-type":"","background-media":"","overlay-type":"","overlay-color":"","overlay-opacity":"","overlay-gradient":""},"mobile":{"background-color":"var(--ast-global-color-5)","background-image":"","background-repeat":"repeat","background-position":"center center","background-size":"auto","background-attachment":"scroll","background-type":"","background-media":"","overlay-type":"","overlay-color":"","overlay-opacity":"","overlay-gradient":""}},"iawp_total_views":6},"product_brand":[],"product_cat":[238,678],"product_tag":[],"class_list":{"0":"post-24296","1":"product","2":"type-product","3":"status-publish","4":"has-post-thumbnail","6":"product_cat-panel-mount","7":"product_cat-panel-mount-cables","8":"desktop-align-left","9":"tablet-align-left","10":"mobile-align-left","12":"first","13":"instock","14":"shipping-taxable","15":"purchasable","16":"product-type-simple"},"acf":[],"_links":{"self":[{"href":"https:\/\/www.fjpremium.com\/es\/wp-json\/wp\/v2\/product\/24296","targetHints":{"allow":["GET"]}}],"collection":[{"href":"https:\/\/www.fjpremium.com\/es\/wp-json\/wp\/v2\/product"}],"about":[{"href":"https:\/\/www.fjpremium.com\/es\/wp-json\/wp\/v2\/types\/product"}],"wp:featuredmedia":[{"embeddable":true,"href":"https:\/\/www.fjpremium.com\/es\/wp-json\/wp\/v2\/media\/24300"}],"wp:attachment":[{"href":"https:\/\/www.fjpremium.com\/es\/wp-json\/wp\/v2\/media?parent=24296"}],"wp:term":[{"taxonomy":"product_brand","embeddable":true,"href":"https:\/\/www.fjpremium.com\/es\/wp-json\/wp\/v2\/product_brand?post=24296"},{"taxonomy":"product_cat","embeddable":true,"href":"https:\/\/www.fjpremium.com\/es\/wp-json\/wp\/v2\/product_cat?post=24296"},{"taxonomy":"product_tag","embeddable":true,"href":"https:\/\/www.fjpremium.com\/es\/wp-json\/wp\/v2\/product_tag?post=24296"}],"curies":[{"name":"wp","href":"https:\/\/api.w.org\/{rel}","templated":true}]}}