{"id":24283,"date":"2024-01-16T16:14:48","date_gmt":"2024-01-16T08:14:48","guid":{"rendered":"https:\/\/www.fjpremium.com\/?post_type=product&#038;p=24283"},"modified":"2024-03-21T14:47:40","modified_gmt":"2024-03-21T06:47:40","slug":"hdmi-to-dvi-panel-mount-cable","status":"publish","type":"product","link":"https:\/\/www.fjpremium.com\/es\/product\/hdmi-to-dvi-panel-mount-cable\/","title":{"rendered":"Cable HDMI a DVI para montaje en panel, cable de extensi\u00f3n macho a hembra"},"content":{"rendered":"<p>Presentamos nuestro cable de montaje en panel HDMI a DVI, con un conector macho HDMI chapado en oro con bloqueo de tornillo en un extremo y un conector hembra DVI-I Dual Link (24+5) en el otro, la compatibilidad est\u00e1 asegurada.<\/p>\n<p>Fabricado con un conductor de cobre desnudo y blindado con papel de aluminio y trenzado, encerrado en una cubierta de PVC duradera, la confiabilidad est\u00e1 garantizada.<\/p>\n<p>Experimente resoluciones de alta definici\u00f3n de hasta 1920\u00d71080@60 (1080p Full HD), incluidos 720p y 1600\u00d71200 para monitores o proyectores HD, con una r\u00e1pida velocidad de transferencia de datos de hasta 7,92 Gbps.<\/p>\n<p>Tenga la seguridad de que nuestros productos cuentan con las certificaciones RoHS y REACH, lo que garantiza la seguridad y el cumplimiento de las normas medioambientales. Actualice su conectividad hoy con nuestro cable de montaje en panel HDMI a DVI.<\/p>\n<p>Sus especificaciones:<\/p>\n<ul>\n<li>Conector 1: HDMI macho con varilla roscada, chapado en oro<\/li>\n<li>Conector 2: DVI-I Dual Link (24+5) hembra, chapado en oro<\/li>\n<li>Paso de los agujeros: 9,5 mm<\/li>\n<li>Conductor del cable: Cobre desnudo<\/li>\n<li>Calibre del cable: 28+30AWG<\/li>\n<li>Di\u00e1metro exterior: 7,3 mm<\/li>\n<li>Blindado: Papel de aluminio, trenzado<\/li>\n<li>Cubierta: PVC<\/li>\n<li>Carcasa: Molde de inyecci\u00f3n<\/li>\n<li>Velocidad de transferencia de datos de hasta 7,92 Gbps<\/li>\n<li>Resoluci\u00f3n de hasta 1920 x 1080 a 60 Hz<\/li>\n<li>Conforme: RoHS, REACH<\/li>\n<\/ul>","protected":false},"excerpt":{"rendered":"<p>Cable HDMI a DVI para montaje en panel, admite una resoluci\u00f3n de alta definici\u00f3n de hasta 1920\u00d71080@60 (1080p Full HD), incluidos 720p y 1600\u00d71200 para monitores o proyectores HD.<\/p>","protected":false},"featured_media":24287,"template":"","meta":{"_acf_changed":false,"_seopress_robots_primary_cat":"","_seopress_titles_title":"HDMI to DVI Panel Mount Cable- Farsince","_seopress_titles_desc":"","_seopress_robots_index":"","site-sidebar-layout":"default","site-content-layout":"default","ast-site-content-layout":"default","site-content-style":"default","site-sidebar-style":"default","ast-global-header-display":"","ast-banner-title-visibility":"","ast-main-header-display":"","ast-hfb-above-header-display":"","ast-hfb-below-header-display":"","ast-hfb-mobile-header-display":"","site-post-title":"","ast-breadcrumbs-content":"","ast-featured-img":"","footer-sml-layout":"","ast-disable-related-posts":"","theme-transparent-header-meta":"default","adv-header-id-meta":"","stick-header-meta":"","header-above-stick-meta":"","header-main-stick-meta":"","header-below-stick-meta":"","astra-migrate-meta-layouts":"set","ast-page-background-enabled":"default","ast-page-background-meta":{"desktop":{"background-color":"","background-image":"","background-repeat":"repeat","background-position":"center center","background-size":"auto","background-attachment":"scroll","background-type":"","background-media":"","overlay-type":"","overlay-color":"","overlay-opacity":"","overlay-gradient":""},"tablet":{"background-color":"","background-image":"","background-repeat":"repeat","background-position":"center center","background-size":"auto","background-attachment":"scroll","background-type":"","background-media":"","overlay-type":"","overlay-color":"","overlay-opacity":"","overlay-gradient":""},"mobile":{"background-color":"","background-image":"","background-repeat":"repeat","background-position":"center center","background-size":"auto","background-attachment":"scroll","background-type":"","background-media":"","overlay-type":"","overlay-color":"","overlay-opacity":"","overlay-gradient":""}},"ast-content-background-meta":{"desktop":{"background-color":"var(--ast-global-color-5)","background-image":"","background-repeat":"repeat","background-position":"center center","background-size":"auto","background-attachment":"scroll","background-type":"","background-media":"","overlay-type":"","overlay-color":"","overlay-opacity":"","overlay-gradient":""},"tablet":{"background-color":"var(--ast-global-color-5)","background-image":"","background-repeat":"repeat","background-position":"center center","background-size":"auto","background-attachment":"scroll","background-type":"","background-media":"","overlay-type":"","overlay-color":"","overlay-opacity":"","overlay-gradient":""},"mobile":{"background-color":"var(--ast-global-color-5)","background-image":"","background-repeat":"repeat","background-position":"center center","background-size":"auto","background-attachment":"scroll","background-type":"","background-media":"","overlay-type":"","overlay-color":"","overlay-opacity":"","overlay-gradient":""}},"iawp_total_views":5},"product_brand":[],"product_cat":[238,678],"product_tag":[],"class_list":{"0":"post-24283","1":"product","2":"type-product","3":"status-publish","4":"has-post-thumbnail","6":"product_cat-panel-mount","7":"product_cat-panel-mount-cables","8":"desktop-align-left","9":"tablet-align-left","10":"mobile-align-left","12":"first","13":"instock","14":"shipping-taxable","15":"purchasable","16":"product-type-simple"},"acf":[],"_links":{"self":[{"href":"https:\/\/www.fjpremium.com\/es\/wp-json\/wp\/v2\/product\/24283","targetHints":{"allow":["GET"]}}],"collection":[{"href":"https:\/\/www.fjpremium.com\/es\/wp-json\/wp\/v2\/product"}],"about":[{"href":"https:\/\/www.fjpremium.com\/es\/wp-json\/wp\/v2\/types\/product"}],"wp:featuredmedia":[{"embeddable":true,"href":"https:\/\/www.fjpremium.com\/es\/wp-json\/wp\/v2\/media\/24287"}],"wp:attachment":[{"href":"https:\/\/www.fjpremium.com\/es\/wp-json\/wp\/v2\/media?parent=24283"}],"wp:term":[{"taxonomy":"product_brand","embeddable":true,"href":"https:\/\/www.fjpremium.com\/es\/wp-json\/wp\/v2\/product_brand?post=24283"},{"taxonomy":"product_cat","embeddable":true,"href":"https:\/\/www.fjpremium.com\/es\/wp-json\/wp\/v2\/product_cat?post=24283"},{"taxonomy":"product_tag","embeddable":true,"href":"https:\/\/www.fjpremium.com\/es\/wp-json\/wp\/v2\/product_tag?post=24283"}],"curies":[{"name":"wp","href":"https:\/\/api.w.org\/{rel}","templated":true}]}}