{"id":24260,"date":"2024-01-16T15:17:19","date_gmt":"2024-01-16T07:17:19","guid":{"rendered":"https:\/\/www.fjpremium.com\/?post_type=product&#038;p=24260"},"modified":"2024-03-21T11:11:37","modified_gmt":"2024-03-21T03:11:37","slug":"8k-45-angle-hdmi-panel-mount-extension-cable","status":"publish","type":"product","link":"https:\/\/www.fjpremium.com\/es\/product\/8k-45-angle-hdmi-panel-mount-extension-cable\/","title":{"rendered":"8K 45 \u00b0 \u00e1ngulo HDMI Cable de extensi\u00f3n de montaje en panel, macho a hembra"},"content":{"rendered":"<p>Actualice su conectividad con nuestro cable de extensi\u00f3n de montaje en panel HDMI en \u00e1ngulo de 45\u00b0 y 8K. Con un conector macho chapado en oro en un extremo y un conector hembra de 45 grados con bloqueo de tornillo M3 niquelado seguro en el otro, la instalaci\u00f3n es muy sencilla.<\/p>\n<p>Con un conductor de cobre desnudo y un calibre de cable de 28+30 AWG, espere una calidad de se\u00f1al de primer nivel. Protegido con papel de aluminio y trenzado, y encerrado en una cubierta de PVC duradera, la confiabilidad est\u00e1 garantizada.<\/p>\n<p>Disfrute de impresionantes resoluciones de v\u00eddeo de hasta 8K a 60 Hz y un incre\u00edble ancho de banda de 48 Gbps. Adem\u00e1s, disfrute de la compatibilidad con v\u00eddeo 3D, Deep Color y xv Color\u2122 para disfrutar de una experiencia verdaderamente inmersiva. \u00a1Mejore su configuraci\u00f3n multimedia hoy!<\/p>\n<p>Sus especificaciones:<\/p>\n<ul>\n<li>Conector 1: HDMI 2.1 macho, chapado en oro<\/li>\n<li>Conector 2: HDMI 2.1 hembra en \u00e1ngulo de 45\u00b0 con bloqueo de rosca, chapado en oro<\/li>\n<li>Tipo de tuerca y tornillo: M3 niquelado<\/li>\n<li>Conductor del cable: Cobre desnudo<\/li>\n<li>Paso de los orificios: 25\u00b11 mm<\/li>\n<li>Calibre del cable: 28+30AWG<\/li>\n<li>Di\u00e1metro exterior: 7,3 mm<\/li>\n<li>Blindaje: Papel de aluminio, trenzado<\/li>\n<li>Carcasa: Moldeo por inyecci\u00f3n<\/li>\n<li>Cubierta: PVC<\/li>\n<li>Ancho de banda de hasta 48 Gbps<\/li>\n<li>Resoluci\u00f3n de v\u00eddeo de hasta 8K@60Hz<\/li>\n<li>V\u00eddeo 3D, Deep Color y x.v. Color\u2122.<\/li>\n<li>Conformidad: RoHS, REACH<\/li>\n<\/ul>","protected":false},"excerpt":{"rendered":"<p>Alta Velocidad 8K 45 \u00b0 \u00e1ngulo HDMI Cable de extensi\u00f3n de montaje en panel, macho a hembra cable adaptador con bloqueo de tornillo, 0.2M<\/p>","protected":false},"featured_media":24262,"template":"","meta":{"_acf_changed":false,"_seopress_robots_primary_cat":"","_seopress_titles_title":"8K 45\u00b0 Angle HDMI Panel Mount Extension Cable- Farsince","_seopress_titles_desc":"","_seopress_robots_index":"","site-sidebar-layout":"default","site-content-layout":"default","ast-site-content-layout":"default","site-content-style":"default","site-sidebar-style":"default","ast-global-header-display":"","ast-banner-title-visibility":"","ast-main-header-display":"","ast-hfb-above-header-display":"","ast-hfb-below-header-display":"","ast-hfb-mobile-header-display":"","site-post-title":"","ast-breadcrumbs-content":"","ast-featured-img":"","footer-sml-layout":"","ast-disable-related-posts":"","theme-transparent-header-meta":"default","adv-header-id-meta":"","stick-header-meta":"","header-above-stick-meta":"","header-main-stick-meta":"","header-below-stick-meta":"","astra-migrate-meta-layouts":"set","ast-page-background-enabled":"default","ast-page-background-meta":{"desktop":{"background-color":"","background-image":"","background-repeat":"repeat","background-position":"center center","background-size":"auto","background-attachment":"scroll","background-type":"","background-media":"","overlay-type":"","overlay-color":"","overlay-opacity":"","overlay-gradient":""},"tablet":{"background-color":"","background-image":"","background-repeat":"repeat","background-position":"center center","background-size":"auto","background-attachment":"scroll","background-type":"","background-media":"","overlay-type":"","overlay-color":"","overlay-opacity":"","overlay-gradient":""},"mobile":{"background-color":"","background-image":"","background-repeat":"repeat","background-position":"center center","background-size":"auto","background-attachment":"scroll","background-type":"","background-media":"","overlay-type":"","overlay-color":"","overlay-opacity":"","overlay-gradient":""}},"ast-content-background-meta":{"desktop":{"background-color":"var(--ast-global-color-5)","background-image":"","background-repeat":"repeat","background-position":"center center","background-size":"auto","background-attachment":"scroll","background-type":"","background-media":"","overlay-type":"","overlay-color":"","overlay-opacity":"","overlay-gradient":""},"tablet":{"background-color":"var(--ast-global-color-5)","background-image":"","background-repeat":"repeat","background-position":"center center","background-size":"auto","background-attachment":"scroll","background-type":"","background-media":"","overlay-type":"","overlay-color":"","overlay-opacity":"","overlay-gradient":""},"mobile":{"background-color":"var(--ast-global-color-5)","background-image":"","background-repeat":"repeat","background-position":"center center","background-size":"auto","background-attachment":"scroll","background-type":"","background-media":"","overlay-type":"","overlay-color":"","overlay-opacity":"","overlay-gradient":""}},"iawp_total_views":9},"product_brand":[],"product_cat":[238,678],"product_tag":[],"class_list":{"0":"post-24260","1":"product","2":"type-product","3":"status-publish","4":"has-post-thumbnail","6":"product_cat-panel-mount","7":"product_cat-panel-mount-cables","8":"desktop-align-left","9":"tablet-align-left","10":"mobile-align-left","12":"first","13":"instock","14":"shipping-taxable","15":"purchasable","16":"product-type-simple"},"acf":[],"_links":{"self":[{"href":"https:\/\/www.fjpremium.com\/es\/wp-json\/wp\/v2\/product\/24260","targetHints":{"allow":["GET"]}}],"collection":[{"href":"https:\/\/www.fjpremium.com\/es\/wp-json\/wp\/v2\/product"}],"about":[{"href":"https:\/\/www.fjpremium.com\/es\/wp-json\/wp\/v2\/types\/product"}],"wp:featuredmedia":[{"embeddable":true,"href":"https:\/\/www.fjpremium.com\/es\/wp-json\/wp\/v2\/media\/24262"}],"wp:attachment":[{"href":"https:\/\/www.fjpremium.com\/es\/wp-json\/wp\/v2\/media?parent=24260"}],"wp:term":[{"taxonomy":"product_brand","embeddable":true,"href":"https:\/\/www.fjpremium.com\/es\/wp-json\/wp\/v2\/product_brand?post=24260"},{"taxonomy":"product_cat","embeddable":true,"href":"https:\/\/www.fjpremium.com\/es\/wp-json\/wp\/v2\/product_cat?post=24260"},{"taxonomy":"product_tag","embeddable":true,"href":"https:\/\/www.fjpremium.com\/es\/wp-json\/wp\/v2\/product_tag?post=24260"}],"curies":[{"name":"wp","href":"https:\/\/api.w.org\/{rel}","templated":true}]}}