{"id":24200,"date":"2023-12-27T10:24:02","date_gmt":"2023-12-27T02:24:02","guid":{"rendered":"https:\/\/www.fjpremium.com\/?post_type=product&#038;p=24200"},"modified":"2023-12-27T11:11:25","modified_gmt":"2023-12-27T03:11:25","slug":"high-speed-hdmi-2-0-cable-4k-60hz","status":"publish","type":"product","link":"https:\/\/www.fjpremium.com\/es\/product\/high-speed-hdmi-2-0-cable-4k-60hz\/","title":{"rendered":"Alta Velocidad Con Ethernet HDMI 2.0 Cable 4K 60Hz"},"content":{"rendered":"<p>El cable HDMI 2.0 de alta velocidad con Ethernet de FARSINCE es ideal para aplicaciones de cine en casa o de audio y v\u00eddeo de sobremesa que requieren funciones HDMI de alta velocidad y resoluciones de v\u00eddeo de hasta 4k@60Hz (2160p). Las capacidades Ethernet del cable permiten al usuario conectar varios dispositivos HDMI habilitados para Ethernet a trav\u00e9s de una \u00fanica conexi\u00f3n Ethernet para acceder a contenidos interactivos en l\u00ednea o actualizar el firmware del dispositivo.<\/p>\n<p>Sus especificaciones:<\/p>\n<ul>\n<li>Conector 1: HDMI 2.0 macho, chapado en oro<\/li>\n<li>Conector 2: HDMI 2.0 macho, chapado en oro<\/li>\n<li>Conductor del cable: Cobre libre de ox\u00edgeno de alta pureza<\/li>\n<li>Calibre del cable: 30AWG(1-3M), 28\/30AWG(5M), 26\/30AWG(7.5-10m), 24\/28AWG( 15M-20M)<\/li>\n<li>Triple apantallamiento: Papel de aluminio de par individual, papel de aluminio global, trenzado<\/li>\n<li>Carcasa: Molde de inyecci\u00f3n<\/li>\n<li>Cubierta: PVC<\/li>\n<li>Admite comandos de control CEC 2.0<\/li>\n<li>Resoluci\u00f3n de hasta 4096 x 2160 a 60 Hz<\/li>\n<li>Transferencia de datos de hasta 18 Gbps<\/li>\n<li>Compatible con Dolby\u00ae TrueHD y DTS-HD Master Audio\u2122, HDR<\/li>\n<li>Contiene canal de retorno de audio (ARC)<\/li>\n<li>Utiliza un nuevo espacio de color avanzado para la presentaci\u00f3n de im\u00e1genes digitales<\/li>\n<li>Conforme: RoHS, REACH<\/li>\n<\/ul>","protected":false},"excerpt":{"rendered":"<p>Cable HDMI 2.0 de alta velocidad con Ethernet, compatible con 4k@60Hz, 3D,ARC, HDR, CEC 2.0, compatible con la relaci\u00f3n de aspecto de cine 21:9.<\/p>","protected":false},"featured_media":24213,"template":"","meta":{"_acf_changed":false,"_seopress_robots_primary_cat":"","_seopress_titles_title":"High Speed With Ethernet HDMI 2.0 Cable 4K 60Hz - Farsince","_seopress_titles_desc":"","_seopress_robots_index":"","site-sidebar-layout":"default","site-content-layout":"default","ast-site-content-layout":"default","site-content-style":"default","site-sidebar-style":"default","ast-global-header-display":"","ast-banner-title-visibility":"","ast-main-header-display":"","ast-hfb-above-header-display":"","ast-hfb-below-header-display":"","ast-hfb-mobile-header-display":"","site-post-title":"","ast-breadcrumbs-content":"","ast-featured-img":"","footer-sml-layout":"","ast-disable-related-posts":"","theme-transparent-header-meta":"default","adv-header-id-meta":"","stick-header-meta":"","header-above-stick-meta":"","header-main-stick-meta":"","header-below-stick-meta":"","astra-migrate-meta-layouts":"set","ast-page-background-enabled":"default","ast-page-background-meta":{"desktop":{"background-color":"","background-image":"","background-repeat":"repeat","background-position":"center center","background-size":"auto","background-attachment":"scroll","background-type":"","background-media":"","overlay-type":"","overlay-color":"","overlay-opacity":"","overlay-gradient":""},"tablet":{"background-color":"","background-image":"","background-repeat":"repeat","background-position":"center center","background-size":"auto","background-attachment":"scroll","background-type":"","background-media":"","overlay-type":"","overlay-color":"","overlay-opacity":"","overlay-gradient":""},"mobile":{"background-color":"","background-image":"","background-repeat":"repeat","background-position":"center center","background-size":"auto","background-attachment":"scroll","background-type":"","background-media":"","overlay-type":"","overlay-color":"","overlay-opacity":"","overlay-gradient":""}},"ast-content-background-meta":{"desktop":{"background-color":"var(--ast-global-color-5)","background-image":"","background-repeat":"repeat","background-position":"center center","background-size":"auto","background-attachment":"scroll","background-type":"","background-media":"","overlay-type":"","overlay-color":"","overlay-opacity":"","overlay-gradient":""},"tablet":{"background-color":"var(--ast-global-color-5)","background-image":"","background-repeat":"repeat","background-position":"center center","background-size":"auto","background-attachment":"scroll","background-type":"","background-media":"","overlay-type":"","overlay-color":"","overlay-opacity":"","overlay-gradient":""},"mobile":{"background-color":"var(--ast-global-color-5)","background-image":"","background-repeat":"repeat","background-position":"center center","background-size":"auto","background-attachment":"scroll","background-type":"","background-media":"","overlay-type":"","overlay-color":"","overlay-opacity":"","overlay-gradient":""}},"iawp_total_views":11},"product_brand":[],"product_cat":[211,638],"product_tag":[],"class_list":{"0":"post-24200","1":"product","2":"type-product","3":"status-publish","4":"has-post-thumbnail","6":"product_cat-hdmi","7":"product_cat-hdmi-cables","8":"desktop-align-left","9":"tablet-align-left","10":"mobile-align-left","12":"first","13":"instock","14":"shipping-taxable","15":"purchasable","16":"product-type-simple"},"acf":[],"_links":{"self":[{"href":"https:\/\/www.fjpremium.com\/es\/wp-json\/wp\/v2\/product\/24200","targetHints":{"allow":["GET"]}}],"collection":[{"href":"https:\/\/www.fjpremium.com\/es\/wp-json\/wp\/v2\/product"}],"about":[{"href":"https:\/\/www.fjpremium.com\/es\/wp-json\/wp\/v2\/types\/product"}],"wp:featuredmedia":[{"embeddable":true,"href":"https:\/\/www.fjpremium.com\/es\/wp-json\/wp\/v2\/media\/24213"}],"wp:attachment":[{"href":"https:\/\/www.fjpremium.com\/es\/wp-json\/wp\/v2\/media?parent=24200"}],"wp:term":[{"taxonomy":"product_brand","embeddable":true,"href":"https:\/\/www.fjpremium.com\/es\/wp-json\/wp\/v2\/product_brand?post=24200"},{"taxonomy":"product_cat","embeddable":true,"href":"https:\/\/www.fjpremium.com\/es\/wp-json\/wp\/v2\/product_cat?post=24200"},{"taxonomy":"product_tag","embeddable":true,"href":"https:\/\/www.fjpremium.com\/es\/wp-json\/wp\/v2\/product_tag?post=24200"}],"curies":[{"name":"wp","href":"https:\/\/api.w.org\/{rel}","templated":true}]}}