{"id":24105,"date":"2023-12-08T10:20:59","date_gmt":"2023-12-08T02:20:59","guid":{"rendered":"https:\/\/www.fjpremium.com\/?post_type=product&#038;p=24105"},"modified":"2023-12-14T13:45:44","modified_gmt":"2023-12-14T05:45:44","slug":"8k-2-1-hdmi-coupler","status":"publish","type":"product","link":"https:\/\/www.fjpremium.com\/es\/product\/8k-2-1-hdmi-coupler\/","title":{"rendered":"Acoplador HDMI 8K 2.1, adaptador HDMI hembra a HDMI hembra"},"content":{"rendered":"<p>FARSINCE Acoplador HDMI 8K 2.1 de alta velocidad, adaptador de hembra a hembra podr\u00eda convertir un HDMI macho en HDMI hembra interfaz y proporciona una soluci\u00f3n conveniente para conectar 2 cables HDMI cortos.<\/p>\n<p>El adaptador HDMI a HDMI chapado en oro resiste la corrosi\u00f3n al tiempo que ofrece una transferencia de se\u00f1al \u00f3ptima.<\/p>\n<p>Sus especificaciones:<\/p>\n<ul>\n<li style=\"list-style-type: none;\">\n<ul>\n<li>Conector1: HDMI A hembra, chapado en oro<\/li>\n<li>Conector2: HDMI A hembra, chapado en oro<\/li>\n<li>Carcasa: Carcasa de aluminio<\/li>\n<li>Velocidad de transferencia de datos de hasta 48 Gbps<\/li>\n<li>Resoluci\u00f3n de hasta 7680 x 4320 a 60 Hz<\/li>\n<li>Admite 1080p HFR (High Frame Rate) 3D<\/li>\n<li>Contiene canal de retorno de audio (ARC)<\/li>\n<li>Conforme: RoHS, REACH<\/li>\n<\/ul>\n<\/li>\n<\/ul>","protected":false},"excerpt":{"rendered":"<p>8K 2.1 HDMI acoplador, acoplador hembra a hembra chapado en oro de alta velocidad HDMI adaptador hembra, ampliar sus dispositivos HDMI mediante la conexi\u00f3n de 2 HDMI macho a macho cables.<\/p>","protected":false},"featured_media":24113,"template":"","meta":{"_acf_changed":false,"_seopress_robots_primary_cat":"","_seopress_titles_title":"8K 2.1 HDMI Coupler, HDMI Female to HDMI Female adapter","_seopress_titles_desc":"","_seopress_robots_index":"","site-sidebar-layout":"default","site-content-layout":"default","ast-site-content-layout":"default","site-content-style":"default","site-sidebar-style":"default","ast-global-header-display":"","ast-banner-title-visibility":"","ast-main-header-display":"","ast-hfb-above-header-display":"","ast-hfb-below-header-display":"","ast-hfb-mobile-header-display":"","site-post-title":"","ast-breadcrumbs-content":"","ast-featured-img":"","footer-sml-layout":"","ast-disable-related-posts":"","theme-transparent-header-meta":"default","adv-header-id-meta":"","stick-header-meta":"","header-above-stick-meta":"","header-main-stick-meta":"","header-below-stick-meta":"","astra-migrate-meta-layouts":"set","ast-page-background-enabled":"default","ast-page-background-meta":{"desktop":{"background-color":"","background-image":"","background-repeat":"repeat","background-position":"center center","background-size":"auto","background-attachment":"scroll","background-type":"","background-media":"","overlay-type":"","overlay-color":"","overlay-opacity":"","overlay-gradient":""},"tablet":{"background-color":"","background-image":"","background-repeat":"repeat","background-position":"center center","background-size":"auto","background-attachment":"scroll","background-type":"","background-media":"","overlay-type":"","overlay-color":"","overlay-opacity":"","overlay-gradient":""},"mobile":{"background-color":"","background-image":"","background-repeat":"repeat","background-position":"center center","background-size":"auto","background-attachment":"scroll","background-type":"","background-media":"","overlay-type":"","overlay-color":"","overlay-opacity":"","overlay-gradient":""}},"ast-content-background-meta":{"desktop":{"background-color":"var(--ast-global-color-5)","background-image":"","background-repeat":"repeat","background-position":"center center","background-size":"auto","background-attachment":"scroll","background-type":"","background-media":"","overlay-type":"","overlay-color":"","overlay-opacity":"","overlay-gradient":""},"tablet":{"background-color":"var(--ast-global-color-5)","background-image":"","background-repeat":"repeat","background-position":"center center","background-size":"auto","background-attachment":"scroll","background-type":"","background-media":"","overlay-type":"","overlay-color":"","overlay-opacity":"","overlay-gradient":""},"mobile":{"background-color":"var(--ast-global-color-5)","background-image":"","background-repeat":"repeat","background-position":"center center","background-size":"auto","background-attachment":"scroll","background-type":"","background-media":"","overlay-type":"","overlay-color":"","overlay-opacity":"","overlay-gradient":""}},"iawp_total_views":8},"product_brand":[],"product_cat":[211,642],"product_tag":[],"class_list":{"0":"post-24105","1":"product","2":"type-product","3":"status-publish","4":"has-post-thumbnail","6":"product_cat-hdmi","7":"product_cat-hdmi-adapters","8":"desktop-align-left","9":"tablet-align-left","10":"mobile-align-left","12":"first","13":"instock","14":"shipping-taxable","15":"purchasable","16":"product-type-simple"},"acf":[],"_links":{"self":[{"href":"https:\/\/www.fjpremium.com\/es\/wp-json\/wp\/v2\/product\/24105","targetHints":{"allow":["GET"]}}],"collection":[{"href":"https:\/\/www.fjpremium.com\/es\/wp-json\/wp\/v2\/product"}],"about":[{"href":"https:\/\/www.fjpremium.com\/es\/wp-json\/wp\/v2\/types\/product"}],"wp:featuredmedia":[{"embeddable":true,"href":"https:\/\/www.fjpremium.com\/es\/wp-json\/wp\/v2\/media\/24113"}],"wp:attachment":[{"href":"https:\/\/www.fjpremium.com\/es\/wp-json\/wp\/v2\/media?parent=24105"}],"wp:term":[{"taxonomy":"product_brand","embeddable":true,"href":"https:\/\/www.fjpremium.com\/es\/wp-json\/wp\/v2\/product_brand?post=24105"},{"taxonomy":"product_cat","embeddable":true,"href":"https:\/\/www.fjpremium.com\/es\/wp-json\/wp\/v2\/product_cat?post=24105"},{"taxonomy":"product_tag","embeddable":true,"href":"https:\/\/www.fjpremium.com\/es\/wp-json\/wp\/v2\/product_tag?post=24105"}],"curies":[{"name":"wp","href":"https:\/\/api.w.org\/{rel}","templated":true}]}}