{"id":24082,"date":"2023-12-08T08:49:25","date_gmt":"2023-12-08T00:49:25","guid":{"rendered":"https:\/\/www.fjpremium.com\/?post_type=product&#038;p=24082"},"modified":"2023-12-14T13:45:46","modified_gmt":"2023-12-14T05:45:46","slug":"4k-hdmi-adapter-ring","status":"publish","type":"product","link":"https:\/\/www.fjpremium.com\/es\/product\/4k-hdmi-adapter-ring\/","title":{"rendered":"Anillo adaptador HDMI 4K, Combinaci\u00f3n libre seg\u00fan sea necesario"},"content":{"rendered":"<p>FARSINCE 4K Adapter Ring with Cable Attachment es una soluci\u00f3n inteligente para mantener todos sus adaptadores juntos de forma sencilla, ordenada y segura. Utilice el anillo adaptador para evitar eficazmente que el adaptador se pierda.<\/p>\n<p>El anillo es ideal para salas de conferencias, hoteles de oficinas o lugares similares donde sea necesario combinar en la misma pantalla dispositivos con distintas tecnolog\u00edas de conectividad.<\/p>\n<p>Sus especificaciones:<\/p>\n<ul>\n<li style=\"list-style-type: none;\">\n<ul>\n<li>Conector1: HDMI A macho<\/li>\n<li>Conector1: HDMI A macho<\/li>\n<li>AdaptadorA: HDMI macho a HDMI hembra<\/li>\n<li>AdaptadorB: Mini HDMI macho a HDMI hembra<\/li>\n<li>AdaptadorC: Micro HDMI macho a HDMI hembra<\/li>\n<li>AdaptadorD: DisplayPort macho a HDMI hembra<\/li>\n<li>AdaptadorE: Mini DisplayPort macho a HDMI hembra<\/li>\n<li>AdaptadorF: USB-C macho a HDMI hembra<\/li>\n<li>Contacto dorado, carcasa dorada<\/li>\n<li>Conductor del cable: Cobre desnudo<\/li>\n<li>Carcasa: Molde de inyecci\u00f3n<\/li>\n<li>Plug and play, no se necesitan controladores<\/li>\n<li>Compatibilidad total con formatos de se\u00f1al digital 720P, 1080iP, 1080P<\/li>\n<li>Conforme: RoHS, REACH<\/li>\n<\/ul>\n<\/li>\n<\/ul>","protected":false},"excerpt":{"rendered":"<p>Anillo adaptador hdmi 4K de alta velocidad, evita eficazmente que el adaptador se pierda al conectar el adaptador al cable y luego bloquearse en el cable.<\/p>","protected":false},"featured_media":24090,"template":"","meta":{"_acf_changed":false,"_seopress_robots_primary_cat":"","_seopress_titles_title":"4K HDMI Adapter Ring, Free combination as needed","_seopress_titles_desc":"","_seopress_robots_index":"","site-sidebar-layout":"default","site-content-layout":"default","ast-site-content-layout":"default","site-content-style":"default","site-sidebar-style":"default","ast-global-header-display":"","ast-banner-title-visibility":"","ast-main-header-display":"","ast-hfb-above-header-display":"","ast-hfb-below-header-display":"","ast-hfb-mobile-header-display":"","site-post-title":"","ast-breadcrumbs-content":"","ast-featured-img":"","footer-sml-layout":"","ast-disable-related-posts":"","theme-transparent-header-meta":"default","adv-header-id-meta":"","stick-header-meta":"","header-above-stick-meta":"","header-main-stick-meta":"","header-below-stick-meta":"","astra-migrate-meta-layouts":"set","ast-page-background-enabled":"default","ast-page-background-meta":{"desktop":{"background-color":"","background-image":"","background-repeat":"repeat","background-position":"center center","background-size":"auto","background-attachment":"scroll","background-type":"","background-media":"","overlay-type":"","overlay-color":"","overlay-opacity":"","overlay-gradient":""},"tablet":{"background-color":"","background-image":"","background-repeat":"repeat","background-position":"center center","background-size":"auto","background-attachment":"scroll","background-type":"","background-media":"","overlay-type":"","overlay-color":"","overlay-opacity":"","overlay-gradient":""},"mobile":{"background-color":"","background-image":"","background-repeat":"repeat","background-position":"center center","background-size":"auto","background-attachment":"scroll","background-type":"","background-media":"","overlay-type":"","overlay-color":"","overlay-opacity":"","overlay-gradient":""}},"ast-content-background-meta":{"desktop":{"background-color":"var(--ast-global-color-5)","background-image":"","background-repeat":"repeat","background-position":"center center","background-size":"auto","background-attachment":"scroll","background-type":"","background-media":"","overlay-type":"","overlay-color":"","overlay-opacity":"","overlay-gradient":""},"tablet":{"background-color":"var(--ast-global-color-5)","background-image":"","background-repeat":"repeat","background-position":"center center","background-size":"auto","background-attachment":"scroll","background-type":"","background-media":"","overlay-type":"","overlay-color":"","overlay-opacity":"","overlay-gradient":""},"mobile":{"background-color":"var(--ast-global-color-5)","background-image":"","background-repeat":"repeat","background-position":"center center","background-size":"auto","background-attachment":"scroll","background-type":"","background-media":"","overlay-type":"","overlay-color":"","overlay-opacity":"","overlay-gradient":""}},"iawp_total_views":8},"product_brand":[],"product_cat":[211,642],"product_tag":[],"class_list":{"0":"post-24082","1":"product","2":"type-product","3":"status-publish","4":"has-post-thumbnail","6":"product_cat-hdmi","7":"product_cat-hdmi-adapters","8":"desktop-align-left","9":"tablet-align-left","10":"mobile-align-left","12":"first","13":"instock","14":"shipping-taxable","15":"purchasable","16":"product-type-simple"},"acf":[],"_links":{"self":[{"href":"https:\/\/www.fjpremium.com\/es\/wp-json\/wp\/v2\/product\/24082","targetHints":{"allow":["GET"]}}],"collection":[{"href":"https:\/\/www.fjpremium.com\/es\/wp-json\/wp\/v2\/product"}],"about":[{"href":"https:\/\/www.fjpremium.com\/es\/wp-json\/wp\/v2\/types\/product"}],"wp:featuredmedia":[{"embeddable":true,"href":"https:\/\/www.fjpremium.com\/es\/wp-json\/wp\/v2\/media\/24090"}],"wp:attachment":[{"href":"https:\/\/www.fjpremium.com\/es\/wp-json\/wp\/v2\/media?parent=24082"}],"wp:term":[{"taxonomy":"product_brand","embeddable":true,"href":"https:\/\/www.fjpremium.com\/es\/wp-json\/wp\/v2\/product_brand?post=24082"},{"taxonomy":"product_cat","embeddable":true,"href":"https:\/\/www.fjpremium.com\/es\/wp-json\/wp\/v2\/product_cat?post=24082"},{"taxonomy":"product_tag","embeddable":true,"href":"https:\/\/www.fjpremium.com\/es\/wp-json\/wp\/v2\/product_tag?post=24082"}],"curies":[{"name":"wp","href":"https:\/\/api.w.org\/{rel}","templated":true}]}}