{"id":24022,"date":"2023-12-07T14:42:34","date_gmt":"2023-12-07T06:42:34","guid":{"rendered":"https:\/\/www.fjpremium.com\/?post_type=product&#038;p=24022"},"modified":"2023-12-14T13:51:07","modified_gmt":"2023-12-14T05:51:07","slug":"hdmi-e-to-hdmi-a-snap-on-cable","status":"publish","type":"product","link":"https:\/\/www.fjpremium.com\/es\/product\/hdmi-e-to-hdmi-a-snap-on-cable\/","title":{"rendered":"HDMI E macho a HDMI A hembra Snap on Cable"},"content":{"rendered":"<p>FARSINCE Cables HDMI E macho a HDMI A hembra Snap on se utilizan para conectar pantallas con conectores HDMI-E para autom\u00f3viles al sistema multimedia del veh\u00edculo. Transmite se\u00f1ales de v\u00eddeo y audio.<\/p>\n<p>El conector HDMI-E tiene un mecanismo de bloqueo y se ha desarrollado especialmente para cumplir los requisitos del sector de la automoci\u00f3n. Soporta bien las fluctuaciones de temperatura y las vibraciones e impide la entrada de<span style=\"font-size: 16px;\"> polvo o humedad.<\/span><\/p>\n<p>Sus especificaciones:<\/p>\n<ul>\n<li>Conector1: HDMI tipo A hembra Snap on, chapado en oro<\/li>\n<li>Conector2: HDMI tipo E macho Snap on, chapado en oro<\/li>\n<li>Conductor del cable: Cobre desnudo<\/li>\n<li>Calibre del cable: 30AWG<\/li>\n<li>Triple apantallamiento: Papel de aluminio de par individual, papel de aluminio global, trenzado<\/li>\n<li>Cubierta: PVC<\/li>\n<li>Carcasa: Molde de inyecci\u00f3n<\/li>\n<li>Velocidad de transferencia de datos de hasta 10,2 Gbps<\/li>\n<li>Admite resoluciones de hasta 3840\u00d72160 @60Hz<\/li>\n<li>Compatible con Dolby\u00ae TrueHD y DTS-HD Master Audio\u2122.<\/li>\n<li>Conforme: RoHS, REACH<\/li>\n<\/ul>","protected":false},"excerpt":{"rendered":"<p>HDMI E macho a HDMI A hembra Snap en veh\u00edculo audio video Cable. Admite resoluciones de hasta 4K@60 Hz.<\/p>","protected":false},"featured_media":24028,"template":"","meta":{"_acf_changed":false,"_seopress_robots_primary_cat":"","_seopress_titles_title":"HDMI E Cable, HDMI E male to HDMI A female Snap on Cable- Farsince","_seopress_titles_desc":"","_seopress_robots_index":"","site-sidebar-layout":"default","site-content-layout":"default","ast-site-content-layout":"default","site-content-style":"default","site-sidebar-style":"default","ast-global-header-display":"","ast-banner-title-visibility":"","ast-main-header-display":"","ast-hfb-above-header-display":"","ast-hfb-below-header-display":"","ast-hfb-mobile-header-display":"","site-post-title":"","ast-breadcrumbs-content":"","ast-featured-img":"","footer-sml-layout":"","ast-disable-related-posts":"","theme-transparent-header-meta":"default","adv-header-id-meta":"","stick-header-meta":"","header-above-stick-meta":"","header-main-stick-meta":"","header-below-stick-meta":"","astra-migrate-meta-layouts":"set","ast-page-background-enabled":"default","ast-page-background-meta":{"desktop":{"background-color":"","background-image":"","background-repeat":"repeat","background-position":"center center","background-size":"auto","background-attachment":"scroll","background-type":"","background-media":"","overlay-type":"","overlay-color":"","overlay-opacity":"","overlay-gradient":""},"tablet":{"background-color":"","background-image":"","background-repeat":"repeat","background-position":"center center","background-size":"auto","background-attachment":"scroll","background-type":"","background-media":"","overlay-type":"","overlay-color":"","overlay-opacity":"","overlay-gradient":""},"mobile":{"background-color":"","background-image":"","background-repeat":"repeat","background-position":"center center","background-size":"auto","background-attachment":"scroll","background-type":"","background-media":"","overlay-type":"","overlay-color":"","overlay-opacity":"","overlay-gradient":""}},"ast-content-background-meta":{"desktop":{"background-color":"var(--ast-global-color-5)","background-image":"","background-repeat":"repeat","background-position":"center center","background-size":"auto","background-attachment":"scroll","background-type":"","background-media":"","overlay-type":"","overlay-color":"","overlay-opacity":"","overlay-gradient":""},"tablet":{"background-color":"var(--ast-global-color-5)","background-image":"","background-repeat":"repeat","background-position":"center center","background-size":"auto","background-attachment":"scroll","background-type":"","background-media":"","overlay-type":"","overlay-color":"","overlay-opacity":"","overlay-gradient":""},"mobile":{"background-color":"var(--ast-global-color-5)","background-image":"","background-repeat":"repeat","background-position":"center center","background-size":"auto","background-attachment":"scroll","background-type":"","background-media":"","overlay-type":"","overlay-color":"","overlay-opacity":"","overlay-gradient":""}},"iawp_total_views":8},"product_brand":[],"product_cat":[211,638],"product_tag":[],"class_list":{"0":"post-24022","1":"product","2":"type-product","3":"status-publish","4":"has-post-thumbnail","6":"product_cat-hdmi","7":"product_cat-hdmi-cables","8":"desktop-align-left","9":"tablet-align-left","10":"mobile-align-left","12":"first","13":"instock","14":"shipping-taxable","15":"purchasable","16":"product-type-simple"},"acf":[],"_links":{"self":[{"href":"https:\/\/www.fjpremium.com\/es\/wp-json\/wp\/v2\/product\/24022","targetHints":{"allow":["GET"]}}],"collection":[{"href":"https:\/\/www.fjpremium.com\/es\/wp-json\/wp\/v2\/product"}],"about":[{"href":"https:\/\/www.fjpremium.com\/es\/wp-json\/wp\/v2\/types\/product"}],"wp:featuredmedia":[{"embeddable":true,"href":"https:\/\/www.fjpremium.com\/es\/wp-json\/wp\/v2\/media\/24028"}],"wp:attachment":[{"href":"https:\/\/www.fjpremium.com\/es\/wp-json\/wp\/v2\/media?parent=24022"}],"wp:term":[{"taxonomy":"product_brand","embeddable":true,"href":"https:\/\/www.fjpremium.com\/es\/wp-json\/wp\/v2\/product_brand?post=24022"},{"taxonomy":"product_cat","embeddable":true,"href":"https:\/\/www.fjpremium.com\/es\/wp-json\/wp\/v2\/product_cat?post=24022"},{"taxonomy":"product_tag","embeddable":true,"href":"https:\/\/www.fjpremium.com\/es\/wp-json\/wp\/v2\/product_tag?post=24022"}],"curies":[{"name":"wp","href":"https:\/\/api.w.org\/{rel}","templated":true}]}}