{"id":23993,"date":"2023-12-07T11:25:18","date_gmt":"2023-12-07T03:25:18","guid":{"rendered":"https:\/\/www.fjpremium.com\/?post_type=product&#038;p=23993"},"modified":"2023-12-14T13:51:10","modified_gmt":"2023-12-14T05:51:10","slug":"mini-hdmi-to-hdmi-vga-adapter","status":"publish","type":"product","link":"https:\/\/www.fjpremium.com\/es\/product\/mini-hdmi-to-hdmi-vga-adapter\/","title":{"rendered":"Adaptador HDMI 2 en 1, Adaptador Mini HDMI a HDMI VGA"},"content":{"rendered":"<p>FARSINCE Mini HDMI a HDMI VGA Adaptador soporta la duplicaci\u00f3n de pantalla de ordenador port\u00e1til \/ de escritorio a 2 TV externa \/ proyector \/ monitor a trav\u00e9s de HDMI y VGA puerto macho. Usted puede obtener una pantalla m\u00e1s grande y el espacio de oficina, una buena opci\u00f3n para el an\u00e1lisis de datos, producci\u00f3n de v\u00eddeo, la educaci\u00f3n en l\u00ednea, oficina en casa.<\/p>\n<p>Adaptador HDMI 2 en 1 Admite el modo espejo y admite una resoluci\u00f3n de alta definici\u00f3n de hasta 4K@30hz (HDMI) y 1920\u00d71080@60 (VGA).<!-- notionvc: d9c15d79-4891-45a8-8a22-7ae2c3a1195d --><\/p>\n<p>Sus especificaciones:<\/p>\n<ul>\n<li>Entrada: HDMI-C macho de alta velocidad, chapado en oro<\/li>\n<li>Salida: VGA hembra de 15 patillas con tuercas de rosca, HDMI hembra, chapado en oro<\/li>\n<li>Conductor del cable: Cobre desnudo<\/li>\n<li>Calibre del cable: 32AWG<\/li>\n<li>Longitud del cable: 25 cm<\/li>\n<li>Triple apantallamiento: Papel de aluminio de par individual, papel de aluminio global, trenzado<\/li>\n<li>Cubierta: PVC<\/li>\n<li>Carcasa: Carcasa ABS<\/li>\n<li>Soporta salida de v\u00eddeo en VGA:1920*1080@60Hz(Max), en HDMI 4K@30hz<\/li>\n<li>Incorpora un chip IC activo para lograr una mayor compatibilidad<\/li>\n<li>Conforme: RoHS, REACH<\/li>\n<\/ul>","protected":false},"excerpt":{"rendered":"<p>2 en 1 Adaptador HDMI, Mini HDMI a HDMI VGA divisor es conveniente para conectar la pantalla externa y proyector a HDMI port\u00e1til, ordenador, PC.<\/p>","protected":false},"featured_media":23994,"template":"","meta":{"_acf_changed":false,"_seopress_robots_primary_cat":"","_seopress_titles_title":"2 in 1 HDMI Adapter, Mini HDMI to HDMI VGA Adapter-FARSINCE","_seopress_titles_desc":"","_seopress_robots_index":"","site-sidebar-layout":"default","site-content-layout":"default","ast-site-content-layout":"default","site-content-style":"default","site-sidebar-style":"default","ast-global-header-display":"","ast-banner-title-visibility":"","ast-main-header-display":"","ast-hfb-above-header-display":"","ast-hfb-below-header-display":"","ast-hfb-mobile-header-display":"","site-post-title":"","ast-breadcrumbs-content":"","ast-featured-img":"","footer-sml-layout":"","ast-disable-related-posts":"","theme-transparent-header-meta":"default","adv-header-id-meta":"","stick-header-meta":"","header-above-stick-meta":"","header-main-stick-meta":"","header-below-stick-meta":"","astra-migrate-meta-layouts":"set","ast-page-background-enabled":"default","ast-page-background-meta":{"desktop":{"background-color":"","background-image":"","background-repeat":"repeat","background-position":"center center","background-size":"auto","background-attachment":"scroll","background-type":"","background-media":"","overlay-type":"","overlay-color":"","overlay-opacity":"","overlay-gradient":""},"tablet":{"background-color":"","background-image":"","background-repeat":"repeat","background-position":"center center","background-size":"auto","background-attachment":"scroll","background-type":"","background-media":"","overlay-type":"","overlay-color":"","overlay-opacity":"","overlay-gradient":""},"mobile":{"background-color":"","background-image":"","background-repeat":"repeat","background-position":"center center","background-size":"auto","background-attachment":"scroll","background-type":"","background-media":"","overlay-type":"","overlay-color":"","overlay-opacity":"","overlay-gradient":""}},"ast-content-background-meta":{"desktop":{"background-color":"var(--ast-global-color-5)","background-image":"","background-repeat":"repeat","background-position":"center center","background-size":"auto","background-attachment":"scroll","background-type":"","background-media":"","overlay-type":"","overlay-color":"","overlay-opacity":"","overlay-gradient":""},"tablet":{"background-color":"var(--ast-global-color-5)","background-image":"","background-repeat":"repeat","background-position":"center center","background-size":"auto","background-attachment":"scroll","background-type":"","background-media":"","overlay-type":"","overlay-color":"","overlay-opacity":"","overlay-gradient":""},"mobile":{"background-color":"var(--ast-global-color-5)","background-image":"","background-repeat":"repeat","background-position":"center center","background-size":"auto","background-attachment":"scroll","background-type":"","background-media":"","overlay-type":"","overlay-color":"","overlay-opacity":"","overlay-gradient":""}},"iawp_total_views":6},"product_brand":[],"product_cat":[460,211,638],"product_tag":[],"class_list":{"0":"post-23993","1":"product","2":"type-product","3":"status-publish","4":"has-post-thumbnail","6":"product_cat-featured-products","7":"product_cat-hdmi","8":"product_cat-hdmi-cables","9":"desktop-align-left","10":"tablet-align-left","11":"mobile-align-left","13":"first","14":"instock","15":"shipping-taxable","16":"purchasable","17":"product-type-simple"},"acf":[],"_links":{"self":[{"href":"https:\/\/www.fjpremium.com\/es\/wp-json\/wp\/v2\/product\/23993","targetHints":{"allow":["GET"]}}],"collection":[{"href":"https:\/\/www.fjpremium.com\/es\/wp-json\/wp\/v2\/product"}],"about":[{"href":"https:\/\/www.fjpremium.com\/es\/wp-json\/wp\/v2\/types\/product"}],"wp:featuredmedia":[{"embeddable":true,"href":"https:\/\/www.fjpremium.com\/es\/wp-json\/wp\/v2\/media\/23994"}],"wp:attachment":[{"href":"https:\/\/www.fjpremium.com\/es\/wp-json\/wp\/v2\/media?parent=23993"}],"wp:term":[{"taxonomy":"product_brand","embeddable":true,"href":"https:\/\/www.fjpremium.com\/es\/wp-json\/wp\/v2\/product_brand?post=23993"},{"taxonomy":"product_cat","embeddable":true,"href":"https:\/\/www.fjpremium.com\/es\/wp-json\/wp\/v2\/product_cat?post=23993"},{"taxonomy":"product_tag","embeddable":true,"href":"https:\/\/www.fjpremium.com\/es\/wp-json\/wp\/v2\/product_tag?post=23993"}],"curies":[{"name":"wp","href":"https:\/\/api.w.org\/{rel}","templated":true}]}}