{"id":23979,"date":"2023-12-07T10:40:20","date_gmt":"2023-12-07T02:40:20","guid":{"rendered":"https:\/\/www.fjpremium.com\/?post_type=product&#038;p=23979"},"modified":"2023-12-14T13:51:11","modified_gmt":"2023-12-14T05:51:11","slug":"micro-hdmi-to-hdmi-adapter-cable","status":"publish","type":"product","link":"https:\/\/www.fjpremium.com\/es\/product\/micro-hdmi-to-hdmi-adapter-cable\/","title":{"rendered":"Cable adaptador de micro HDMI a HDMI, macho a hembra"},"content":{"rendered":"<p>El cable adaptador de micro HDMI a HDMI de FARSINCE cumple la norma HDMI m\u00e1s reciente y combina una r\u00e1pida transferencia de datos, as\u00ed como conexi\u00f3n de audio\/v\u00eddeo e Internet. El conector micro HDMI-D est\u00e1 especialmente dise\u00f1ado para la \u00faltima generaci\u00f3n de tel\u00e9fonos m\u00f3viles y el extremo de las c\u00e1maras digitales se puede utilizar para la transferencia de datos, por ejemplo, v\u00eddeos, im\u00e1genes, etc. Adem\u00e1s, puede conectar su tel\u00e9fono m\u00f3vil con funci\u00f3n de Internet a su televisor para visualizar la imagen de Internet en una pantalla m\u00e1s grande.<\/p>\n<p>Sus especificaciones:<\/p>\n<ul>\n<li>Conector 1: HDMI hembra, chapado en oro<\/li>\n<li>Conector 2: Micro HDMI macho, chapado en oro<\/li>\n<li>Conductor del cable: Cobre libre de ox\u00edgeno de alta pureza<\/li>\n<li>Calibre del cable: 32AWG<\/li>\n<li>Triple apantallamiento: Papel de aluminio de par individual, papel de aluminio global, trenzado<\/li>\n<li>Cubierta: PVC<\/li>\n<li>Carcasa: Molde de inyecci\u00f3n<\/li>\n<li>Admite resoluciones m\u00e1ximas de 4K 60Hz, 1440p, 1080p, 1080i, 720p, 480p y 480i<\/li>\n<li>Admite 3D, canal Ethernet y canal de retorno de audio<\/li>\n<li>Compatible con True HD Dolby 7.1 y DTS-HD Master Audio<\/li>\n<li>Conforme: RoHS, REACH<\/li>\n<\/ul>","protected":false},"excerpt":{"rendered":"<p>Micro HDMI a HDMI Cable Adaptador 4K 60Hz Ethernet Audio Retorno Compatible para GoPro Hero 7 Negro Hero 5 4 6, Raspberry Pi 4, Sony A6000 A6300 C\u00e1mara, Nikon B500, Lenovo Yoga 3 Pro, Yoga 710.<\/p>","protected":false},"featured_media":23980,"template":"","meta":{"_acf_changed":false,"_seopress_robots_primary_cat":"","_seopress_titles_title":"Micro HDMI to HDMI Adapter Cable, Male to Female - FARSINCE","_seopress_titles_desc":"","_seopress_robots_index":"","site-sidebar-layout":"default","site-content-layout":"default","ast-site-content-layout":"default","site-content-style":"default","site-sidebar-style":"default","ast-global-header-display":"","ast-banner-title-visibility":"","ast-main-header-display":"","ast-hfb-above-header-display":"","ast-hfb-below-header-display":"","ast-hfb-mobile-header-display":"","site-post-title":"","ast-breadcrumbs-content":"","ast-featured-img":"","footer-sml-layout":"","ast-disable-related-posts":"","theme-transparent-header-meta":"default","adv-header-id-meta":"","stick-header-meta":"","header-above-stick-meta":"","header-main-stick-meta":"","header-below-stick-meta":"","astra-migrate-meta-layouts":"set","ast-page-background-enabled":"default","ast-page-background-meta":{"desktop":{"background-color":"","background-image":"","background-repeat":"repeat","background-position":"center center","background-size":"auto","background-attachment":"scroll","background-type":"","background-media":"","overlay-type":"","overlay-color":"","overlay-opacity":"","overlay-gradient":""},"tablet":{"background-color":"","background-image":"","background-repeat":"repeat","background-position":"center center","background-size":"auto","background-attachment":"scroll","background-type":"","background-media":"","overlay-type":"","overlay-color":"","overlay-opacity":"","overlay-gradient":""},"mobile":{"background-color":"","background-image":"","background-repeat":"repeat","background-position":"center center","background-size":"auto","background-attachment":"scroll","background-type":"","background-media":"","overlay-type":"","overlay-color":"","overlay-opacity":"","overlay-gradient":""}},"ast-content-background-meta":{"desktop":{"background-color":"var(--ast-global-color-5)","background-image":"","background-repeat":"repeat","background-position":"center center","background-size":"auto","background-attachment":"scroll","background-type":"","background-media":"","overlay-type":"","overlay-color":"","overlay-opacity":"","overlay-gradient":""},"tablet":{"background-color":"var(--ast-global-color-5)","background-image":"","background-repeat":"repeat","background-position":"center center","background-size":"auto","background-attachment":"scroll","background-type":"","background-media":"","overlay-type":"","overlay-color":"","overlay-opacity":"","overlay-gradient":""},"mobile":{"background-color":"var(--ast-global-color-5)","background-image":"","background-repeat":"repeat","background-position":"center center","background-size":"auto","background-attachment":"scroll","background-type":"","background-media":"","overlay-type":"","overlay-color":"","overlay-opacity":"","overlay-gradient":""}},"iawp_total_views":10},"product_brand":[],"product_cat":[211,638],"product_tag":[],"class_list":{"0":"post-23979","1":"product","2":"type-product","3":"status-publish","4":"has-post-thumbnail","6":"product_cat-hdmi","7":"product_cat-hdmi-cables","8":"desktop-align-left","9":"tablet-align-left","10":"mobile-align-left","12":"first","13":"instock","14":"shipping-taxable","15":"purchasable","16":"product-type-simple"},"acf":[],"_links":{"self":[{"href":"https:\/\/www.fjpremium.com\/es\/wp-json\/wp\/v2\/product\/23979","targetHints":{"allow":["GET"]}}],"collection":[{"href":"https:\/\/www.fjpremium.com\/es\/wp-json\/wp\/v2\/product"}],"about":[{"href":"https:\/\/www.fjpremium.com\/es\/wp-json\/wp\/v2\/types\/product"}],"wp:featuredmedia":[{"embeddable":true,"href":"https:\/\/www.fjpremium.com\/es\/wp-json\/wp\/v2\/media\/23980"}],"wp:attachment":[{"href":"https:\/\/www.fjpremium.com\/es\/wp-json\/wp\/v2\/media?parent=23979"}],"wp:term":[{"taxonomy":"product_brand","embeddable":true,"href":"https:\/\/www.fjpremium.com\/es\/wp-json\/wp\/v2\/product_brand?post=23979"},{"taxonomy":"product_cat","embeddable":true,"href":"https:\/\/www.fjpremium.com\/es\/wp-json\/wp\/v2\/product_cat?post=23979"},{"taxonomy":"product_tag","embeddable":true,"href":"https:\/\/www.fjpremium.com\/es\/wp-json\/wp\/v2\/product_tag?post=23979"}],"curies":[{"name":"wp","href":"https:\/\/api.w.org\/{rel}","templated":true}]}}