{"id":23965,"date":"2023-12-07T10:04:37","date_gmt":"2023-12-07T02:04:37","guid":{"rendered":"https:\/\/www.fjpremium.com\/?post_type=product&#038;p=23965"},"modified":"2023-12-14T13:51:13","modified_gmt":"2023-12-14T05:51:13","slug":"angle-hdmi-cable-4k","status":"publish","type":"product","link":"https:\/\/www.fjpremium.com\/es\/product\/angle-hdmi-cable-4k\/","title":{"rendered":"\u00c1ngulo HDMI Cable 4K, HDMI 2.0 M \/ F Cable de extensi\u00f3n"},"content":{"rendered":"<p>El cable de extensi\u00f3n Ethernet HDMI de alta velocidad de FARSINCE cumple con el est\u00e1ndar HDMI 2.0 y combina una r\u00e1pida transferencia de datos con conexiones de audio\/v\u00eddeo y Ethernet. Este cable HDMI 4K extiende su puerto HDMI y se puede utilizar para conectar dispositivos como PC o unidad de DVD \/ Blu-ray a un monitor o TV y soporta resoluciones de alta definici\u00f3n de hasta 4096 x 2160 @ 60 Hz.<\/p>\n<p>Los dise\u00f1os en \u00e1ngulo de 90 y 270 grados ofrecen posibilidades de conexi\u00f3n en espacios reducidos<\/p>\n<p><!-- notionvc: 1a43a930-3921-422c-8297-9f19f4840efd --><\/p>\n<p>Sus especificaciones:<\/p>\n<ul>\n<li>Conector 1: HDMI 2.0 macho en \u00e1ngulo, chapado en oro<\/li>\n<li>Conector 2: HDMI 2.0 hembra, chapado en oro<\/li>\n<li>Conductor del cable: Cobre libre de ox\u00edgeno de alta pureza<\/li>\n<li>Calibre del cable: 30AWG<\/li>\n<li>Triple apantallamiento: Papel de aluminio de par individual, papel de aluminio global, trenzado<\/li>\n<li>Cubierta: PVC<\/li>\n<li>Carcasa: Molde de inyecci\u00f3n<\/li>\n<li>Tipos de \u00e1ngulo disponibles: izquierda, derecha, arriba y abajo<\/li>\n<li>Velocidad de transferencia de datos de hasta 18 Gbps<\/li>\n<li>Admite una resoluci\u00f3n de hasta 4096 x 2160 a 60 Hz<\/li>\n<li>Hasta 120 Hz de frecuencia de refresco<\/li>\n<li>Admite comandos de control CEC 2.0<\/li>\n<li>Compatible con HDR, HEC, ARC, 3D, Dolby\u00ae TrueHD y DTS-HD Master Audio\u2122.<\/li>\n<li>Conforme: RoHS, REACH<\/li>\n<\/ul>","protected":false},"excerpt":{"rendered":"<p>Cable hdmi angular 4K Ampl\u00ede la conexi\u00f3n HDMI entre su televisor Ultra 4K (UHD TV), HDTV, monitor o proyector y el dispositivo fuente HDMI.<\/p>","protected":false},"featured_media":23969,"template":"","meta":{"_acf_changed":false,"_seopress_robots_primary_cat":"","_seopress_titles_title":"Angle HDMI Cable 4K-FARSINCE","_seopress_titles_desc":"Angle hdmi cable 4K Extend the HDMI connection between your Ultra 4K TV (UHD TV), HDTV, Monitor or Projector and HDMI source device.","_seopress_robots_index":"","site-sidebar-layout":"default","site-content-layout":"default","ast-site-content-layout":"default","site-content-style":"default","site-sidebar-style":"default","ast-global-header-display":"","ast-banner-title-visibility":"","ast-main-header-display":"","ast-hfb-above-header-display":"","ast-hfb-below-header-display":"","ast-hfb-mobile-header-display":"","site-post-title":"","ast-breadcrumbs-content":"","ast-featured-img":"","footer-sml-layout":"","ast-disable-related-posts":"","theme-transparent-header-meta":"default","adv-header-id-meta":"","stick-header-meta":"","header-above-stick-meta":"","header-main-stick-meta":"","header-below-stick-meta":"","astra-migrate-meta-layouts":"set","ast-page-background-enabled":"default","ast-page-background-meta":{"desktop":{"background-color":"","background-image":"","background-repeat":"repeat","background-position":"center center","background-size":"auto","background-attachment":"scroll","background-type":"","background-media":"","overlay-type":"","overlay-color":"","overlay-opacity":"","overlay-gradient":""},"tablet":{"background-color":"","background-image":"","background-repeat":"repeat","background-position":"center center","background-size":"auto","background-attachment":"scroll","background-type":"","background-media":"","overlay-type":"","overlay-color":"","overlay-opacity":"","overlay-gradient":""},"mobile":{"background-color":"","background-image":"","background-repeat":"repeat","background-position":"center center","background-size":"auto","background-attachment":"scroll","background-type":"","background-media":"","overlay-type":"","overlay-color":"","overlay-opacity":"","overlay-gradient":""}},"ast-content-background-meta":{"desktop":{"background-color":"var(--ast-global-color-5)","background-image":"","background-repeat":"repeat","background-position":"center center","background-size":"auto","background-attachment":"scroll","background-type":"","background-media":"","overlay-type":"","overlay-color":"","overlay-opacity":"","overlay-gradient":""},"tablet":{"background-color":"var(--ast-global-color-5)","background-image":"","background-repeat":"repeat","background-position":"center center","background-size":"auto","background-attachment":"scroll","background-type":"","background-media":"","overlay-type":"","overlay-color":"","overlay-opacity":"","overlay-gradient":""},"mobile":{"background-color":"var(--ast-global-color-5)","background-image":"","background-repeat":"repeat","background-position":"center center","background-size":"auto","background-attachment":"scroll","background-type":"","background-media":"","overlay-type":"","overlay-color":"","overlay-opacity":"","overlay-gradient":""}},"iawp_total_views":3},"product_brand":[],"product_cat":[211,638],"product_tag":[],"class_list":{"0":"post-23965","1":"product","2":"type-product","3":"status-publish","4":"has-post-thumbnail","6":"product_cat-hdmi","7":"product_cat-hdmi-cables","8":"desktop-align-left","9":"tablet-align-left","10":"mobile-align-left","12":"first","13":"instock","14":"shipping-taxable","15":"purchasable","16":"product-type-simple"},"acf":[],"_links":{"self":[{"href":"https:\/\/www.fjpremium.com\/es\/wp-json\/wp\/v2\/product\/23965","targetHints":{"allow":["GET"]}}],"collection":[{"href":"https:\/\/www.fjpremium.com\/es\/wp-json\/wp\/v2\/product"}],"about":[{"href":"https:\/\/www.fjpremium.com\/es\/wp-json\/wp\/v2\/types\/product"}],"wp:featuredmedia":[{"embeddable":true,"href":"https:\/\/www.fjpremium.com\/es\/wp-json\/wp\/v2\/media\/23969"}],"wp:attachment":[{"href":"https:\/\/www.fjpremium.com\/es\/wp-json\/wp\/v2\/media?parent=23965"}],"wp:term":[{"taxonomy":"product_brand","embeddable":true,"href":"https:\/\/www.fjpremium.com\/es\/wp-json\/wp\/v2\/product_brand?post=23965"},{"taxonomy":"product_cat","embeddable":true,"href":"https:\/\/www.fjpremium.com\/es\/wp-json\/wp\/v2\/product_cat?post=23965"},{"taxonomy":"product_tag","embeddable":true,"href":"https:\/\/www.fjpremium.com\/es\/wp-json\/wp\/v2\/product_tag?post=23965"}],"curies":[{"name":"wp","href":"https:\/\/api.w.org\/{rel}","templated":true}]}}