{"id":23963,"date":"2023-12-07T09:21:06","date_gmt":"2023-12-07T01:21:06","guid":{"rendered":"https:\/\/www.fjpremium.com\/?post_type=product&#038;p=23963"},"modified":"2023-12-14T13:51:13","modified_gmt":"2023-12-14T05:51:13","slug":"8k-hdmi-2-1-extension-cable","status":"publish","type":"product","link":"https:\/\/www.fjpremium.com\/es\/product\/8k-hdmi-2-1-extension-cable\/","title":{"rendered":"Mejor cable alargador HDMI 2.1 8K"},"content":{"rendered":"<p>El cable de extensi\u00f3n HDMI 2.1 de alta velocidad con Ethernet de FARSINCE cumple con el \u00faltimo est\u00e1ndar HDMI y combina una r\u00e1pida transferencia de datos, as\u00ed como conexi\u00f3n de audio\/v\u00eddeo y Ethernet. El cable ampl\u00eda su interfaz HDMI y se puede utilizar para la conexi\u00f3n de dispositivos, por ejemplo, PC o o unidad de DVD \/ Blu-ray a un monitor o TV. soportar hasta 8K @ 60Hz de resoluci\u00f3n de v\u00eddeo, La interfaz HDMI-A es compatible hacia abajo con sus precursores y le permite utilizar sus dispositivos existentes.<\/p>\n<p>Sus especificaciones:<\/p>\n<ul>\n<li>Conector 1: HDMI 2.1 Macho<\/li>\n<li>Conector 2: HDMI 2.1 hembra<\/li>\n<li>Conductor del cable: Cobre libre de ox\u00edgeno de alta pureza<\/li>\n<li>Calibre del cable: 28+30AWG<\/li>\n<li>Triple apantallamiento: Papel de aluminio de par individual, papel de aluminio global, trenzado<\/li>\n<li>Cubierta: PVC<\/li>\n<li>Carcasa: Carcasa de aluminio<\/li>\n<li>Velocidad de transferencia de datos de hasta 48 Gbps<\/li>\n<li>Resoluci\u00f3n de hasta 7680 x 4320 a 60 Hz \/ 5120 x 2880 a 120 Hz \/ 3840 x 2160 a 240 Hz<\/li>\n<li>Compatibilidad 3D: hasta 3840 x 2160 a 120 Hz<\/li>\n<li>Admite Display Stream Compression 1.2 (DSC), Dolby\u00ae Vision, HDR din\u00e1mico, VRR en modo de juego, eARC<\/li>\n<li>Compatible con Dolby\u00ae TrueHD y DTS-HD Master Audio\u2122.<\/li>\n<li>Admite comandos de control CEC 2.0<\/li>\n<li>Conforme: RoHS, REACH<\/li>\n<\/ul>","protected":false},"excerpt":{"rendered":"<p>8K HDMI 2.1 Cable de extensi\u00f3n extender la conexi\u00f3n HDMI entre el televisor Ultra 8K (UHD TV), HDTV, monitor o proyector y el dispositivo fuente HDMI.<\/p>","protected":false},"featured_media":23957,"template":"","meta":{"_acf_changed":false,"_seopress_robots_primary_cat":"","_seopress_titles_title":"8K HDMI 2.1 Extension Cable-FARSINCE","_seopress_titles_desc":"8K HDMI 2.1 Extension Cable extend the HDMI connection between your Ultra 8K TV (UHD TV), HDTV, Monitor or Projector and HDMI source device.","_seopress_robots_index":"","site-sidebar-layout":"default","site-content-layout":"default","ast-site-content-layout":"default","site-content-style":"default","site-sidebar-style":"default","ast-global-header-display":"","ast-banner-title-visibility":"","ast-main-header-display":"","ast-hfb-above-header-display":"","ast-hfb-below-header-display":"","ast-hfb-mobile-header-display":"","site-post-title":"","ast-breadcrumbs-content":"","ast-featured-img":"","footer-sml-layout":"","ast-disable-related-posts":"","theme-transparent-header-meta":"default","adv-header-id-meta":"","stick-header-meta":"","header-above-stick-meta":"","header-main-stick-meta":"","header-below-stick-meta":"","astra-migrate-meta-layouts":"set","ast-page-background-enabled":"default","ast-page-background-meta":{"desktop":{"background-color":"","background-image":"","background-repeat":"repeat","background-position":"center center","background-size":"auto","background-attachment":"scroll","background-type":"","background-media":"","overlay-type":"","overlay-color":"","overlay-opacity":"","overlay-gradient":""},"tablet":{"background-color":"","background-image":"","background-repeat":"repeat","background-position":"center center","background-size":"auto","background-attachment":"scroll","background-type":"","background-media":"","overlay-type":"","overlay-color":"","overlay-opacity":"","overlay-gradient":""},"mobile":{"background-color":"","background-image":"","background-repeat":"repeat","background-position":"center center","background-size":"auto","background-attachment":"scroll","background-type":"","background-media":"","overlay-type":"","overlay-color":"","overlay-opacity":"","overlay-gradient":""}},"ast-content-background-meta":{"desktop":{"background-color":"var(--ast-global-color-5)","background-image":"","background-repeat":"repeat","background-position":"center center","background-size":"auto","background-attachment":"scroll","background-type":"","background-media":"","overlay-type":"","overlay-color":"","overlay-opacity":"","overlay-gradient":""},"tablet":{"background-color":"var(--ast-global-color-5)","background-image":"","background-repeat":"repeat","background-position":"center center","background-size":"auto","background-attachment":"scroll","background-type":"","background-media":"","overlay-type":"","overlay-color":"","overlay-opacity":"","overlay-gradient":""},"mobile":{"background-color":"var(--ast-global-color-5)","background-image":"","background-repeat":"repeat","background-position":"center center","background-size":"auto","background-attachment":"scroll","background-type":"","background-media":"","overlay-type":"","overlay-color":"","overlay-opacity":"","overlay-gradient":""}},"iawp_total_views":7},"product_brand":[],"product_cat":[211,638],"product_tag":[],"class_list":{"0":"post-23963","1":"product","2":"type-product","3":"status-publish","4":"has-post-thumbnail","6":"product_cat-hdmi","7":"product_cat-hdmi-cables","8":"desktop-align-left","9":"tablet-align-left","10":"mobile-align-left","12":"first","13":"instock","14":"shipping-taxable","15":"purchasable","16":"product-type-simple"},"acf":[],"_links":{"self":[{"href":"https:\/\/www.fjpremium.com\/es\/wp-json\/wp\/v2\/product\/23963","targetHints":{"allow":["GET"]}}],"collection":[{"href":"https:\/\/www.fjpremium.com\/es\/wp-json\/wp\/v2\/product"}],"about":[{"href":"https:\/\/www.fjpremium.com\/es\/wp-json\/wp\/v2\/types\/product"}],"wp:featuredmedia":[{"embeddable":true,"href":"https:\/\/www.fjpremium.com\/es\/wp-json\/wp\/v2\/media\/23957"}],"wp:attachment":[{"href":"https:\/\/www.fjpremium.com\/es\/wp-json\/wp\/v2\/media?parent=23963"}],"wp:term":[{"taxonomy":"product_brand","embeddable":true,"href":"https:\/\/www.fjpremium.com\/es\/wp-json\/wp\/v2\/product_brand?post=23963"},{"taxonomy":"product_cat","embeddable":true,"href":"https:\/\/www.fjpremium.com\/es\/wp-json\/wp\/v2\/product_cat?post=23963"},{"taxonomy":"product_tag","embeddable":true,"href":"https:\/\/www.fjpremium.com\/es\/wp-json\/wp\/v2\/product_tag?post=23963"}],"curies":[{"name":"wp","href":"https:\/\/api.w.org\/{rel}","templated":true}]}}