{"id":17961,"date":"2022-01-10T17:18:05","date_gmt":"2022-01-10T09:18:05","guid":{"rendered":"https:\/\/www.fjpremium.com\/?post_type=product&#038;p=17961"},"modified":"2023-12-14T14:00:14","modified_gmt":"2023-12-14T06:00:14","slug":"usb-3-0-to-hdmi-adapter-hd-1080p-video-graphics-converter-cable-adapter-with-audio-output-2","status":"publish","type":"product","link":"https:\/\/www.fjpremium.com\/es\/product\/usb-3-0-to-hdmi-adapter-hd-1080p-video-graphics-converter-cable-adapter-with-audio-output-2\/","title":{"rendered":"USB 3.0 a HDMI Adaptador, HD 1080P de v\u00eddeo convertidor de gr\u00e1ficos Cable Adaptador con salida de audio"},"content":{"rendered":"<p>Dise\u00f1ado para ofrecer versatilidad, este adaptador de \u00faltima generaci\u00f3n combina audio y v\u00eddeo a trav\u00e9s de un \u00fanico cable USB y HDMI, lo que permite transformar una pantalla de ordenador est\u00e1ndar en una experiencia HDTV envolvente.<\/p>\n<p>Disfrutar\u00e1 de im\u00e1genes gr\u00e1ficas fluidas y de alta definici\u00f3n enviadas a su televisor HD o monitores con una resoluci\u00f3n de hasta 1080P.<\/p>\n<p>Su compatibilidad superior con sistemas Windows y Mac, junto con la compatibilidad con versiones anteriores USB 2.0, hacen de este adaptador una elecci\u00f3n sin complicaciones para todos sus dispositivos.<\/p>\n<p>Sus especificaciones:<\/p>\n<ul>\n<li>Conductor del cable: Cobre desnudo<\/li>\n<li>Aislamiento: PE SKIN\/HDPE espumado<\/li>\n<li>Calibre del cable: 32AWG<\/li>\n<li>Carcasa: Molde de inyecci\u00f3n<\/li>\n<li>Chip: FL2000 88P<\/li>\n<li>Cubierta: PVC<\/li>\n<li>Di\u00e1metro exterior: 4,5\u00b10,2 mm<\/li>\n<li>Conformidad: RoHS, REACH<\/li>\n<\/ul>\n<p>Adem\u00e1s, nuestro adaptador USB 3.0 a HDMI garantiza una calidad y fiabilidad sin concesiones, con un contacto chapado en oro y una carcasa niquelada para mejorar la conectividad.<\/p>\n<p>En resumen, el\u00edjalo y libere el potencial de las necesidades de visualizaci\u00f3n digital de su empresa.<\/p>","protected":false},"excerpt":{"rendered":"<p>Mejore sus necesidades digitales al por mayor con el adaptador USB 3.0 a HDMI de Farsince, que ofrece gr\u00e1ficos de alta definici\u00f3n a trav\u00e9s de un \u00fanico cable.<\/p>","protected":false},"featured_media":17962,"template":"","meta":{"_acf_changed":false,"_seopress_robots_primary_cat":"","_seopress_titles_title":"USB 3.0 to HDMI Adapter - 1080P HD Video Converter with Audio for Laptops and PCs - Farsince","_seopress_titles_desc":"Connect your laptop or PC to an HDTV or monitor in full 1080P HD resolution with audio support using this USB 3.0 to HDMI adapter. Backward compatible with USB 2.0. Plug-and-play installation for Windows and Mac OS.","_seopress_robots_index":"","site-sidebar-layout":"default","site-content-layout":"default","ast-site-content-layout":"default","site-content-style":"default","site-sidebar-style":"default","ast-global-header-display":"","ast-banner-title-visibility":"","ast-main-header-display":"","ast-hfb-above-header-display":"","ast-hfb-below-header-display":"","ast-hfb-mobile-header-display":"","site-post-title":"","ast-breadcrumbs-content":"","ast-featured-img":"","footer-sml-layout":"","ast-disable-related-posts":"","theme-transparent-header-meta":"default","adv-header-id-meta":"","stick-header-meta":"","header-above-stick-meta":"","header-main-stick-meta":"","header-below-stick-meta":"","astra-migrate-meta-layouts":"set","ast-page-background-enabled":"default","ast-page-background-meta":{"desktop":{"background-color":"","background-image":"","background-repeat":"repeat","background-position":"center center","background-size":"auto","background-attachment":"scroll","background-type":"","background-media":"","overlay-type":"","overlay-color":"","overlay-opacity":"","overlay-gradient":""},"tablet":{"background-color":"","background-image":"","background-repeat":"repeat","background-position":"center center","background-size":"auto","background-attachment":"scroll","background-type":"","background-media":"","overlay-type":"","overlay-color":"","overlay-opacity":"","overlay-gradient":""},"mobile":{"background-color":"","background-image":"","background-repeat":"repeat","background-position":"center center","background-size":"auto","background-attachment":"scroll","background-type":"","background-media":"","overlay-type":"","overlay-color":"","overlay-opacity":"","overlay-gradient":""}},"ast-content-background-meta":{"desktop":{"background-color":"var(--ast-global-color-5)","background-image":"","background-repeat":"repeat","background-position":"center center","background-size":"auto","background-attachment":"scroll","background-type":"","background-media":"","overlay-type":"","overlay-color":"","overlay-opacity":"","overlay-gradient":""},"tablet":{"background-color":"var(--ast-global-color-5)","background-image":"","background-repeat":"repeat","background-position":"center center","background-size":"auto","background-attachment":"scroll","background-type":"","background-media":"","overlay-type":"","overlay-color":"","overlay-opacity":"","overlay-gradient":""},"mobile":{"background-color":"var(--ast-global-color-5)","background-image":"","background-repeat":"repeat","background-position":"center center","background-size":"auto","background-attachment":"scroll","background-type":"","background-media":"","overlay-type":"","overlay-color":"","overlay-opacity":"","overlay-gradient":""}},"iawp_total_views":8},"product_brand":[],"product_cat":[632,637],"product_tag":[],"class_list":{"0":"post-17961","1":"product","2":"type-product","3":"status-publish","4":"has-post-thumbnail","6":"product_cat-usb","7":"product_cat-usb-converters","8":"desktop-align-left","9":"tablet-align-left","10":"mobile-align-left","12":"first","13":"instock","14":"shipping-taxable","15":"purchasable","16":"product-type-simple"},"acf":[],"_links":{"self":[{"href":"https:\/\/www.fjpremium.com\/es\/wp-json\/wp\/v2\/product\/17961","targetHints":{"allow":["GET"]}}],"collection":[{"href":"https:\/\/www.fjpremium.com\/es\/wp-json\/wp\/v2\/product"}],"about":[{"href":"https:\/\/www.fjpremium.com\/es\/wp-json\/wp\/v2\/types\/product"}],"wp:featuredmedia":[{"embeddable":true,"href":"https:\/\/www.fjpremium.com\/es\/wp-json\/wp\/v2\/media\/17962"}],"wp:attachment":[{"href":"https:\/\/www.fjpremium.com\/es\/wp-json\/wp\/v2\/media?parent=17961"}],"wp:term":[{"taxonomy":"product_brand","embeddable":true,"href":"https:\/\/www.fjpremium.com\/es\/wp-json\/wp\/v2\/product_brand?post=17961"},{"taxonomy":"product_cat","embeddable":true,"href":"https:\/\/www.fjpremium.com\/es\/wp-json\/wp\/v2\/product_cat?post=17961"},{"taxonomy":"product_tag","embeddable":true,"href":"https:\/\/www.fjpremium.com\/es\/wp-json\/wp\/v2\/product_tag?post=17961"}],"curies":[{"name":"wp","href":"https:\/\/api.w.org\/{rel}","templated":true}]}}