{"id":17847,"date":"2021-12-31T15:19:54","date_gmt":"2021-12-31T07:19:54","guid":{"rendered":"https:\/\/www.fjpremium.com\/?post_type=product&#038;p=17847"},"modified":"2023-12-14T14:10:01","modified_gmt":"2023-12-14T06:10:01","slug":"thunderbolt-3-cable-40gbps","status":"publish","type":"product","link":"https:\/\/www.fjpremium.com\/es\/product\/thunderbolt-3-cable-40gbps\/","title":{"rendered":"Mejor cable Thunderbolt 3, 40 Gbps"},"content":{"rendered":"<p>Este mejor cable Thunderbolt 3, que ofrece una transferencia de datos a la velocidad del rayo de 40 Gbps y admite la carga de energ\u00eda 20V 5A 100W, aporta a sus dispositivos un nuevo nivel de rendimiento y flexibilidad.<\/p>\n<p>Compatible con MacBooks Type-C, Dell, iPad Air 4, iPad Pro 2020, Pixel, Hub, SSD externos, eGpu y Docking Stations USB-C, permite la conexi\u00f3n de una amplia gama de dispositivos.<\/p>\n<p>Nuestro vers\u00e1til cable facilita la conexi\u00f3n de un monitor DisplayPort 5K o doble 4K, as\u00ed como de dispositivos USB 3.1 Gen 2.<\/p>\n<p>Incorpora la tecnolog\u00eda Thunderbolt 3 de vanguardia, lo que garantiza una transferencia de datos, transmisi\u00f3n de v\u00eddeo y carga sin interrupciones en un dise\u00f1o \u00fanico y f\u00e1cil de usar.<\/p>\n<p>Y sus capacidades incluyen soporte de datos y v\u00eddeo en un solo cable, protocolo PCI Express 3.0, protocolo DisplayPort 1.2a y Thunderbolt Networking para una conexi\u00f3n Ethernet de 10 Gb entre ordenadores.<\/p>\n<p>Adem\u00e1s, su robusta construcci\u00f3n, los contactos chapados en oro, la carcasa niquelada, el triple apantallamiento y el cumplimiento de las normas RoHS y REACH lo convierten en una opci\u00f3n fiable para todas las necesidades de conectividad digital.<\/p>\n<p>Sus especificaciones:<\/p>\n<ul>\n<li>Conector 1: Thunderbolt 3 USB Type-C 24pin macho<\/li>\n<li>Conector 2: Thunderbolt 3 USB Type-C 24pin macho<\/li>\n<li>Conductor del cable: Cable coaxial de cobre esta\u00f1ado<\/li>\n<li>Calibre del cable: 30AWG<\/li>\n<li>Carcasa: Aleaci\u00f3n de aluminio<\/li>\n<li>Chipset: Cypress E-Marker CYPD2704<\/li>\n<li>Revestimiento: PVC o TPE<\/li>\n<li>Di\u00e1metro exterior: 4,8\u00b10,2 mm<\/li>\n<\/ul>\n<p>En resumen, p\u00f3ngase en contacto con nosotros hoy mismo y solicite este mejor cable Thunderbolt 3.<\/p>\n<h2>Descargar:<\/h2>\n<ul>\n<li>Descargar el <em><span style=\"color: #00569c;\"><strong><a style=\"color: #00569c;\" href=\"https:\/\/www.fjpremium.com\/download\/Spec Sheet_FS16701 TB3 cable.pdf\">Hoja de especificaciones<\/a><\/strong><\/span><\/em><\/li>\n<\/ul>","protected":false},"excerpt":{"rendered":"<p>Disfrute de una transferencia de datos ultrarr\u00e1pida, una resoluci\u00f3n de v\u00eddeo ultra HD y una carga de energ\u00eda eficiente con nuestro mejor cable Thunderbolt 3.<\/p>","protected":false},"featured_media":17854,"template":"","meta":{"_acf_changed":false,"_seopress_robots_primary_cat":"","_seopress_titles_title":"Best Thunderbolt 3 Cable, 40Gbps - FARSINCE","_seopress_titles_desc":"","_seopress_robots_index":"","site-sidebar-layout":"default","site-content-layout":"default","ast-site-content-layout":"default","site-content-style":"default","site-sidebar-style":"default","ast-global-header-display":"","ast-banner-title-visibility":"","ast-main-header-display":"","ast-hfb-above-header-display":"","ast-hfb-below-header-display":"","ast-hfb-mobile-header-display":"","site-post-title":"","ast-breadcrumbs-content":"","ast-featured-img":"","footer-sml-layout":"","ast-disable-related-posts":"","theme-transparent-header-meta":"default","adv-header-id-meta":"","stick-header-meta":"","header-above-stick-meta":"","header-main-stick-meta":"","header-below-stick-meta":"","astra-migrate-meta-layouts":"set","ast-page-background-enabled":"default","ast-page-background-meta":{"desktop":{"background-color":"","background-image":"","background-repeat":"repeat","background-position":"center center","background-size":"auto","background-attachment":"scroll","background-type":"","background-media":"","overlay-type":"","overlay-color":"","overlay-opacity":"","overlay-gradient":""},"tablet":{"background-color":"","background-image":"","background-repeat":"repeat","background-position":"center center","background-size":"auto","background-attachment":"scroll","background-type":"","background-media":"","overlay-type":"","overlay-color":"","overlay-opacity":"","overlay-gradient":""},"mobile":{"background-color":"","background-image":"","background-repeat":"repeat","background-position":"center center","background-size":"auto","background-attachment":"scroll","background-type":"","background-media":"","overlay-type":"","overlay-color":"","overlay-opacity":"","overlay-gradient":""}},"ast-content-background-meta":{"desktop":{"background-color":"var(--ast-global-color-5)","background-image":"","background-repeat":"repeat","background-position":"center center","background-size":"auto","background-attachment":"scroll","background-type":"","background-media":"","overlay-type":"","overlay-color":"","overlay-opacity":"","overlay-gradient":""},"tablet":{"background-color":"var(--ast-global-color-5)","background-image":"","background-repeat":"repeat","background-position":"center center","background-size":"auto","background-attachment":"scroll","background-type":"","background-media":"","overlay-type":"","overlay-color":"","overlay-opacity":"","overlay-gradient":""},"mobile":{"background-color":"var(--ast-global-color-5)","background-image":"","background-repeat":"repeat","background-position":"center center","background-size":"auto","background-attachment":"scroll","background-type":"","background-media":"","overlay-type":"","overlay-color":"","overlay-opacity":"","overlay-gradient":""}},"iawp_total_views":13},"product_brand":[],"product_cat":[653,634],"product_tag":[],"class_list":{"0":"post-17847","1":"product","2":"type-product","3":"status-publish","4":"has-post-thumbnail","6":"product_cat-usb-c","7":"product_cat-usb4-thunderbolt","8":"desktop-align-left","9":"tablet-align-left","10":"mobile-align-left","12":"first","13":"instock","14":"shipping-taxable","15":"purchasable","16":"product-type-simple"},"acf":[],"_links":{"self":[{"href":"https:\/\/www.fjpremium.com\/es\/wp-json\/wp\/v2\/product\/17847","targetHints":{"allow":["GET"]}}],"collection":[{"href":"https:\/\/www.fjpremium.com\/es\/wp-json\/wp\/v2\/product"}],"about":[{"href":"https:\/\/www.fjpremium.com\/es\/wp-json\/wp\/v2\/types\/product"}],"wp:featuredmedia":[{"embeddable":true,"href":"https:\/\/www.fjpremium.com\/es\/wp-json\/wp\/v2\/media\/17854"}],"wp:attachment":[{"href":"https:\/\/www.fjpremium.com\/es\/wp-json\/wp\/v2\/media?parent=17847"}],"wp:term":[{"taxonomy":"product_brand","embeddable":true,"href":"https:\/\/www.fjpremium.com\/es\/wp-json\/wp\/v2\/product_brand?post=17847"},{"taxonomy":"product_cat","embeddable":true,"href":"https:\/\/www.fjpremium.com\/es\/wp-json\/wp\/v2\/product_cat?post=17847"},{"taxonomy":"product_tag","embeddable":true,"href":"https:\/\/www.fjpremium.com\/es\/wp-json\/wp\/v2\/product_tag?post=17847"}],"curies":[{"name":"wp","href":"https:\/\/api.w.org\/{rel}","templated":true}]}}