{"id":17736,"date":"2021-03-12T14:38:17","date_gmt":"2021-03-12T06:38:17","guid":{"rendered":"https:\/\/www.fjpremium.com\/?post_type=product&#038;p=17736"},"modified":"2023-12-14T13:58:47","modified_gmt":"2023-12-14T05:58:47","slug":"pd-wall-charger-kit-pd-18w-charger-adapter-and-cable-usb-c-to-8pin-charger-cable","status":"publish","type":"product","link":"https:\/\/www.fjpremium.com\/es\/product\/pd-wall-charger-kit-pd-18w-charger-adapter-and-cable-usb-c-to-8pin-charger-cable\/","title":{"rendered":"Kit de cargador de pared PD Adaptador y cable de carga de 18 W USB C a cable de carga de 8 clavijas"},"content":{"rendered":"<div>\n<div id=\"ali-anchor-AliMagic-osc0im\" data-section=\"AliMagic-osc0im\" data-section-title=\"Product Description\" data-spm-anchor-id=\"a2700.details.0.i21.bb5b731fRqv8Da\">\n<p>Este eficiente kit de carga incluye un robusto adaptador de carga PD de 18 W y un cable de carga USB C a 8 patillas.<\/p>\n<p>Fabricado con tecnolog\u00eda de vanguardia, el conector de tipo C garantiza una carga r\u00e1pida y eficiente, mientras que el conector Lightning ofrece versatilidad.<\/p>\n<p>Envuelto en una cubierta de PVC y TPE ABS, el kit est\u00e1 dise\u00f1ado para durar. Puedes elegir entre un elegante negro o un blanco impoluto para adaptarlo a tus preferencias est\u00e9ticas.<\/p>\n<p>Y con cada compra, recibir\u00e1 el producto en una caja de colores vibrantes, s\u00edmbolo de nuestro compromiso con la calidad y la experiencia del usuario.<\/p>\n<p>Adem\u00e1s, nuestro kit adaptador de cargador de 18 W cumple las normas ROHS y est\u00e1 respaldado por una garant\u00eda de 2 a\u00f1os. En conclusi\u00f3n, p\u00f3ngase en contacto con nosotros hoy mismo e invierta en \u00e9l.<\/p>\n<\/div>\n<\/div>\n<div><\/div>","protected":false},"excerpt":{"rendered":"<p>Aumenta la eficiencia de la carga con el adaptador de carga Farsince PD de 18 W y un cable USB C a 8 patillas, que ofrecen una carga r\u00e1pida y fiable en dos elegantes colores.<\/p>","protected":false},"featured_media":17737,"template":"","meta":{"_acf_changed":false,"_seopress_robots_primary_cat":"","_seopress_titles_title":"PD Wall Charger Kit PD 18W Charger Adapter - Farsince","_seopress_titles_desc":"","_seopress_robots_index":"","site-sidebar-layout":"default","site-content-layout":"default","ast-site-content-layout":"default","site-content-style":"default","site-sidebar-style":"default","ast-global-header-display":"","ast-banner-title-visibility":"","ast-main-header-display":"","ast-hfb-above-header-display":"","ast-hfb-below-header-display":"","ast-hfb-mobile-header-display":"","site-post-title":"","ast-breadcrumbs-content":"","ast-featured-img":"","footer-sml-layout":"","ast-disable-related-posts":"","theme-transparent-header-meta":"default","adv-header-id-meta":"","stick-header-meta":"","header-above-stick-meta":"","header-main-stick-meta":"","header-below-stick-meta":"","astra-migrate-meta-layouts":"set","ast-page-background-enabled":"default","ast-page-background-meta":{"desktop":{"background-color":"","background-image":"","background-repeat":"repeat","background-position":"center center","background-size":"auto","background-attachment":"scroll","background-type":"","background-media":"","overlay-type":"","overlay-color":"","overlay-opacity":"","overlay-gradient":""},"tablet":{"background-color":"","background-image":"","background-repeat":"repeat","background-position":"center center","background-size":"auto","background-attachment":"scroll","background-type":"","background-media":"","overlay-type":"","overlay-color":"","overlay-opacity":"","overlay-gradient":""},"mobile":{"background-color":"","background-image":"","background-repeat":"repeat","background-position":"center center","background-size":"auto","background-attachment":"scroll","background-type":"","background-media":"","overlay-type":"","overlay-color":"","overlay-opacity":"","overlay-gradient":""}},"ast-content-background-meta":{"desktop":{"background-color":"var(--ast-global-color-5)","background-image":"","background-repeat":"repeat","background-position":"center center","background-size":"auto","background-attachment":"scroll","background-type":"","background-media":"","overlay-type":"","overlay-color":"","overlay-opacity":"","overlay-gradient":""},"tablet":{"background-color":"var(--ast-global-color-5)","background-image":"","background-repeat":"repeat","background-position":"center center","background-size":"auto","background-attachment":"scroll","background-type":"","background-media":"","overlay-type":"","overlay-color":"","overlay-opacity":"","overlay-gradient":""},"mobile":{"background-color":"var(--ast-global-color-5)","background-image":"","background-repeat":"repeat","background-position":"center center","background-size":"auto","background-attachment":"scroll","background-type":"","background-media":"","overlay-type":"","overlay-color":"","overlay-opacity":"","overlay-gradient":""}},"iawp_total_views":6},"product_brand":[],"product_cat":[636,207],"product_tag":[],"class_list":{"0":"post-17736","1":"product","2":"type-product","3":"status-publish","4":"has-post-thumbnail","6":"product_cat-usb-2-0-cables","7":"product_cat-pc-phone-accessories","8":"desktop-align-left","9":"tablet-align-left","10":"mobile-align-left","12":"first","13":"instock","14":"shipping-taxable","15":"purchasable","16":"product-type-simple"},"acf":[],"_links":{"self":[{"href":"https:\/\/www.fjpremium.com\/es\/wp-json\/wp\/v2\/product\/17736","targetHints":{"allow":["GET"]}}],"collection":[{"href":"https:\/\/www.fjpremium.com\/es\/wp-json\/wp\/v2\/product"}],"about":[{"href":"https:\/\/www.fjpremium.com\/es\/wp-json\/wp\/v2\/types\/product"}],"wp:featuredmedia":[{"embeddable":true,"href":"https:\/\/www.fjpremium.com\/es\/wp-json\/wp\/v2\/media\/17737"}],"wp:attachment":[{"href":"https:\/\/www.fjpremium.com\/es\/wp-json\/wp\/v2\/media?parent=17736"}],"wp:term":[{"taxonomy":"product_brand","embeddable":true,"href":"https:\/\/www.fjpremium.com\/es\/wp-json\/wp\/v2\/product_brand?post=17736"},{"taxonomy":"product_cat","embeddable":true,"href":"https:\/\/www.fjpremium.com\/es\/wp-json\/wp\/v2\/product_cat?post=17736"},{"taxonomy":"product_tag","embeddable":true,"href":"https:\/\/www.fjpremium.com\/es\/wp-json\/wp\/v2\/product_tag?post=17736"}],"curies":[{"name":"wp","href":"https:\/\/api.w.org\/{rel}","templated":true}]}}