{"id":17718,"date":"2021-03-11T10:51:11","date_gmt":"2021-03-11T02:51:11","guid":{"rendered":"https:\/\/www.fjpremium.com\/?post_type=product&#038;p=17718"},"modified":"2023-05-24T14:41:22","modified_gmt":"2023-05-24T06:41:22","slug":"apple-lightning-to-3-5mm-male-headphone-audio-adapter-cable-3ft-6ft","status":"publish","type":"product","link":"https:\/\/www.fjpremium.com\/es\/product\/apple-lightning-to-3-5mm-male-headphone-audio-adapter-cable-3ft-6ft\/","title":{"rendered":"Cable adaptador de audio para auriculares Apple Lightning a 3,5 mm macho 3ft 6ft"},"content":{"rendered":"<p>Este cable adaptador de audio est\u00e1 dise\u00f1ado para funcionar sin problemas con todos los dispositivos que tengan un conector Lightning y sean compatibles con iOS 10 o posterior, incluidos iPod touch, iPad y iPhone.<\/p>\n<p>Ofrece una forma sencilla de utilizar los auriculares de 3,5 mm existentes con varios modelos de iPhone, como la serie 12, la serie 11, XS, XR, X, 8, 7 y 6 Plus.<\/p>\n<p>Y tambi\u00e9n ampl\u00eda la compatibilidad a los iPod Touch de 6\u00aa generaci\u00f3n, iPad Mini, iPad Air y iPad Pro.<\/p>\n<p>Sin embargo, el cable no es compatible con los modelos iPad Pro 11\u2033 \/ 12,9\u2033 de 2018, que utilizan una interfaz USB-C.<\/p>\n<p>Equipado con el chipset original C100 o C101, nuestro cable adaptador de audio admite las funciones de auriculares y micr\u00f3fono.<\/p>\n<p>Incorpora una avanzada tecnolog\u00eda de reducci\u00f3n de ruido y admite una salida de audio de hasta 48 kHz y 26 bits, lo que proporciona una calidad de sonido perfecta para mejorar la experiencia auditiva.<\/p>\n<p>Adem\u00e1s de escuchar m\u00fasica, el cable tambi\u00e9n admite funciones de control por cable, como micr\u00f3fono, control de volumen, pausa y reproducci\u00f3n.<\/p>\n<p>Es plug-and-play, no requiere cambios de configuraci\u00f3n.<\/p>\n<p>Este cable adaptador de audio cuenta con un conector Lightning macho de 8 patillas y un conector macho de audio est\u00e9reo de 3,5 mm.<\/p>\n<p>Tanto los contactos como la carcasa est\u00e1n chapados en oro para una mayor durabilidad y resistencia a la corrosi\u00f3n.<\/p>\n<p>El conductor del cable es alambre lacado alojado en ABS o aluminio.<\/p>\n<p>Est\u00e1 envuelto en una cubierta de TPE flexible y duradera, que garantiza su longevidad y resistencia al uso diario.<\/p>\n<p>Y su di\u00e1metro exterior es de 3,2 mm.<\/p>\n<p>Adem\u00e1s, nuestro cable adaptador de audio cumple las normas RoHS y REACH, lo que refleja nuestro compromiso con la fabricaci\u00f3n de productos respetuosos con el medio ambiente.<\/p>\n<p>Por lo tanto, este cable es una excelente opci\u00f3n para cualquiera que busque un cable fiable y de alta calidad para sus dispositivos Apple.<\/p>\n<p>Ofrece un equilibrio ideal entre practicidad, rendimiento y durabilidad.<\/p>\n<h2>Descargar:<\/h2>\n<ul>\n<li>Ficha de datos del cable adaptador de audio Lightning a conector de auriculares macho de 3,5 mm de Apple<\/li>\n<\/ul>\n<h2>Informaci\u00f3n sobre pedidos:<\/h2>\n<ul>\n<li>FS18502A-010: Carcasa de ABS estilo original de Apple, 1,0 m\/3,3 pies<\/li>\n<li>FS18502A-018: Carcasa de ABS estilo original de Apple, 1,8 m\/6 pies<\/li>\n<li>FS18502B-010: Estilo de cable trenzado con cubierta met\u00e1lica, 3.3ft\/1.0m<\/li>\n<li>FS18502B-018: Estilo de cable trenzado con cubierta met\u00e1lica, 6ft\/1.8m<\/li>\n<\/ul>","protected":false},"excerpt":{"rendered":"<p>Presentamos nuestro cable adaptador de audio Apple Lightning a auriculares macho de 3,5 mm, una soluci\u00f3n vers\u00e1til para conectar sus dispositivos Apple a su equipo de audio.<\/p>","protected":false},"featured_media":17725,"template":"","meta":{"_acf_changed":false,"_seopress_robots_primary_cat":"","_seopress_titles_title":"Headphone Audio Adapter Cable 3ft 6ft - Farsince","_seopress_titles_desc":"","_seopress_robots_index":"","site-sidebar-layout":"default","site-content-layout":"default","ast-site-content-layout":"default","site-content-style":"default","site-sidebar-style":"default","ast-global-header-display":"","ast-banner-title-visibility":"","ast-main-header-display":"","ast-hfb-above-header-display":"","ast-hfb-below-header-display":"","ast-hfb-mobile-header-display":"","site-post-title":"","ast-breadcrumbs-content":"","ast-featured-img":"","footer-sml-layout":"","ast-disable-related-posts":"","theme-transparent-header-meta":"default","adv-header-id-meta":"","stick-header-meta":"","header-above-stick-meta":"","header-main-stick-meta":"","header-below-stick-meta":"","astra-migrate-meta-layouts":"default","ast-page-background-enabled":"default","ast-page-background-meta":{"desktop":{"background-color":"","background-image":"","background-repeat":"repeat","background-position":"center center","background-size":"auto","background-attachment":"scroll","background-type":"","background-media":"","overlay-type":"","overlay-color":"","overlay-opacity":"","overlay-gradient":""},"tablet":{"background-color":"","background-image":"","background-repeat":"repeat","background-position":"center center","background-size":"auto","background-attachment":"scroll","background-type":"","background-media":"","overlay-type":"","overlay-color":"","overlay-opacity":"","overlay-gradient":""},"mobile":{"background-color":"","background-image":"","background-repeat":"repeat","background-position":"center center","background-size":"auto","background-attachment":"scroll","background-type":"","background-media":"","overlay-type":"","overlay-color":"","overlay-opacity":"","overlay-gradient":""}},"ast-content-background-meta":{"desktop":{"background-color":"var(--ast-global-color-5)","background-image":"","background-repeat":"repeat","background-position":"center center","background-size":"auto","background-attachment":"scroll","background-type":"","background-media":"","overlay-type":"","overlay-color":"","overlay-opacity":"","overlay-gradient":""},"tablet":{"background-color":"var(--ast-global-color-5)","background-image":"","background-repeat":"repeat","background-position":"center center","background-size":"auto","background-attachment":"scroll","background-type":"","background-media":"","overlay-type":"","overlay-color":"","overlay-opacity":"","overlay-gradient":""},"mobile":{"background-color":"var(--ast-global-color-5)","background-image":"","background-repeat":"repeat","background-position":"center center","background-size":"auto","background-attachment":"scroll","background-type":"","background-media":"","overlay-type":"","overlay-color":"","overlay-opacity":"","overlay-gradient":""}},"iawp_total_views":6},"product_brand":[],"product_cat":[219],"product_tag":[],"class_list":{"0":"post-17718","1":"product","2":"type-product","3":"status-publish","4":"has-post-thumbnail","6":"product_cat-audio-video","7":"desktop-align-left","8":"tablet-align-left","9":"mobile-align-left","11":"first","12":"instock","13":"shipping-taxable","14":"purchasable","15":"product-type-simple"},"acf":[],"_links":{"self":[{"href":"https:\/\/www.fjpremium.com\/es\/wp-json\/wp\/v2\/product\/17718","targetHints":{"allow":["GET"]}}],"collection":[{"href":"https:\/\/www.fjpremium.com\/es\/wp-json\/wp\/v2\/product"}],"about":[{"href":"https:\/\/www.fjpremium.com\/es\/wp-json\/wp\/v2\/types\/product"}],"wp:featuredmedia":[{"embeddable":true,"href":"https:\/\/www.fjpremium.com\/es\/wp-json\/wp\/v2\/media\/17725"}],"wp:attachment":[{"href":"https:\/\/www.fjpremium.com\/es\/wp-json\/wp\/v2\/media?parent=17718"}],"wp:term":[{"taxonomy":"product_brand","embeddable":true,"href":"https:\/\/www.fjpremium.com\/es\/wp-json\/wp\/v2\/product_brand?post=17718"},{"taxonomy":"product_cat","embeddable":true,"href":"https:\/\/www.fjpremium.com\/es\/wp-json\/wp\/v2\/product_cat?post=17718"},{"taxonomy":"product_tag","embeddable":true,"href":"https:\/\/www.fjpremium.com\/es\/wp-json\/wp\/v2\/product_tag?post=17718"}],"curies":[{"name":"wp","href":"https:\/\/api.w.org\/{rel}","templated":true}]}}