{"id":17709,"date":"2021-03-11T10:48:59","date_gmt":"2021-03-11T02:48:59","guid":{"rendered":"https:\/\/www.fjpremium.com\/?post_type=product&#038;p=17709"},"modified":"2023-05-24T14:44:14","modified_gmt":"2023-05-24T06:44:14","slug":"apple-lightning-to-3-5mm-female-headphone-jack-audio-adapter","status":"publish","type":"product","link":"https:\/\/www.fjpremium.com\/es\/product\/apple-lightning-to-3-5mm-female-headphone-jack-audio-adapter\/","title":{"rendered":"Adaptador de conector Lightning a conector hembra de auriculares de 3,5 mm de Apple"},"content":{"rendered":"<p>Este adaptador de conector de auriculares le permite utilizar sus auriculares de 3,5 mm existentes con varios modelos de iPhone, desde el iPhone 12\/12 Mini\/12 Pro\/12 Pro Max hasta la serie iPhone 11, XS, XR, X, 8, 7 y 6 Plus.<\/p>\n<p>Tambi\u00e9n es compatible con los iPod Touch de 6\u00aa generaci\u00f3n, iPad Mini, iPad Air y iPad Pro.<\/p>\n<p>Sin embargo, no es apto para los modelos iPad Pro 11\u2033 \/ 12,9\u2033 de 2018, que tienen una interfaz USB-C.<\/p>\n<p>Equipado con el avanzado chipset C100 o C101, nuestro adaptador de clavija de auriculares admite las funciones de auriculares y micr\u00f3fono.<\/p>\n<p>Incorpora una avanzada tecnolog\u00eda de reducci\u00f3n de ruido y admite una salida de audio de hasta 48 kHz y 26 bits.<\/p>\n<p>As\u00ed disfrutar\u00e1 de la calidad de sonido perfecta para una experiencia de audio envolvente.<\/p>\n<p>Adem\u00e1s de escuchar m\u00fasica, tambi\u00e9n admite funciones de control por cable, como micr\u00f3fono, control de volumen, pausa y reproducci\u00f3n.<\/p>\n<p>La funcionalidad plug-and-play le permite utilizarlo sin necesidad de cambiar los ajustes.<\/p>\n<p>Adem\u00e1s, el adaptador cuenta con un conector Lightning macho de 8 patillas y un conector hembra de audio est\u00e9reo de 3,5 mm.<\/p>\n<p>Tanto los contactos como la carcasa est\u00e1n chapados en oro para resistir la corrosi\u00f3n y garantizar la longevidad.<\/p>\n<p>El conductor del cable es de alambre lacado, con carcasa de ABS o aluminio.<\/p>\n<p>Y la cubierta de TPE es flexible y duradera, lo que garantiza que el cable resista un uso prolongado. Su di\u00e1metro exterior es de 3,2 mm.<\/p>\n<p>Conforme a RoHS y REACH, este adaptador de clavija para auriculares refleja nuestro compromiso de fabricar productos respetuosos con el medio ambiente.<\/p>\n<p>En definitiva, nuestro adaptador es un accesorio excelente para su dispositivo Apple, ya que ofrece una calidad de sonido superior, versatilidad y durabilidad.<\/p>\n<h2>Descargar:<\/h2>\n<ul>\n<li>Ficha de datos del adaptador de audio Lightning a conector hembra de auriculares de 3,5 mm de Apple<\/li>\n<\/ul>\n<h2>Informaci\u00f3n sobre pedidos:<\/h2>\n<ul>\n<li>FS18501A: 8CM Apple estilo original ABS shell<\/li>\n<li>FS18501b: cable trenzado de 8CM con cubierta met\u00e1lica<\/li>\n<\/ul>","protected":false},"excerpt":{"rendered":"<p>Mejora tu experiencia de audio con nuestro adaptador Jack para auriculares, un accesorio vers\u00e1til dise\u00f1ado para todos los dispositivos Apple equipados con un conector Lightning.<\/p>","protected":false},"featured_media":17712,"template":"","meta":{"_acf_changed":false,"_seopress_robots_primary_cat":"","_seopress_titles_title":"Headphone Jack Adapter - Farsince","_seopress_titles_desc":"","_seopress_robots_index":"","site-sidebar-layout":"default","site-content-layout":"default","ast-site-content-layout":"default","site-content-style":"default","site-sidebar-style":"default","ast-global-header-display":"","ast-banner-title-visibility":"","ast-main-header-display":"","ast-hfb-above-header-display":"","ast-hfb-below-header-display":"","ast-hfb-mobile-header-display":"","site-post-title":"","ast-breadcrumbs-content":"","ast-featured-img":"","footer-sml-layout":"","ast-disable-related-posts":"","theme-transparent-header-meta":"default","adv-header-id-meta":"","stick-header-meta":"","header-above-stick-meta":"","header-main-stick-meta":"","header-below-stick-meta":"","astra-migrate-meta-layouts":"default","ast-page-background-enabled":"default","ast-page-background-meta":{"desktop":{"background-color":"","background-image":"","background-repeat":"repeat","background-position":"center center","background-size":"auto","background-attachment":"scroll","background-type":"","background-media":"","overlay-type":"","overlay-color":"","overlay-opacity":"","overlay-gradient":""},"tablet":{"background-color":"","background-image":"","background-repeat":"repeat","background-position":"center center","background-size":"auto","background-attachment":"scroll","background-type":"","background-media":"","overlay-type":"","overlay-color":"","overlay-opacity":"","overlay-gradient":""},"mobile":{"background-color":"","background-image":"","background-repeat":"repeat","background-position":"center center","background-size":"auto","background-attachment":"scroll","background-type":"","background-media":"","overlay-type":"","overlay-color":"","overlay-opacity":"","overlay-gradient":""}},"ast-content-background-meta":{"desktop":{"background-color":"var(--ast-global-color-5)","background-image":"","background-repeat":"repeat","background-position":"center center","background-size":"auto","background-attachment":"scroll","background-type":"","background-media":"","overlay-type":"","overlay-color":"","overlay-opacity":"","overlay-gradient":""},"tablet":{"background-color":"var(--ast-global-color-5)","background-image":"","background-repeat":"repeat","background-position":"center center","background-size":"auto","background-attachment":"scroll","background-type":"","background-media":"","overlay-type":"","overlay-color":"","overlay-opacity":"","overlay-gradient":""},"mobile":{"background-color":"var(--ast-global-color-5)","background-image":"","background-repeat":"repeat","background-position":"center center","background-size":"auto","background-attachment":"scroll","background-type":"","background-media":"","overlay-type":"","overlay-color":"","overlay-opacity":"","overlay-gradient":""}},"iawp_total_views":3},"product_brand":[],"product_cat":[219],"product_tag":[],"class_list":{"0":"post-17709","1":"product","2":"type-product","3":"status-publish","4":"has-post-thumbnail","6":"product_cat-audio-video","7":"desktop-align-left","8":"tablet-align-left","9":"mobile-align-left","11":"first","12":"instock","13":"shipping-taxable","14":"purchasable","15":"product-type-simple"},"acf":[],"_links":{"self":[{"href":"https:\/\/www.fjpremium.com\/es\/wp-json\/wp\/v2\/product\/17709","targetHints":{"allow":["GET"]}}],"collection":[{"href":"https:\/\/www.fjpremium.com\/es\/wp-json\/wp\/v2\/product"}],"about":[{"href":"https:\/\/www.fjpremium.com\/es\/wp-json\/wp\/v2\/types\/product"}],"wp:featuredmedia":[{"embeddable":true,"href":"https:\/\/www.fjpremium.com\/es\/wp-json\/wp\/v2\/media\/17712"}],"wp:attachment":[{"href":"https:\/\/www.fjpremium.com\/es\/wp-json\/wp\/v2\/media?parent=17709"}],"wp:term":[{"taxonomy":"product_brand","embeddable":true,"href":"https:\/\/www.fjpremium.com\/es\/wp-json\/wp\/v2\/product_brand?post=17709"},{"taxonomy":"product_cat","embeddable":true,"href":"https:\/\/www.fjpremium.com\/es\/wp-json\/wp\/v2\/product_cat?post=17709"},{"taxonomy":"product_tag","embeddable":true,"href":"https:\/\/www.fjpremium.com\/es\/wp-json\/wp\/v2\/product_tag?post=17709"}],"curies":[{"name":"wp","href":"https:\/\/api.w.org\/{rel}","templated":true}]}}