{"id":17704,"date":"2021-03-11T10:47:04","date_gmt":"2021-03-11T02:47:04","guid":{"rendered":"https:\/\/www.fjpremium.com\/?post_type=product&#038;p=17704"},"modified":"2023-05-24T15:00:14","modified_gmt":"2023-05-24T07:00:14","slug":"digital-optical-audio-cable-toslink-fiber-optic-cable","status":"publish","type":"product","link":"https:\/\/www.fjpremium.com\/es\/product\/digital-optical-audio-cable-toslink-fiber-optic-cable\/","title":{"rendered":"Cable de audio digital \u00f3ptico, cable de fibra \u00f3ptica Toslink"},"content":{"rendered":"<p>El cable de fibra \u00f3ptica Toslink, nuestro cable de audio \u00f3ptico digital, conecta componentes de audio de alto rendimiento como la Xbox 360 y la Xbox One a tu televisor, receptor AV, DAC y PS4.<\/p>\n<p>Funciona con VD\/CD, Blu-ray y otros equipos con conectores Toslink (S\/PDIF, \u00f3pticos) est\u00e1ndar y de alta definici\u00f3n.<\/p>\n<p>Este cable de audio \u00f3ptico digital incluye cables de audio Toslink macho a macho y conectores chapados en oro para una conectividad s\u00f3lida y resistencia a la corrosi\u00f3n.<\/p>\n<p>Una particular tecnolog\u00eda de lentes microconvexas permite concentrar bien el haz, disminuyendo la p\u00e9rdida de se\u00f1al, y una tapa protectora de goma evita que las part\u00edculas de polvo se acerquen a los extremos \u00f3pticos.<\/p>\n<p>El cable es adecuado para PCM de 2 canales, sonido envolvente Dolby 2.0\/5.1\/7.1, DTS, LPCM 5.1 y otras se\u00f1ales de audio gracias a su amplia compatibilidad con el protocolo S\/PDIF est\u00e1ndar y a su cubierta de PVC flexible y resistente, que garantiza un uso prolongado.<\/p>\n<p>Para construir el cable de audio \u00f3ptico digital tambi\u00e9n se utiliza un cabezal de pl\u00e1stico y una carcasa met\u00e1lica de conexi\u00f3n, as\u00ed como contactos y una carcasa chapados en oro, para aumentar la longevidad.<\/p>\n<p>Su conductor es de cobre desnudo o CCS y se protege a\u00fan m\u00e1s coloc\u00e1ndolo dentro de un molde de inyecci\u00f3n.<\/p>\n<p>Adem\u00e1s, presenta un di\u00e1metro exterior de 6,0 mm, una atenuaci\u00f3n inferior a 180 dB\/km y un rango de temperatura de trabajo de -55 \u00b0C a +85 \u00b0C.<\/p>\n<p>Como resultado, nuestro cable ofrece una conexi\u00f3n fiable y de alta calidad para sus dispositivos de audio, lo que le permite experimentar una calidad de sonido mejorada en todos sus sistemas de entretenimiento.<\/p>\n<p>Es totalmente compatible con RoHS y REACH. P\u00f3ngase en contacto con nosotros ahora mismo.<\/p>\n<h2>Descargar:<\/h2>\n<ul>\n<li>Ficha de datos del cable audio v\u00eddeo compuesto 3RCA Macho a 3RCA Macho<\/li>\n<\/ul>\n<h2>Informaci\u00f3n sobre pedidos:<\/h2>\n<ul>\n<li>FS18202-010: 1.0M<\/li>\n<li>FS18202-018: 1,8M<\/li>\n<li>FS18202-030: 3,0M<\/li>\n<li>FS18202-050: 5,0M<\/li>\n<\/ul>","protected":false},"excerpt":{"rendered":"<p>Disfrute de una calidad de audio superior con el cable de audio \u00f3ptico digital Farsince, el compa\u00f1ero perfecto para su sistema de cine en casa, barra de sonido, videoconsola y mucho m\u00e1s.<\/p>","protected":false},"featured_media":17707,"template":"","meta":{"_acf_changed":false,"_seopress_robots_primary_cat":"","_seopress_titles_title":"Best Digital Optical Audio Cable - Farsince","_seopress_titles_desc":"","_seopress_robots_index":"","site-sidebar-layout":"default","site-content-layout":"default","ast-site-content-layout":"default","site-content-style":"default","site-sidebar-style":"default","ast-global-header-display":"","ast-banner-title-visibility":"","ast-main-header-display":"","ast-hfb-above-header-display":"","ast-hfb-below-header-display":"","ast-hfb-mobile-header-display":"","site-post-title":"","ast-breadcrumbs-content":"","ast-featured-img":"","footer-sml-layout":"","ast-disable-related-posts":"","theme-transparent-header-meta":"default","adv-header-id-meta":"","stick-header-meta":"","header-above-stick-meta":"","header-main-stick-meta":"","header-below-stick-meta":"","astra-migrate-meta-layouts":"default","ast-page-background-enabled":"default","ast-page-background-meta":{"desktop":{"background-color":"","background-image":"","background-repeat":"repeat","background-position":"center center","background-size":"auto","background-attachment":"scroll","background-type":"","background-media":"","overlay-type":"","overlay-color":"","overlay-opacity":"","overlay-gradient":""},"tablet":{"background-color":"","background-image":"","background-repeat":"repeat","background-position":"center center","background-size":"auto","background-attachment":"scroll","background-type":"","background-media":"","overlay-type":"","overlay-color":"","overlay-opacity":"","overlay-gradient":""},"mobile":{"background-color":"","background-image":"","background-repeat":"repeat","background-position":"center center","background-size":"auto","background-attachment":"scroll","background-type":"","background-media":"","overlay-type":"","overlay-color":"","overlay-opacity":"","overlay-gradient":""}},"ast-content-background-meta":{"desktop":{"background-color":"var(--ast-global-color-5)","background-image":"","background-repeat":"repeat","background-position":"center center","background-size":"auto","background-attachment":"scroll","background-type":"","background-media":"","overlay-type":"","overlay-color":"","overlay-opacity":"","overlay-gradient":""},"tablet":{"background-color":"var(--ast-global-color-5)","background-image":"","background-repeat":"repeat","background-position":"center center","background-size":"auto","background-attachment":"scroll","background-type":"","background-media":"","overlay-type":"","overlay-color":"","overlay-opacity":"","overlay-gradient":""},"mobile":{"background-color":"var(--ast-global-color-5)","background-image":"","background-repeat":"repeat","background-position":"center center","background-size":"auto","background-attachment":"scroll","background-type":"","background-media":"","overlay-type":"","overlay-color":"","overlay-opacity":"","overlay-gradient":""}},"iawp_total_views":16},"product_brand":[],"product_cat":[219],"product_tag":[],"class_list":{"0":"post-17704","1":"product","2":"type-product","3":"status-publish","4":"has-post-thumbnail","6":"product_cat-audio-video","7":"desktop-align-left","8":"tablet-align-left","9":"mobile-align-left","11":"first","12":"instock","13":"shipping-taxable","14":"purchasable","15":"product-type-simple"},"acf":[],"_links":{"self":[{"href":"https:\/\/www.fjpremium.com\/es\/wp-json\/wp\/v2\/product\/17704","targetHints":{"allow":["GET"]}}],"collection":[{"href":"https:\/\/www.fjpremium.com\/es\/wp-json\/wp\/v2\/product"}],"about":[{"href":"https:\/\/www.fjpremium.com\/es\/wp-json\/wp\/v2\/types\/product"}],"wp:featuredmedia":[{"embeddable":true,"href":"https:\/\/www.fjpremium.com\/es\/wp-json\/wp\/v2\/media\/17707"}],"wp:attachment":[{"href":"https:\/\/www.fjpremium.com\/es\/wp-json\/wp\/v2\/media?parent=17704"}],"wp:term":[{"taxonomy":"product_brand","embeddable":true,"href":"https:\/\/www.fjpremium.com\/es\/wp-json\/wp\/v2\/product_brand?post=17704"},{"taxonomy":"product_cat","embeddable":true,"href":"https:\/\/www.fjpremium.com\/es\/wp-json\/wp\/v2\/product_cat?post=17704"},{"taxonomy":"product_tag","embeddable":true,"href":"https:\/\/www.fjpremium.com\/es\/wp-json\/wp\/v2\/product_tag?post=17704"}],"curies":[{"name":"wp","href":"https:\/\/api.w.org\/{rel}","templated":true}]}}