{"id":17698,"date":"2021-03-11T10:45:43","date_gmt":"2021-03-11T02:45:43","guid":{"rendered":"https:\/\/www.fjpremium.com\/?post_type=product&#038;p=17698"},"modified":"2023-05-24T15:02:34","modified_gmt":"2023-05-24T07:02:34","slug":"3rca-male-to-3rca-male-audio-video-composite-cable","status":"publish","type":"product","link":"https:\/\/www.fjpremium.com\/es\/product\/3rca-male-to-3rca-male-audio-video-composite-cable\/","title":{"rendered":"3RCA Macho A 3RCA Macho Audio Video Cable Compuesto"},"content":{"rendered":"<p>Este cable de audio y v\u00eddeo compuesto es una excelente opci\u00f3n para conectar un v\u00eddeo, un descodificador, un reproductor de DVD u otros dispositivos a un televisor, un receptor AV, un amplificador, un proyector, una radio o cualquier equipo con terminales RCA.<\/p>\n<p>Est\u00e1 dise\u00f1ado para transmitir se\u00f1ales de audio y v\u00eddeo de baja frecuencia con alta fidelidad.<\/p>\n<p>La construcci\u00f3n del cable compuesto de audio y v\u00eddeo es digna de elogio, con una cubierta de PVC blando y moldeado para mejorar la flexibilidad y la durabilidad.<\/p>\n<p>Los conectores chapados en oro y los conductores de cobre desnudo se combinan para garantizar un rendimiento superior del cable y una transmisi\u00f3n de audio sin p\u00e9rdidas.<\/p>\n<p>Este cable de v\u00eddeo compuesto cuenta con 3RCA macho a 3RCA macho conexiones, que abarca RCA de v\u00eddeo compuesto (RG59) y 2RCA est\u00e9reo (izquierda y derecha) Cable de audio.<\/p>\n<p>En cuanto a especificaciones, cuenta con conectores RCA macho x 3 en ambos extremos, contactos y carcasas chapados en oro y un conductor CCS.<\/p>\n<p>Emplea un calibre de cable de 28AWG y est\u00e1 alojado en un molde de inyecci\u00f3n, lo que promete durabilidad.<\/p>\n<p>Tambi\u00e9n viene con aislamiento de espuma de polietileno (PF), que mide 2,6\u00d77,8 mm de di\u00e1metro exterior.<\/p>\n<p>Por lo tanto, nuestro cable, que cumple las normas RoHS y REACH, es la mejor opci\u00f3n para una conectividad de audio y v\u00eddeo fiable y de alta calidad.<\/p>\n<h2>Descargar:<\/h2>\n<ul>\n<li>Ficha de datos del cable audio v\u00eddeo compuesto 3RCA Macho a 3RCA Macho<\/li>\n<\/ul>\n<h2>Informaci\u00f3n sobre pedidos:<\/h2>\n<ul>\n<li>FS18103-010: 1.0M<\/li>\n<li>FS18103-018: 1,8M<\/li>\n<li>FS18103-030: 3,0M<\/li>\n<li>FS18103-050: 5,0M<\/li>\n<\/ul>","protected":false},"excerpt":{"rendered":"<p>Experimente la transmisi\u00f3n de audio y v\u00eddeo con nuestro cable compuesto de audio y v\u00eddeo que simplifica sus requisitos de conexi\u00f3n manteniendo una alta calidad de se\u00f1al<\/p>","protected":false},"featured_media":17701,"template":"","meta":{"_acf_changed":false,"_seopress_robots_primary_cat":"","_seopress_titles_title":"Audio Video Composite Cable - Farsince","_seopress_titles_desc":"","_seopress_robots_index":"","site-sidebar-layout":"default","site-content-layout":"default","ast-site-content-layout":"default","site-content-style":"default","site-sidebar-style":"default","ast-global-header-display":"","ast-banner-title-visibility":"","ast-main-header-display":"","ast-hfb-above-header-display":"","ast-hfb-below-header-display":"","ast-hfb-mobile-header-display":"","site-post-title":"","ast-breadcrumbs-content":"","ast-featured-img":"","footer-sml-layout":"","ast-disable-related-posts":"","theme-transparent-header-meta":"default","adv-header-id-meta":"","stick-header-meta":"","header-above-stick-meta":"","header-main-stick-meta":"","header-below-stick-meta":"","astra-migrate-meta-layouts":"default","ast-page-background-enabled":"default","ast-page-background-meta":{"desktop":{"background-color":"","background-image":"","background-repeat":"repeat","background-position":"center center","background-size":"auto","background-attachment":"scroll","background-type":"","background-media":"","overlay-type":"","overlay-color":"","overlay-opacity":"","overlay-gradient":""},"tablet":{"background-color":"","background-image":"","background-repeat":"repeat","background-position":"center center","background-size":"auto","background-attachment":"scroll","background-type":"","background-media":"","overlay-type":"","overlay-color":"","overlay-opacity":"","overlay-gradient":""},"mobile":{"background-color":"","background-image":"","background-repeat":"repeat","background-position":"center center","background-size":"auto","background-attachment":"scroll","background-type":"","background-media":"","overlay-type":"","overlay-color":"","overlay-opacity":"","overlay-gradient":""}},"ast-content-background-meta":{"desktop":{"background-color":"var(--ast-global-color-5)","background-image":"","background-repeat":"repeat","background-position":"center center","background-size":"auto","background-attachment":"scroll","background-type":"","background-media":"","overlay-type":"","overlay-color":"","overlay-opacity":"","overlay-gradient":""},"tablet":{"background-color":"var(--ast-global-color-5)","background-image":"","background-repeat":"repeat","background-position":"center center","background-size":"auto","background-attachment":"scroll","background-type":"","background-media":"","overlay-type":"","overlay-color":"","overlay-opacity":"","overlay-gradient":""},"mobile":{"background-color":"var(--ast-global-color-5)","background-image":"","background-repeat":"repeat","background-position":"center center","background-size":"auto","background-attachment":"scroll","background-type":"","background-media":"","overlay-type":"","overlay-color":"","overlay-opacity":"","overlay-gradient":""}},"iawp_total_views":3},"product_brand":[],"product_cat":[219],"product_tag":[],"class_list":{"0":"post-17698","1":"product","2":"type-product","3":"status-publish","4":"has-post-thumbnail","6":"product_cat-audio-video","7":"desktop-align-left","8":"tablet-align-left","9":"mobile-align-left","11":"first","12":"instock","13":"shipping-taxable","14":"purchasable","15":"product-type-simple"},"acf":[],"_links":{"self":[{"href":"https:\/\/www.fjpremium.com\/es\/wp-json\/wp\/v2\/product\/17698","targetHints":{"allow":["GET"]}}],"collection":[{"href":"https:\/\/www.fjpremium.com\/es\/wp-json\/wp\/v2\/product"}],"about":[{"href":"https:\/\/www.fjpremium.com\/es\/wp-json\/wp\/v2\/types\/product"}],"wp:featuredmedia":[{"embeddable":true,"href":"https:\/\/www.fjpremium.com\/es\/wp-json\/wp\/v2\/media\/17701"}],"wp:attachment":[{"href":"https:\/\/www.fjpremium.com\/es\/wp-json\/wp\/v2\/media?parent=17698"}],"wp:term":[{"taxonomy":"product_brand","embeddable":true,"href":"https:\/\/www.fjpremium.com\/es\/wp-json\/wp\/v2\/product_brand?post=17698"},{"taxonomy":"product_cat","embeddable":true,"href":"https:\/\/www.fjpremium.com\/es\/wp-json\/wp\/v2\/product_cat?post=17698"},{"taxonomy":"product_tag","embeddable":true,"href":"https:\/\/www.fjpremium.com\/es\/wp-json\/wp\/v2\/product_tag?post=17698"}],"curies":[{"name":"wp","href":"https:\/\/api.w.org\/{rel}","templated":true}]}}