{"id":17686,"date":"2021-03-11T10:42:55","date_gmt":"2021-03-11T02:42:55","guid":{"rendered":"https:\/\/www.fjpremium.com\/?post_type=product&#038;p=17686"},"modified":"2023-05-24T15:05:30","modified_gmt":"2023-05-24T07:05:30","slug":"rca-male-to-rca-male-digital-subwoofer-coaxial-audio-cable","status":"publish","type":"product","link":"https:\/\/www.fjpremium.com\/es\/product\/rca-male-to-rca-male-digital-subwoofer-coaxial-audio-cable\/","title":{"rendered":"Cable de audio coaxial digital RCA macho a RCA macho para subwoofer"},"content":{"rendered":"<p>Espec\u00edficamente dise\u00f1ado para proporcionar graves y se\u00f1ales de baja frecuencia de calidad excepcional, este cable de audio coaxial digital enlaza perfectamente su altavoz subwoofer o amplificador a un receptor AV con terminales RCA.<\/p>\n<p>Envuelto en una suave cubierta de PVC, ofrece una mayor flexibilidad y durabilidad.<\/p>\n<p>Adem\u00e1s, combina conectores chapados en oro y conductores de cobre desnudo para ofrecer un rendimiento superior del cable y una transmisi\u00f3n de audio sin p\u00e9rdidas, lo que lo convierte en una parte esencial de su configuraci\u00f3n de audio.<\/p>\n<p>Nuestro cable de audio coaxial digital tiene conectividad de audio de subwoofer RCA macho a macho.<\/p>\n<p>Adem\u00e1s, est\u00e1 dise\u00f1ado para funcionar sin problemas con interfaces COAXIAL y S\/PDIF y es compatible con Dolby Digital, DTS y sonido envolvente 5.1.<\/p>\n<p>Adem\u00e1s, el cable cuenta con conectores RCA macho en ambos extremos y un conductor de cobre desnudo o CCS con un calibre de 24AWG.<\/p>\n<p>Adem\u00e1s, aislado con espuma de polietileno (PF), alojado en un molde de inyecci\u00f3n y con un di\u00e1metro exterior de 5,0 mm, cumple las normas RoHS y REACH.<\/p>\n<p>En resumen, mejore su experiencia de audio con nuestro cable, imprescindible para cualquier audi\u00f3filo que busque una calidad de sonido \u00f3ptima.<\/p>\n<h2>Descargar:<\/h2>\n<ul>\n<li>Ficha de datos del cable coaxial de audio digital RCA a RCA para subwoofer<\/li>\n<\/ul>\n<h2>Informaci\u00f3n sobre pedidos:<\/h2>\n<ul>\n<li>FS18101-010: 1.0M<\/li>\n<li>FS18101-018: 1,8M<\/li>\n<li>FS18101-030: 3,0M<\/li>\n<li>FS18101-050: 5,0M<\/li>\n<\/ul>","protected":false},"excerpt":{"rendered":"<p>Descubra nuestro cable de audio coaxial digital, un compa\u00f1ero ideal para conectar altavoces subwoofer a componentes de audio como receptores est\u00e9reo o sistemas de sonido.<\/p>","protected":false},"featured_media":17688,"template":"","meta":{"_acf_changed":false,"_seopress_robots_primary_cat":"","_seopress_titles_title":"Best Digital Coaxial Audio Cable - Farsince","_seopress_titles_desc":"","_seopress_robots_index":"","site-sidebar-layout":"default","site-content-layout":"default","ast-site-content-layout":"default","site-content-style":"default","site-sidebar-style":"default","ast-global-header-display":"","ast-banner-title-visibility":"","ast-main-header-display":"","ast-hfb-above-header-display":"","ast-hfb-below-header-display":"","ast-hfb-mobile-header-display":"","site-post-title":"","ast-breadcrumbs-content":"","ast-featured-img":"","footer-sml-layout":"","ast-disable-related-posts":"","theme-transparent-header-meta":"default","adv-header-id-meta":"","stick-header-meta":"","header-above-stick-meta":"","header-main-stick-meta":"","header-below-stick-meta":"","astra-migrate-meta-layouts":"default","ast-page-background-enabled":"default","ast-page-background-meta":{"desktop":{"background-color":"","background-image":"","background-repeat":"repeat","background-position":"center center","background-size":"auto","background-attachment":"scroll","background-type":"","background-media":"","overlay-type":"","overlay-color":"","overlay-opacity":"","overlay-gradient":""},"tablet":{"background-color":"","background-image":"","background-repeat":"repeat","background-position":"center center","background-size":"auto","background-attachment":"scroll","background-type":"","background-media":"","overlay-type":"","overlay-color":"","overlay-opacity":"","overlay-gradient":""},"mobile":{"background-color":"","background-image":"","background-repeat":"repeat","background-position":"center center","background-size":"auto","background-attachment":"scroll","background-type":"","background-media":"","overlay-type":"","overlay-color":"","overlay-opacity":"","overlay-gradient":""}},"ast-content-background-meta":{"desktop":{"background-color":"var(--ast-global-color-5)","background-image":"","background-repeat":"repeat","background-position":"center center","background-size":"auto","background-attachment":"scroll","background-type":"","background-media":"","overlay-type":"","overlay-color":"","overlay-opacity":"","overlay-gradient":""},"tablet":{"background-color":"var(--ast-global-color-5)","background-image":"","background-repeat":"repeat","background-position":"center center","background-size":"auto","background-attachment":"scroll","background-type":"","background-media":"","overlay-type":"","overlay-color":"","overlay-opacity":"","overlay-gradient":""},"mobile":{"background-color":"var(--ast-global-color-5)","background-image":"","background-repeat":"repeat","background-position":"center center","background-size":"auto","background-attachment":"scroll","background-type":"","background-media":"","overlay-type":"","overlay-color":"","overlay-opacity":"","overlay-gradient":""}},"iawp_total_views":16},"product_brand":[],"product_cat":[219],"product_tag":[],"class_list":{"0":"post-17686","1":"product","2":"type-product","3":"status-publish","4":"has-post-thumbnail","6":"product_cat-audio-video","7":"desktop-align-left","8":"tablet-align-left","9":"mobile-align-left","11":"first","12":"instock","13":"shipping-taxable","14":"purchasable","15":"product-type-simple"},"acf":[],"_links":{"self":[{"href":"https:\/\/www.fjpremium.com\/es\/wp-json\/wp\/v2\/product\/17686","targetHints":{"allow":["GET"]}}],"collection":[{"href":"https:\/\/www.fjpremium.com\/es\/wp-json\/wp\/v2\/product"}],"about":[{"href":"https:\/\/www.fjpremium.com\/es\/wp-json\/wp\/v2\/types\/product"}],"wp:featuredmedia":[{"embeddable":true,"href":"https:\/\/www.fjpremium.com\/es\/wp-json\/wp\/v2\/media\/17688"}],"wp:attachment":[{"href":"https:\/\/www.fjpremium.com\/es\/wp-json\/wp\/v2\/media?parent=17686"}],"wp:term":[{"taxonomy":"product_brand","embeddable":true,"href":"https:\/\/www.fjpremium.com\/es\/wp-json\/wp\/v2\/product_brand?post=17686"},{"taxonomy":"product_cat","embeddable":true,"href":"https:\/\/www.fjpremium.com\/es\/wp-json\/wp\/v2\/product_cat?post=17686"},{"taxonomy":"product_tag","embeddable":true,"href":"https:\/\/www.fjpremium.com\/es\/wp-json\/wp\/v2\/product_tag?post=17686"}],"curies":[{"name":"wp","href":"https:\/\/api.w.org\/{rel}","templated":true}]}}