{"id":17678,"date":"2021-03-11T10:41:25","date_gmt":"2021-03-11T02:41:25","guid":{"rendered":"https:\/\/www.fjpremium.com\/?post_type=product&#038;p=17678"},"modified":"2023-11-02T14:07:53","modified_gmt":"2023-11-02T06:07:53","slug":"3-5mm-male-to-3rca-male-plug-stereo-audio-video-aux-cable","status":"publish","type":"product","link":"https:\/\/www.fjpremium.com\/es\/product\/3-5mm-male-to-3rca-male-plug-stereo-audio-video-aux-cable\/","title":{"rendered":"3.5mm Macho a 3RCA Macho Plug Stereo Audio Video AUX Cable"},"content":{"rendered":"<p>Ya sea un Smartphone (excepto iPhones), un reproductor MP3 como un iPod o un Walkman, o una tableta como un iPad, Galaxy o Fire, este cable AUX de audio y v\u00eddeo es la soluci\u00f3n para conectar estos dispositivos a un televisor (excepto televisores Sony), receptor AV, amplificador, proyector o cualquier otro dispositivo compatible con RCA.<\/p>\n<p>Viene con una configuraci\u00f3n de cable de audio de 3,5 mm macho a 3 RCA macho, conectores chapados en oro dise\u00f1ados para resistir la corrosi\u00f3n y garantizar una conectividad fiable, y un conductor de cobre para maximizar la conductividad y la durabilidad.<\/p>\n<p>Adem\u00e1s, envuelto en una cubierta de PVC suave y flexible, es f\u00e1cil de manejar, y sus conductores de cobre desnudo mejoran el rendimiento.<\/p>\n<p>Pero tenga en cuenta que este cable no es compatible con televisores Sony como Sony XBV TV\/Bra Via TV y otros modelos Sony, ni con videoc\u00e1maras Sony.<\/p>\n<p>Adem\u00e1s, nuestro cable AUX de audio y v\u00eddeo est\u00e1 alojado en un molde de inyecci\u00f3n y tiene un di\u00e1metro exterior de 2,6\u00d77,8 mm. Y cumple las normas RoHS y REACH.<\/p>\n<p>Por lo tanto, eleve su experiencia de audio y v\u00eddeo con este cable, una conexi\u00f3n fiable y de alta calidad para sus necesidades de entretenimiento.<\/p>\n<h2>Descargar:<\/h2>\n<ul>\n<li>Ficha de datos del cable coaxial adaptador de audio est\u00e9reo de 3,5 mm macho a 3RCA macho<\/li>\n<\/ul>\n<h2>Informaci\u00f3n sobre pedidos:<\/h2>\n<ul>\n<li>FS18010-010: 1.0M<\/li>\n<li>FS18010-018: 1,8M<\/li>\n<li>FS18010-030: 3,0M<\/li>\n<li>FS18010-050: 5,0M<\/li>\n<\/ul>","protected":false},"excerpt":{"rendered":"<p>Presentamos este cable AUX de audio y v\u00eddeo est\u00e9reo con conector macho de 3,5 mm a macho 3RCA, un conector vers\u00e1til que une sus dispositivos de audio port\u00e1tiles con los sistemas de audio dom\u00e9sticos.<\/p>","protected":false},"featured_media":17679,"template":"","meta":{"_acf_changed":false,"_seopress_robots_primary_cat":"","_seopress_titles_title":"3.5mm Male to 3RCA Male Plug Stereo Audio Video AUX Cable - Farsince","_seopress_titles_desc":"Connect your audio and video devices with Farsince&#039;s 3.5mm Male to 3RCA Male Plug Stereo Audio Video AUX Cable. Our cable provides reliable and seamless connection for high-quality audio and video transfer. ","_seopress_robots_index":"","site-sidebar-layout":"default","site-content-layout":"default","ast-site-content-layout":"default","site-content-style":"default","site-sidebar-style":"default","ast-global-header-display":"","ast-banner-title-visibility":"","ast-main-header-display":"","ast-hfb-above-header-display":"","ast-hfb-below-header-display":"","ast-hfb-mobile-header-display":"","site-post-title":"","ast-breadcrumbs-content":"","ast-featured-img":"","footer-sml-layout":"","ast-disable-related-posts":"","theme-transparent-header-meta":"default","adv-header-id-meta":"","stick-header-meta":"","header-above-stick-meta":"","header-main-stick-meta":"","header-below-stick-meta":"","astra-migrate-meta-layouts":"set","ast-page-background-enabled":"default","ast-page-background-meta":{"desktop":{"background-color":"","background-image":"","background-repeat":"repeat","background-position":"center center","background-size":"auto","background-attachment":"scroll","background-type":"","background-media":"","overlay-type":"","overlay-color":"","overlay-opacity":"","overlay-gradient":""},"tablet":{"background-color":"","background-image":"","background-repeat":"repeat","background-position":"center center","background-size":"auto","background-attachment":"scroll","background-type":"","background-media":"","overlay-type":"","overlay-color":"","overlay-opacity":"","overlay-gradient":""},"mobile":{"background-color":"","background-image":"","background-repeat":"repeat","background-position":"center center","background-size":"auto","background-attachment":"scroll","background-type":"","background-media":"","overlay-type":"","overlay-color":"","overlay-opacity":"","overlay-gradient":""}},"ast-content-background-meta":{"desktop":{"background-color":"var(--ast-global-color-5)","background-image":"","background-repeat":"repeat","background-position":"center center","background-size":"auto","background-attachment":"scroll","background-type":"","background-media":"","overlay-type":"","overlay-color":"","overlay-opacity":"","overlay-gradient":""},"tablet":{"background-color":"var(--ast-global-color-5)","background-image":"","background-repeat":"repeat","background-position":"center center","background-size":"auto","background-attachment":"scroll","background-type":"","background-media":"","overlay-type":"","overlay-color":"","overlay-opacity":"","overlay-gradient":""},"mobile":{"background-color":"var(--ast-global-color-5)","background-image":"","background-repeat":"repeat","background-position":"center center","background-size":"auto","background-attachment":"scroll","background-type":"","background-media":"","overlay-type":"","overlay-color":"","overlay-opacity":"","overlay-gradient":""}},"iawp_total_views":9},"product_brand":[],"product_cat":[219],"product_tag":[],"class_list":{"0":"post-17678","1":"product","2":"type-product","3":"status-publish","4":"has-post-thumbnail","6":"product_cat-audio-video","7":"desktop-align-left","8":"tablet-align-left","9":"mobile-align-left","11":"first","12":"instock","13":"shipping-taxable","14":"purchasable","15":"product-type-simple"},"acf":[],"_links":{"self":[{"href":"https:\/\/www.fjpremium.com\/es\/wp-json\/wp\/v2\/product\/17678","targetHints":{"allow":["GET"]}}],"collection":[{"href":"https:\/\/www.fjpremium.com\/es\/wp-json\/wp\/v2\/product"}],"about":[{"href":"https:\/\/www.fjpremium.com\/es\/wp-json\/wp\/v2\/types\/product"}],"wp:featuredmedia":[{"embeddable":true,"href":"https:\/\/www.fjpremium.com\/es\/wp-json\/wp\/v2\/media\/17679"}],"wp:attachment":[{"href":"https:\/\/www.fjpremium.com\/es\/wp-json\/wp\/v2\/media?parent=17678"}],"wp:term":[{"taxonomy":"product_brand","embeddable":true,"href":"https:\/\/www.fjpremium.com\/es\/wp-json\/wp\/v2\/product_brand?post=17678"},{"taxonomy":"product_cat","embeddable":true,"href":"https:\/\/www.fjpremium.com\/es\/wp-json\/wp\/v2\/product_cat?post=17678"},{"taxonomy":"product_tag","embeddable":true,"href":"https:\/\/www.fjpremium.com\/es\/wp-json\/wp\/v2\/product_tag?post=17678"}],"curies":[{"name":"wp","href":"https:\/\/api.w.org\/{rel}","templated":true}]}}