{"id":17669,"date":"2021-03-11T10:39:39","date_gmt":"2021-03-11T02:39:39","guid":{"rendered":"https:\/\/www.fjpremium.com\/?post_type=product&#038;p=17669"},"modified":"2023-05-24T15:10:52","modified_gmt":"2023-05-24T07:10:52","slug":"high-quality-3-5mm-male-to-2rca-male-stereo-audio-cable-with-metal-housing","status":"publish","type":"product","link":"https:\/\/www.fjpremium.com\/es\/product\/high-quality-3-5mm-male-to-2rca-male-stereo-audio-cable-with-metal-housing\/","title":{"rendered":"Cable de audio est\u00e9reo de 3,5 mm macho a 2RCA macho de alta calidad con carcasa met\u00e1lica"},"content":{"rendered":"<p>Este cable de audio est\u00e9reo de primera calidad garantiza una experiencia de audio rica al incluir una conexi\u00f3n de 3,5 mm que funciona con la toma de auriculares de cualquier dispositivo y dos conectores RCA que est\u00e1n hechos para coincidir con las entradas auxiliares izquierda y derecha de su sistema de sonido.<\/p>\n<p>Otra ventaja es que puedes conectarlo a tu dispositivo de origen sin quitar la carcasa del tel\u00e9fono, gracias al dise\u00f1o compacto del conector met\u00e1lico de la carcasa.<\/p>\n<p>Nuestro cable de audio est\u00e9reo superior est\u00e1 hecho de cobre para una conductividad y longevidad \u00f3ptimas, conexiones chapadas en oro que evitan la corrosi\u00f3n y garantizan una conectividad fiable, y una construcci\u00f3n de cable de audio de 3,5 mm macho a 2 RCA macho.<\/p>\n<p>Adem\u00e1s, el cable est\u00e1 recubierto de una funda de PVC suave y flexible para aumentar su longevidad y facilidad de manejo.<\/p>\n<p>Adem\u00e1s, el conductor del cable es de cobre desnudo o CCS con un calibre de 28AWG 10\/0,1 mm.<\/p>\n<p>Presenta un di\u00e1metro exterior de 2,6\u00d75,2 mm, una carcasa moldeada por inyecci\u00f3n y cumple las normativas RoHS y REACH.<\/p>\n<p>En general, conf\u00ede en este cable para obtener una mayor calidad de audio. Es un enlace fiable y de primera calidad para todas sus necesidades de audio est\u00e9reo.<\/p>\n<h2>Descargar:<\/h2>\n<ul>\n<li>Ficha de datos del cable coaxial adaptador de audio est\u00e9reo de 3,5 mm macho a 2RCA macho de alta calidad<\/li>\n<\/ul>\n<h2>Informaci\u00f3n sobre pedidos:<\/h2>\n<ul>\n<li>FS18009A-010: 1.0M<\/li>\n<li>FS18009A-018: 1,8M<\/li>\n<li>FS18009A-030: 3,0M<\/li>\n<li>FS18009A-050: 5,0M<\/li>\n<\/ul>","protected":false},"excerpt":{"rendered":"<p>Experimente la m\u00e1xima claridad de audio con nuestro cable de audio est\u00e9reo, una soluci\u00f3n \u00f3ptima para conectar su tel\u00e9fono m\u00f3vil, reproductor MP3 o PC a su sistema de audio dom\u00e9stico<\/p>","protected":false},"featured_media":17670,"template":"","meta":{"_acf_changed":false,"_seopress_robots_primary_cat":"","_seopress_titles_title":"3.5mm Male to 2RCA Male Stereo Audio Cable - Farsince","_seopress_titles_desc":"","_seopress_robots_index":"","site-sidebar-layout":"default","site-content-layout":"default","ast-site-content-layout":"default","site-content-style":"default","site-sidebar-style":"default","ast-global-header-display":"","ast-banner-title-visibility":"","ast-main-header-display":"","ast-hfb-above-header-display":"","ast-hfb-below-header-display":"","ast-hfb-mobile-header-display":"","site-post-title":"","ast-breadcrumbs-content":"","ast-featured-img":"","footer-sml-layout":"","ast-disable-related-posts":"","theme-transparent-header-meta":"default","adv-header-id-meta":"","stick-header-meta":"","header-above-stick-meta":"","header-main-stick-meta":"","header-below-stick-meta":"","astra-migrate-meta-layouts":"default","ast-page-background-enabled":"default","ast-page-background-meta":{"desktop":{"background-color":"","background-image":"","background-repeat":"repeat","background-position":"center center","background-size":"auto","background-attachment":"scroll","background-type":"","background-media":"","overlay-type":"","overlay-color":"","overlay-opacity":"","overlay-gradient":""},"tablet":{"background-color":"","background-image":"","background-repeat":"repeat","background-position":"center center","background-size":"auto","background-attachment":"scroll","background-type":"","background-media":"","overlay-type":"","overlay-color":"","overlay-opacity":"","overlay-gradient":""},"mobile":{"background-color":"","background-image":"","background-repeat":"repeat","background-position":"center center","background-size":"auto","background-attachment":"scroll","background-type":"","background-media":"","overlay-type":"","overlay-color":"","overlay-opacity":"","overlay-gradient":""}},"ast-content-background-meta":{"desktop":{"background-color":"var(--ast-global-color-5)","background-image":"","background-repeat":"repeat","background-position":"center center","background-size":"auto","background-attachment":"scroll","background-type":"","background-media":"","overlay-type":"","overlay-color":"","overlay-opacity":"","overlay-gradient":""},"tablet":{"background-color":"var(--ast-global-color-5)","background-image":"","background-repeat":"repeat","background-position":"center center","background-size":"auto","background-attachment":"scroll","background-type":"","background-media":"","overlay-type":"","overlay-color":"","overlay-opacity":"","overlay-gradient":""},"mobile":{"background-color":"var(--ast-global-color-5)","background-image":"","background-repeat":"repeat","background-position":"center center","background-size":"auto","background-attachment":"scroll","background-type":"","background-media":"","overlay-type":"","overlay-color":"","overlay-opacity":"","overlay-gradient":""}},"iawp_total_views":2},"product_brand":[],"product_cat":[219],"product_tag":[],"class_list":{"0":"post-17669","1":"product","2":"type-product","3":"status-publish","4":"has-post-thumbnail","6":"product_cat-audio-video","7":"desktop-align-left","8":"tablet-align-left","9":"mobile-align-left","11":"first","12":"instock","13":"shipping-taxable","14":"purchasable","15":"product-type-simple"},"acf":[],"_links":{"self":[{"href":"https:\/\/www.fjpremium.com\/es\/wp-json\/wp\/v2\/product\/17669","targetHints":{"allow":["GET"]}}],"collection":[{"href":"https:\/\/www.fjpremium.com\/es\/wp-json\/wp\/v2\/product"}],"about":[{"href":"https:\/\/www.fjpremium.com\/es\/wp-json\/wp\/v2\/types\/product"}],"wp:featuredmedia":[{"embeddable":true,"href":"https:\/\/www.fjpremium.com\/es\/wp-json\/wp\/v2\/media\/17670"}],"wp:attachment":[{"href":"https:\/\/www.fjpremium.com\/es\/wp-json\/wp\/v2\/media?parent=17669"}],"wp:term":[{"taxonomy":"product_brand","embeddable":true,"href":"https:\/\/www.fjpremium.com\/es\/wp-json\/wp\/v2\/product_brand?post=17669"},{"taxonomy":"product_cat","embeddable":true,"href":"https:\/\/www.fjpremium.com\/es\/wp-json\/wp\/v2\/product_cat?post=17669"},{"taxonomy":"product_tag","embeddable":true,"href":"https:\/\/www.fjpremium.com\/es\/wp-json\/wp\/v2\/product_tag?post=17669"}],"curies":[{"name":"wp","href":"https:\/\/api.w.org\/{rel}","templated":true}]}}