{"id":17659,"date":"2021-03-11T10:37:50","date_gmt":"2021-03-11T02:37:50","guid":{"rendered":"https:\/\/www.fjpremium.com\/?post_type=product&#038;p=17659"},"modified":"2023-05-24T15:12:16","modified_gmt":"2023-05-24T07:12:16","slug":"3-5mm-male-to-2rca-male-stereo-audio-adapter-coaxial-cable","status":"publish","type":"product","link":"https:\/\/www.fjpremium.com\/es\/product\/3-5mm-male-to-2rca-male-stereo-audio-adapter-coaxial-cable\/","title":{"rendered":"Adaptador de cable coaxial de audio est\u00e9reo de 3,5 mm macho a 2RCA macho"},"content":{"rendered":"<p>Nuestro adaptador de cable coaxial le permite conectar su tel\u00e9fono m\u00f3vil, iPod, reproductor MP3, tableta o PC a su sistema de audio dom\u00e9stico, mejorando la versatilidad y funcionalidad de sus dispositivos de audio.<\/p>\n<p>Se compone de un cable de conexi\u00f3n est\u00e9reo de 3,5 mm (clavija de auriculares de 1\/8\u2033) a 2 RCA (derecha\/izquierda).<\/p>\n<p>Est\u00e1 dise\u00f1ado para conectar la clavija de 3,5 mm a la toma de auriculares de tu dispositivo u ordenador y las 2 clavijas RCA a las entradas auxiliares izquierda y derecha de tu sistema de sonido.<\/p>\n<p>La extraordinaria claridad de audio es una de las caracter\u00edsticas clave de este adaptador de cable coaxial de gama alta.<\/p>\n<p>Ofrece un rendimiento consistente en longitudes totales, proporcionando una conexi\u00f3n vers\u00e1til entre hardware para todas sus necesidades de audio est\u00e9reo.<\/p>\n<p>Y el delgado conector met\u00e1lico de la carcasa est\u00e1 cuidadosamente dise\u00f1ado para que puedas conectarlo a tu dispositivo fuente sin necesidad de quitar la carcasa del m\u00f3vil.<\/p>\n<p>Nuestro adaptador de cable coaxial cuenta con conectores chapados en oro para una mayor resistencia a la corrosi\u00f3n y una conectividad fiable, y cobre para una m\u00e1xima conductividad y durabilidad.<\/p>\n<p>La cubierta de PVC suave y flexible y los conductores de cobre desnudo garantizan un mejor rendimiento y una f\u00e1cil gesti\u00f3n de los cables.<\/p>\n<p>Adem\u00e1s, el conductor del cable es de cobre desnudo o CCS, con un calibre de 28AWG 10\/0,1 mm.<\/p>\n<p>Su carcasa es un molde de inyecci\u00f3n, y su di\u00e1metro exterior es de 2,6\u00d75,2 mm, que cumple con RoHS y REACH.<\/p>\n<p>En definitiva, este adaptador es una opci\u00f3n de primer nivel para aquellos que quieran mejorar sus proyectos de audio.<\/p>\n<h2>Descargar:<\/h2>\n<ul>\n<li>Ficha de datos del cable coaxial adaptador de audio est\u00e9reo de 3,5 mm macho a 2RCA macho<\/li>\n<\/ul>\n<h2>Informaci\u00f3n sobre pedidos:<\/h2>\n<ul>\n<li>FS18009-010: 1.0M<\/li>\n<li>FS18009-018: 1,8M<\/li>\n<li>FS18009-030: 3,0M<\/li>\n<li>FS18009-050: 5,0M<\/li>\n<\/ul>","protected":false},"excerpt":{"rendered":"<p>Este adaptador de cable coaxial de audio est\u00e9reo de 3,5 mm macho a 2RCA macho de Farsince es una opci\u00f3n fiable y de alta calidad para mejorar sus experiencias de audio.<\/p>","protected":false},"featured_media":17660,"template":"","meta":{"_acf_changed":false,"_seopress_robots_primary_cat":"","_seopress_titles_title":"Stereo Audio Coaxial Cable Adapter - Farsince","_seopress_titles_desc":"","_seopress_robots_index":"","site-sidebar-layout":"default","site-content-layout":"default","ast-site-content-layout":"default","site-content-style":"default","site-sidebar-style":"default","ast-global-header-display":"","ast-banner-title-visibility":"","ast-main-header-display":"","ast-hfb-above-header-display":"","ast-hfb-below-header-display":"","ast-hfb-mobile-header-display":"","site-post-title":"","ast-breadcrumbs-content":"","ast-featured-img":"","footer-sml-layout":"","ast-disable-related-posts":"","theme-transparent-header-meta":"default","adv-header-id-meta":"","stick-header-meta":"","header-above-stick-meta":"","header-main-stick-meta":"","header-below-stick-meta":"","astra-migrate-meta-layouts":"default","ast-page-background-enabled":"default","ast-page-background-meta":{"desktop":{"background-color":"","background-image":"","background-repeat":"repeat","background-position":"center center","background-size":"auto","background-attachment":"scroll","background-type":"","background-media":"","overlay-type":"","overlay-color":"","overlay-opacity":"","overlay-gradient":""},"tablet":{"background-color":"","background-image":"","background-repeat":"repeat","background-position":"center center","background-size":"auto","background-attachment":"scroll","background-type":"","background-media":"","overlay-type":"","overlay-color":"","overlay-opacity":"","overlay-gradient":""},"mobile":{"background-color":"","background-image":"","background-repeat":"repeat","background-position":"center center","background-size":"auto","background-attachment":"scroll","background-type":"","background-media":"","overlay-type":"","overlay-color":"","overlay-opacity":"","overlay-gradient":""}},"ast-content-background-meta":{"desktop":{"background-color":"var(--ast-global-color-5)","background-image":"","background-repeat":"repeat","background-position":"center center","background-size":"auto","background-attachment":"scroll","background-type":"","background-media":"","overlay-type":"","overlay-color":"","overlay-opacity":"","overlay-gradient":""},"tablet":{"background-color":"var(--ast-global-color-5)","background-image":"","background-repeat":"repeat","background-position":"center center","background-size":"auto","background-attachment":"scroll","background-type":"","background-media":"","overlay-type":"","overlay-color":"","overlay-opacity":"","overlay-gradient":""},"mobile":{"background-color":"var(--ast-global-color-5)","background-image":"","background-repeat":"repeat","background-position":"center center","background-size":"auto","background-attachment":"scroll","background-type":"","background-media":"","overlay-type":"","overlay-color":"","overlay-opacity":"","overlay-gradient":""}},"iawp_total_views":12},"product_brand":[],"product_cat":[219],"product_tag":[],"class_list":{"0":"post-17659","1":"product","2":"type-product","3":"status-publish","4":"has-post-thumbnail","6":"product_cat-audio-video","7":"desktop-align-left","8":"tablet-align-left","9":"mobile-align-left","11":"first","12":"instock","13":"shipping-taxable","14":"purchasable","15":"product-type-simple"},"acf":[],"_links":{"self":[{"href":"https:\/\/www.fjpremium.com\/es\/wp-json\/wp\/v2\/product\/17659","targetHints":{"allow":["GET"]}}],"collection":[{"href":"https:\/\/www.fjpremium.com\/es\/wp-json\/wp\/v2\/product"}],"about":[{"href":"https:\/\/www.fjpremium.com\/es\/wp-json\/wp\/v2\/types\/product"}],"wp:featuredmedia":[{"embeddable":true,"href":"https:\/\/www.fjpremium.com\/es\/wp-json\/wp\/v2\/media\/17660"}],"wp:attachment":[{"href":"https:\/\/www.fjpremium.com\/es\/wp-json\/wp\/v2\/media?parent=17659"}],"wp:term":[{"taxonomy":"product_brand","embeddable":true,"href":"https:\/\/www.fjpremium.com\/es\/wp-json\/wp\/v2\/product_brand?post=17659"},{"taxonomy":"product_cat","embeddable":true,"href":"https:\/\/www.fjpremium.com\/es\/wp-json\/wp\/v2\/product_cat?post=17659"},{"taxonomy":"product_tag","embeddable":true,"href":"https:\/\/www.fjpremium.com\/es\/wp-json\/wp\/v2\/product_tag?post=17659"}],"curies":[{"name":"wp","href":"https:\/\/api.w.org\/{rel}","templated":true}]}}