{"id":17649,"date":"2021-03-11T10:36:21","date_gmt":"2021-03-11T02:36:21","guid":{"rendered":"https:\/\/www.fjpremium.com\/?post_type=product&#038;p=17649"},"modified":"2023-05-24T15:13:39","modified_gmt":"2023-05-24T07:13:39","slug":"3-5mm-female-to-2-dual-3-5mm-male-headphone-mic-audio-y-splitter-cable","status":"publish","type":"product","link":"https:\/\/www.fjpremium.com\/es\/product\/3-5mm-female-to-2-dual-3-5mm-male-headphone-mic-audio-y-splitter-cable\/","title":{"rendered":"3.5mm Hembra a 2 Dual 3.5mm Macho Auriculares Mic Audio Y Splitter Cable"},"content":{"rendered":"<p>Este cable divisor en Y le permite utilizar sus auriculares avanzados, equipados con capacidades de audio y micr\u00f3fono, un PC o port\u00e1til para una multitud de aplicaciones VOIP como Skype, MSN Messenger, Yahoo, Google Voice, y mucho m\u00e1s.<\/p>\n<p>Dise\u00f1ado para simplificar las conexiones, enlaza de forma experta los auriculares est\u00e9reo y el micr\u00f3fono a un puerto de audio y micr\u00f3fono del PC simult\u00e1neamente.<\/p>\n<p>Y con un \u00fanico puerto de audio de 3,5 mm, facilita la adici\u00f3n de una entrada de micr\u00f3fono mono y una salida est\u00e9reo a su PC o port\u00e1til.<\/p>\n<p>El chapado en oro de 24 quilates de nuestro cable mejora la calidad del sonido y minimiza las p\u00e9rdidas, mientras que los conductores de cobre proporcionan la m\u00e1xima conductividad y durabilidad.<\/p>\n<p>Su cubierta flexible de PVC y sus conductores de cobre desnudo mejoran a\u00fan m\u00e1s el rendimiento.<\/p>\n<p>Adem\u00e1s, si profundizamos en sus especificaciones, el cable cuenta con dos conectores macho est\u00e9reo de 3,5 mm y 3,5 mm y un conector hembra est\u00e9reo de 3,5 mm y 4 polos, todos ellos con contactos y carcasas chapados en oro para un rendimiento \u00f3ptimo.<\/p>\n<p>Encapsulado en una carcasa de molde de inyecci\u00f3n, tiene un di\u00e1metro exterior de 2,6\u00d75,2 mm y un calibre de cable de 30AWG, y cumple las normas RoHS y REACH.<\/p>\n<p>Por lo tanto, elija este cable divisor en Y para disfrutar de una experiencia de audio fluida y de alta calidad.<\/p>\n<h2>Descargar:<\/h2>\n<ul>\n<li>Ficha de datos de 3,5 mm hembra a 2 auriculares dobles de 3,5 mm macho Mic Audio Y Splitter Cable<\/li>\n<\/ul>\n<h2>Informaci\u00f3n sobre pedidos:<\/h2>\n<ul>\n<li>FS18005: 0,2 m<\/li>\n<\/ul>","protected":false},"excerpt":{"rendered":"<p>Ampl\u00ede sus capacidades de audio con el vers\u00e1til cable divisor en Y de audio para micr\u00f3fono de 3,5 mm hembra a 2 auriculares macho duales de 3,5 mm de Farsince.<\/p>","protected":false},"featured_media":17650,"template":"","meta":{"_acf_changed":false,"_seopress_robots_primary_cat":"","_seopress_titles_title":"Headphone Mic Audio Y Splitter Cable - Farsince","_seopress_titles_desc":"","_seopress_robots_index":"","site-sidebar-layout":"default","site-content-layout":"default","ast-site-content-layout":"default","site-content-style":"default","site-sidebar-style":"default","ast-global-header-display":"","ast-banner-title-visibility":"","ast-main-header-display":"","ast-hfb-above-header-display":"","ast-hfb-below-header-display":"","ast-hfb-mobile-header-display":"","site-post-title":"","ast-breadcrumbs-content":"","ast-featured-img":"","footer-sml-layout":"","ast-disable-related-posts":"","theme-transparent-header-meta":"default","adv-header-id-meta":"","stick-header-meta":"","header-above-stick-meta":"","header-main-stick-meta":"","header-below-stick-meta":"","astra-migrate-meta-layouts":"default","ast-page-background-enabled":"default","ast-page-background-meta":{"desktop":{"background-color":"","background-image":"","background-repeat":"repeat","background-position":"center center","background-size":"auto","background-attachment":"scroll","background-type":"","background-media":"","overlay-type":"","overlay-color":"","overlay-opacity":"","overlay-gradient":""},"tablet":{"background-color":"","background-image":"","background-repeat":"repeat","background-position":"center center","background-size":"auto","background-attachment":"scroll","background-type":"","background-media":"","overlay-type":"","overlay-color":"","overlay-opacity":"","overlay-gradient":""},"mobile":{"background-color":"","background-image":"","background-repeat":"repeat","background-position":"center center","background-size":"auto","background-attachment":"scroll","background-type":"","background-media":"","overlay-type":"","overlay-color":"","overlay-opacity":"","overlay-gradient":""}},"ast-content-background-meta":{"desktop":{"background-color":"var(--ast-global-color-5)","background-image":"","background-repeat":"repeat","background-position":"center center","background-size":"auto","background-attachment":"scroll","background-type":"","background-media":"","overlay-type":"","overlay-color":"","overlay-opacity":"","overlay-gradient":""},"tablet":{"background-color":"var(--ast-global-color-5)","background-image":"","background-repeat":"repeat","background-position":"center center","background-size":"auto","background-attachment":"scroll","background-type":"","background-media":"","overlay-type":"","overlay-color":"","overlay-opacity":"","overlay-gradient":""},"mobile":{"background-color":"var(--ast-global-color-5)","background-image":"","background-repeat":"repeat","background-position":"center center","background-size":"auto","background-attachment":"scroll","background-type":"","background-media":"","overlay-type":"","overlay-color":"","overlay-opacity":"","overlay-gradient":""}},"iawp_total_views":5},"product_brand":[],"product_cat":[219],"product_tag":[],"class_list":{"0":"post-17649","1":"product","2":"type-product","3":"status-publish","4":"has-post-thumbnail","6":"product_cat-audio-video","7":"desktop-align-left","8":"tablet-align-left","9":"mobile-align-left","11":"first","12":"instock","13":"shipping-taxable","14":"purchasable","15":"product-type-simple"},"acf":[],"_links":{"self":[{"href":"https:\/\/www.fjpremium.com\/es\/wp-json\/wp\/v2\/product\/17649","targetHints":{"allow":["GET"]}}],"collection":[{"href":"https:\/\/www.fjpremium.com\/es\/wp-json\/wp\/v2\/product"}],"about":[{"href":"https:\/\/www.fjpremium.com\/es\/wp-json\/wp\/v2\/types\/product"}],"wp:featuredmedia":[{"embeddable":true,"href":"https:\/\/www.fjpremium.com\/es\/wp-json\/wp\/v2\/media\/17650"}],"wp:attachment":[{"href":"https:\/\/www.fjpremium.com\/es\/wp-json\/wp\/v2\/media?parent=17649"}],"wp:term":[{"taxonomy":"product_brand","embeddable":true,"href":"https:\/\/www.fjpremium.com\/es\/wp-json\/wp\/v2\/product_brand?post=17649"},{"taxonomy":"product_cat","embeddable":true,"href":"https:\/\/www.fjpremium.com\/es\/wp-json\/wp\/v2\/product_cat?post=17649"},{"taxonomy":"product_tag","embeddable":true,"href":"https:\/\/www.fjpremium.com\/es\/wp-json\/wp\/v2\/product_tag?post=17649"}],"curies":[{"name":"wp","href":"https:\/\/api.w.org\/{rel}","templated":true}]}}