{"id":17642,"date":"2021-03-11T10:33:53","date_gmt":"2021-03-11T02:33:53","guid":{"rendered":"https:\/\/www.fjpremium.com\/?post_type=product&#038;p=17642"},"modified":"2023-11-02T14:12:59","modified_gmt":"2023-11-02T06:12:59","slug":"headset-y-splitter-cable-3-5mm-male-to-separate-stereo-microphone-female-jack-cable","status":"publish","type":"product","link":"https:\/\/www.fjpremium.com\/es\/product\/headset-y-splitter-cable-3-5mm-male-to-separate-stereo-microphone-female-jack-cable\/","title":{"rendered":"Adaptador de auriculares Y Splitter, cable jack macho de 3,5 mm a jack hembra est\u00e9reo y de micr\u00f3fono separados"},"content":{"rendered":"<p>Dise\u00f1ado meticulosamente, el adaptador de auriculares con divisor en Y permite conectar sin problemas los auriculares con tomas de auriculares y micr\u00f3fono separadas al ordenador, eliminando la barrera de los dispositivos con una sola toma de auriculares.<\/p>\n<p>Enriquecido con un ba\u00f1o de oro de 24 quilates, mejora la calidad del sonido al tiempo que reduce las p\u00e9rdidas, proporcionando as\u00ed una experiencia de audio inigualable.<\/p>\n<p>El robusto cobre desnudo maximiza la conductividad y la durabilidad, prometiendo un rendimiento duradero.<\/p>\n<p>Una cubierta flexible de PVC envuelve nuestro cable, garantizando su integridad en cualquier circunstancia.<\/p>\n<p>Sus especificaciones:<\/p>\n<ul>\n<li>Calibre del cable: 30AWG<\/li>\n<li>Blindaje: N\/A<\/li>\n<li>Carcasa: Molde de inyecci\u00f3n<\/li>\n<li>Chip: N\/M<\/li>\n<li>Di\u00e1metro exterior: 2,6\u00d75,2 mm<\/li>\n<\/ul>\n<p>Adem\u00e1s, sum\u00e9rjase con \u00e9l en un universo de sonido de alta calidad que cumple las normas RoHS y REACH. En resumen, p\u00f3ngase en contacto con nosotros hoy mismo y p\u00eddalo.<\/p>","protected":false},"excerpt":{"rendered":"<p>Libere una calidad de audio superior con el adaptador de auriculares divisor en Y de Farsince, que ofrece un sonido n\u00edtido a trav\u00e9s de sus componentes chapados en oro de 24K.<\/p>","protected":false},"featured_media":17645,"template":"","meta":{"_acf_changed":false,"_seopress_robots_primary_cat":"","_seopress_titles_title":"Y Splitter Headset Adapter Cable 3.5mm Male to Separate Stereo\/Microphone Female Jack Cable - Farsince","_seopress_titles_desc":"Connect your headset with Farsince&#039;s Y Splitter Headset Adapter Cable. Our cable features a 3.5mm male connector and separate stereo\/microphone female jacks, allowing you to use your headset with devices that have separate audio and microphone inputs. ","_seopress_robots_index":"","site-sidebar-layout":"default","site-content-layout":"default","ast-site-content-layout":"default","site-content-style":"default","site-sidebar-style":"default","ast-global-header-display":"","ast-banner-title-visibility":"","ast-main-header-display":"","ast-hfb-above-header-display":"","ast-hfb-below-header-display":"","ast-hfb-mobile-header-display":"","site-post-title":"","ast-breadcrumbs-content":"","ast-featured-img":"","footer-sml-layout":"","ast-disable-related-posts":"","theme-transparent-header-meta":"default","adv-header-id-meta":"","stick-header-meta":"","header-above-stick-meta":"","header-main-stick-meta":"","header-below-stick-meta":"","astra-migrate-meta-layouts":"set","ast-page-background-enabled":"default","ast-page-background-meta":{"desktop":{"background-color":"","background-image":"","background-repeat":"repeat","background-position":"center center","background-size":"auto","background-attachment":"scroll","background-type":"","background-media":"","overlay-type":"","overlay-color":"","overlay-opacity":"","overlay-gradient":""},"tablet":{"background-color":"","background-image":"","background-repeat":"repeat","background-position":"center center","background-size":"auto","background-attachment":"scroll","background-type":"","background-media":"","overlay-type":"","overlay-color":"","overlay-opacity":"","overlay-gradient":""},"mobile":{"background-color":"","background-image":"","background-repeat":"repeat","background-position":"center center","background-size":"auto","background-attachment":"scroll","background-type":"","background-media":"","overlay-type":"","overlay-color":"","overlay-opacity":"","overlay-gradient":""}},"ast-content-background-meta":{"desktop":{"background-color":"var(--ast-global-color-5)","background-image":"","background-repeat":"repeat","background-position":"center center","background-size":"auto","background-attachment":"scroll","background-type":"","background-media":"","overlay-type":"","overlay-color":"","overlay-opacity":"","overlay-gradient":""},"tablet":{"background-color":"var(--ast-global-color-5)","background-image":"","background-repeat":"repeat","background-position":"center center","background-size":"auto","background-attachment":"scroll","background-type":"","background-media":"","overlay-type":"","overlay-color":"","overlay-opacity":"","overlay-gradient":""},"mobile":{"background-color":"var(--ast-global-color-5)","background-image":"","background-repeat":"repeat","background-position":"center center","background-size":"auto","background-attachment":"scroll","background-type":"","background-media":"","overlay-type":"","overlay-color":"","overlay-opacity":"","overlay-gradient":""}},"iawp_total_views":7},"product_brand":[],"product_cat":[219],"product_tag":[],"class_list":{"0":"post-17642","1":"product","2":"type-product","3":"status-publish","4":"has-post-thumbnail","6":"product_cat-audio-video","7":"desktop-align-left","8":"tablet-align-left","9":"mobile-align-left","11":"first","12":"instock","13":"shipping-taxable","14":"purchasable","15":"product-type-simple"},"acf":[],"_links":{"self":[{"href":"https:\/\/www.fjpremium.com\/es\/wp-json\/wp\/v2\/product\/17642","targetHints":{"allow":["GET"]}}],"collection":[{"href":"https:\/\/www.fjpremium.com\/es\/wp-json\/wp\/v2\/product"}],"about":[{"href":"https:\/\/www.fjpremium.com\/es\/wp-json\/wp\/v2\/types\/product"}],"wp:featuredmedia":[{"embeddable":true,"href":"https:\/\/www.fjpremium.com\/es\/wp-json\/wp\/v2\/media\/17645"}],"wp:attachment":[{"href":"https:\/\/www.fjpremium.com\/es\/wp-json\/wp\/v2\/media?parent=17642"}],"wp:term":[{"taxonomy":"product_brand","embeddable":true,"href":"https:\/\/www.fjpremium.com\/es\/wp-json\/wp\/v2\/product_brand?post=17642"},{"taxonomy":"product_cat","embeddable":true,"href":"https:\/\/www.fjpremium.com\/es\/wp-json\/wp\/v2\/product_cat?post=17642"},{"taxonomy":"product_tag","embeddable":true,"href":"https:\/\/www.fjpremium.com\/es\/wp-json\/wp\/v2\/product_tag?post=17642"}],"curies":[{"name":"wp","href":"https:\/\/api.w.org\/{rel}","templated":true}]}}