{"id":17633,"date":"2021-03-11T10:32:17","date_gmt":"2021-03-11T02:32:17","guid":{"rendered":"https:\/\/www.fjpremium.com\/?post_type=product&#038;p=17633"},"modified":"2023-05-24T15:15:39","modified_gmt":"2023-05-24T07:15:39","slug":"3-5mm-male-to-female-aux-stereo-audio-extension-cable","status":"publish","type":"product","link":"https:\/\/www.fjpremium.com\/es\/product\/3-5mm-male-to-female-aux-stereo-audio-extension-cable\/","title":{"rendered":"Cable de extensi\u00f3n de audio est\u00e9reo AUX de 3,5 mm macho a hembra"},"content":{"rendered":"<p>Este cable de extensi\u00f3n de audio es ideal para ampliar la conexi\u00f3n entre su reproductor de MP3, Smartphone, Tablet, ordenadores u otros dispositivos de audio con un puerto auxiliar de 3,5 mm (AUX) y su auricular, altavoz, amplificador, receptor AV o sistema est\u00e9reo del coche.<\/p>\n<p>Entre las principales caracter\u00edsticas del cable de extensi\u00f3n de audio se incluyen su extensi\u00f3n de audio est\u00e9reo de 3,5 mm macho a hembra con contactos chapados en oro y dise\u00f1o de concha, lo que lo convierte en una forma c\u00f3moda de ampliar su cable est\u00e9reo existente.<\/p>\n<p>Transmite audio est\u00e9reo sin interrupciones, ofreciendo un sonido de alta calidad al tiempo que garantiza la fiabilidad y reduce la p\u00e9rdida de se\u00f1al y el ruido.<\/p>\n<p>Adem\u00e1s, la cubierta de PVC flexible y los conductores de cobre desnudo contribuyen a su rendimiento superior.<\/p>\n<p>Nuestro cable alargador de audio tiene m\u00faltiples aplicaciones.<\/p>\n<p>Puede conectar tu port\u00e1til, ordenador de sobremesa o smartphone a unos auriculares con tomas separadas para auriculares y micr\u00f3fono para Skype, MSN Messenger, Yahoo, Google Voice, etc.<\/p>\n<p>Tambi\u00e9n puede conectar sus dispositivos a un micr\u00f3fono y auriculares para grabar sobre la marcha o a un micr\u00f3fono y altavoz para disfrutar de una experiencia KTV instant\u00e1nea.<\/p>\n<p>Sin embargo, el puerto de auriculares de este cable s\u00f3lo es compatible con auriculares est\u00e1ndar CTIA y no admite auriculares de iPhone ni ning\u00fan auricular OMTP.<\/p>\n<p>Y no es compatible con los auriculares Apple iPhone o Beats, ni con el micr\u00f3fono RODE.<\/p>\n<p>Adem\u00e1s, el conductor del cable es de cobre desnudo o CCS con un calibre de 30AWG.<\/p>\n<p>La carcasa del cable est\u00e1 construida con un molde de inyecci\u00f3n, lo que da como resultado un dise\u00f1o duradero y fiable.<\/p>\n<p>Y con un di\u00e1metro exterior de 3,0\u00b10,2 mm, ofrece un perfil compacto y elegante al tiempo que garantiza un rendimiento \u00f3ptimo.<\/p>\n<p>En conclusi\u00f3n, elija nuestro cable alargador de audio para disfrutar de una experiencia de audio fiable y superior.<\/p>\n<h2>Descargar:<\/h2>\n<ul>\n<li>Ficha de datos del cable alargador de audio est\u00e9reo AUX macho a macho de 3,5 mm<\/li>\n<\/ul>\n<h2>Informaci\u00f3n sobre pedidos:<\/h2>\n<ul>\n<li>FS18003-010: 1.0M<\/li>\n<li>FS18003-018: 1,8M<\/li>\n<li>FS18003-030: 3,0M<\/li>\n<li>FS18003-050: 5,0M<\/li>\n<\/ul>","protected":false},"excerpt":{"rendered":"<p>Experimente una transmisi\u00f3n de audio perfecta con nuestro cable de extensi\u00f3n de audio, dise\u00f1ado para mejorar la conexi\u00f3n entre sus dispositivos de audio y sistemas de sonido.<\/p>","protected":false},"featured_media":17637,"template":"","meta":{"_acf_changed":false,"_seopress_robots_primary_cat":"","_seopress_titles_title":"Best Stereo Audio Extension Cable - Farsince","_seopress_titles_desc":"","_seopress_robots_index":"","site-sidebar-layout":"default","site-content-layout":"default","ast-site-content-layout":"default","site-content-style":"default","site-sidebar-style":"default","ast-global-header-display":"","ast-banner-title-visibility":"","ast-main-header-display":"","ast-hfb-above-header-display":"","ast-hfb-below-header-display":"","ast-hfb-mobile-header-display":"","site-post-title":"","ast-breadcrumbs-content":"","ast-featured-img":"","footer-sml-layout":"","ast-disable-related-posts":"","theme-transparent-header-meta":"default","adv-header-id-meta":"","stick-header-meta":"","header-above-stick-meta":"","header-main-stick-meta":"","header-below-stick-meta":"","astra-migrate-meta-layouts":"default","ast-page-background-enabled":"default","ast-page-background-meta":{"desktop":{"background-color":"","background-image":"","background-repeat":"repeat","background-position":"center center","background-size":"auto","background-attachment":"scroll","background-type":"","background-media":"","overlay-type":"","overlay-color":"","overlay-opacity":"","overlay-gradient":""},"tablet":{"background-color":"","background-image":"","background-repeat":"repeat","background-position":"center center","background-size":"auto","background-attachment":"scroll","background-type":"","background-media":"","overlay-type":"","overlay-color":"","overlay-opacity":"","overlay-gradient":""},"mobile":{"background-color":"","background-image":"","background-repeat":"repeat","background-position":"center center","background-size":"auto","background-attachment":"scroll","background-type":"","background-media":"","overlay-type":"","overlay-color":"","overlay-opacity":"","overlay-gradient":""}},"ast-content-background-meta":{"desktop":{"background-color":"var(--ast-global-color-5)","background-image":"","background-repeat":"repeat","background-position":"center center","background-size":"auto","background-attachment":"scroll","background-type":"","background-media":"","overlay-type":"","overlay-color":"","overlay-opacity":"","overlay-gradient":""},"tablet":{"background-color":"var(--ast-global-color-5)","background-image":"","background-repeat":"repeat","background-position":"center center","background-size":"auto","background-attachment":"scroll","background-type":"","background-media":"","overlay-type":"","overlay-color":"","overlay-opacity":"","overlay-gradient":""},"mobile":{"background-color":"var(--ast-global-color-5)","background-image":"","background-repeat":"repeat","background-position":"center center","background-size":"auto","background-attachment":"scroll","background-type":"","background-media":"","overlay-type":"","overlay-color":"","overlay-opacity":"","overlay-gradient":""}},"iawp_total_views":14},"product_brand":[],"product_cat":[219],"product_tag":[],"class_list":{"0":"post-17633","1":"product","2":"type-product","3":"status-publish","4":"has-post-thumbnail","6":"product_cat-audio-video","7":"desktop-align-left","8":"tablet-align-left","9":"mobile-align-left","11":"first","12":"instock","13":"shipping-taxable","14":"purchasable","15":"product-type-simple"},"acf":[],"_links":{"self":[{"href":"https:\/\/www.fjpremium.com\/es\/wp-json\/wp\/v2\/product\/17633","targetHints":{"allow":["GET"]}}],"collection":[{"href":"https:\/\/www.fjpremium.com\/es\/wp-json\/wp\/v2\/product"}],"about":[{"href":"https:\/\/www.fjpremium.com\/es\/wp-json\/wp\/v2\/types\/product"}],"wp:featuredmedia":[{"embeddable":true,"href":"https:\/\/www.fjpremium.com\/es\/wp-json\/wp\/v2\/media\/17637"}],"wp:attachment":[{"href":"https:\/\/www.fjpremium.com\/es\/wp-json\/wp\/v2\/media?parent=17633"}],"wp:term":[{"taxonomy":"product_brand","embeddable":true,"href":"https:\/\/www.fjpremium.com\/es\/wp-json\/wp\/v2\/product_brand?post=17633"},{"taxonomy":"product_cat","embeddable":true,"href":"https:\/\/www.fjpremium.com\/es\/wp-json\/wp\/v2\/product_cat?post=17633"},{"taxonomy":"product_tag","embeddable":true,"href":"https:\/\/www.fjpremium.com\/es\/wp-json\/wp\/v2\/product_tag?post=17633"}],"curies":[{"name":"wp","href":"https:\/\/api.w.org\/{rel}","templated":true}]}}