{"id":17632,"date":"2021-03-11T10:31:05","date_gmt":"2021-03-11T02:31:05","guid":{"rendered":"https:\/\/www.fjpremium.com\/?post_type=product&#038;p=17632"},"modified":"2023-05-24T15:17:29","modified_gmt":"2023-05-24T07:17:29","slug":"90-degree-angle-3-5mm-male-to-male-aux-stereo-audio-cable","status":"publish","type":"product","link":"https:\/\/www.fjpremium.com\/es\/product\/90-degree-angle-3-5mm-male-to-male-aux-stereo-audio-cable\/","title":{"rendered":"Cable de audio de 3,5 mm macho a macho en \u00e1ngulo de 90 grados"},"content":{"rendered":"<p>Nuestro cable de audio macho a macho est\u00e1 dise\u00f1ado con un puerto auxiliar de 3,5 mm (AUX) para una mayor compatibilidad y comodidad.<\/p>\n<p>Su caracter\u00edstica m\u00e1s destacada es el conector en \u00e1ngulo de 90 grados.<\/p>\n<p>Este dise\u00f1o permite acceder c\u00f3modamente a los puertos, aliviando la tensi\u00f3n en el punto de conexi\u00f3n para evitar da\u00f1os tanto en el cable como en los puertos auxiliares de tus dispositivos.<\/p>\n<p>Y su cubierta y moldeado de PVC blando mejoran a\u00fan m\u00e1s la flexibilidad y durabilidad del cable, ofreciendo una conexi\u00f3n robusta y duradera.<\/p>\n<p>Con el cable de audio macho a macho, puede transmitir audio est\u00e9reo sin problemas para obtener un sonido de alta calidad, al tiempo que garantiza la fiabilidad y reduce la p\u00e9rdida de se\u00f1al y el ruido.<\/p>\n<p>Este rendimiento superior es posible gracias a la combinaci\u00f3n de conectores chapados en oro y conductores de cobre desnudo, que garantizan una transmisi\u00f3n de audio sin p\u00e9rdidas y una experiencia de audio envolvente.<\/p>\n<p>Adem\u00e1s, en el aspecto t\u00e9cnico, este cable de audio cuenta con un conector acodado macho est\u00e9reo de 3,5 mm y un conector macho est\u00e9reo de 3,5 mm, ambos con contactos y carcasas chapados en oro.<\/p>\n<p>El conductor del cable puede ser CCS, con un calibre de 30AWG.<\/p>\n<p>Y la carcasa es un molde de inyecci\u00f3n con un di\u00e1metro exterior de 3,0\u00b10,2 mm. El cumplimiento de las normas RoHS y REACH da fe de la calidad y seguridad del cable.<\/p>\n<p>En resumen, nuestro cable es una soluci\u00f3n fiable y de alto rendimiento para todas sus necesidades de conexi\u00f3n de audio.<\/p>\n<p>Disfrute de una calidad de sonido y una durabilidad superiores con este vers\u00e1til cable de audio macho a macho.<\/p>\n<h2>Descargar:<\/h2>\n<ul>\n<li>Ficha de datos del cable de audio est\u00e9reo de 3,5 mm macho a macho AUX con \u00e1ngulo de 90 grados<\/li>\n<\/ul>\n<h2>Informaci\u00f3n sobre pedidos:<\/h2>\n<ul>\n<li>FS18002-010: 1.0M<\/li>\n<li>FS18002-018: 1,8M<\/li>\n<li>FS18002-030: 3,0M<\/li>\n<li>FS18002-050: 5,0M<\/li>\n<\/ul>","protected":false},"excerpt":{"rendered":"<p>Presentamos este cable de audio macho a macho de alta calidad, la soluci\u00f3n perfecta para conectar sus dispositivos de audio a auriculares, altavoces o sistemas est\u00e9reo de autom\u00f3vil.<\/p>","protected":false},"featured_media":0,"template":"","meta":{"_acf_changed":false,"_seopress_robots_primary_cat":"","_seopress_titles_title":"90 Degree Angle 3.5mm Male to Male Audio Cable - Farsince","_seopress_titles_desc":"","_seopress_robots_index":"","site-sidebar-layout":"default","site-content-layout":"default","ast-site-content-layout":"default","site-content-style":"default","site-sidebar-style":"default","ast-global-header-display":"","ast-banner-title-visibility":"","ast-main-header-display":"","ast-hfb-above-header-display":"","ast-hfb-below-header-display":"","ast-hfb-mobile-header-display":"","site-post-title":"","ast-breadcrumbs-content":"","ast-featured-img":"","footer-sml-layout":"","ast-disable-related-posts":"","theme-transparent-header-meta":"default","adv-header-id-meta":"","stick-header-meta":"","header-above-stick-meta":"","header-main-stick-meta":"","header-below-stick-meta":"","astra-migrate-meta-layouts":"default","ast-page-background-enabled":"default","ast-page-background-meta":{"desktop":{"background-color":"","background-image":"","background-repeat":"repeat","background-position":"center center","background-size":"auto","background-attachment":"scroll","background-type":"","background-media":"","overlay-type":"","overlay-color":"","overlay-opacity":"","overlay-gradient":""},"tablet":{"background-color":"","background-image":"","background-repeat":"repeat","background-position":"center center","background-size":"auto","background-attachment":"scroll","background-type":"","background-media":"","overlay-type":"","overlay-color":"","overlay-opacity":"","overlay-gradient":""},"mobile":{"background-color":"","background-image":"","background-repeat":"repeat","background-position":"center center","background-size":"auto","background-attachment":"scroll","background-type":"","background-media":"","overlay-type":"","overlay-color":"","overlay-opacity":"","overlay-gradient":""}},"ast-content-background-meta":{"desktop":{"background-color":"var(--ast-global-color-5)","background-image":"","background-repeat":"repeat","background-position":"center center","background-size":"auto","background-attachment":"scroll","background-type":"","background-media":"","overlay-type":"","overlay-color":"","overlay-opacity":"","overlay-gradient":""},"tablet":{"background-color":"var(--ast-global-color-5)","background-image":"","background-repeat":"repeat","background-position":"center center","background-size":"auto","background-attachment":"scroll","background-type":"","background-media":"","overlay-type":"","overlay-color":"","overlay-opacity":"","overlay-gradient":""},"mobile":{"background-color":"var(--ast-global-color-5)","background-image":"","background-repeat":"repeat","background-position":"center center","background-size":"auto","background-attachment":"scroll","background-type":"","background-media":"","overlay-type":"","overlay-color":"","overlay-opacity":"","overlay-gradient":""}},"iawp_total_views":9},"product_brand":[],"product_cat":[219],"product_tag":[],"class_list":{"0":"post-17632","1":"product","2":"type-product","3":"status-publish","5":"product_cat-audio-video","6":"desktop-align-left","7":"tablet-align-left","8":"mobile-align-left","10":"first","11":"instock","12":"shipping-taxable","13":"purchasable","14":"product-type-simple"},"acf":[],"_links":{"self":[{"href":"https:\/\/www.fjpremium.com\/es\/wp-json\/wp\/v2\/product\/17632","targetHints":{"allow":["GET"]}}],"collection":[{"href":"https:\/\/www.fjpremium.com\/es\/wp-json\/wp\/v2\/product"}],"about":[{"href":"https:\/\/www.fjpremium.com\/es\/wp-json\/wp\/v2\/types\/product"}],"wp:attachment":[{"href":"https:\/\/www.fjpremium.com\/es\/wp-json\/wp\/v2\/media?parent=17632"}],"wp:term":[{"taxonomy":"product_brand","embeddable":true,"href":"https:\/\/www.fjpremium.com\/es\/wp-json\/wp\/v2\/product_brand?post=17632"},{"taxonomy":"product_cat","embeddable":true,"href":"https:\/\/www.fjpremium.com\/es\/wp-json\/wp\/v2\/product_cat?post=17632"},{"taxonomy":"product_tag","embeddable":true,"href":"https:\/\/www.fjpremium.com\/es\/wp-json\/wp\/v2\/product_tag?post=17632"}],"curies":[{"name":"wp","href":"https:\/\/api.w.org\/{rel}","templated":true}]}}