{"id":17618,"date":"2021-03-10T17:12:23","date_gmt":"2021-03-10T09:12:23","guid":{"rendered":"https:\/\/www.fjpremium.com\/?post_type=product&#038;p=17618"},"modified":"2023-09-18T14:35:03","modified_gmt":"2023-09-18T06:35:03","slug":"sata-15p-to-6p-cable-sata-cable-15-pin-to-6pin-sata-adapter","status":"publish","type":"product","link":"https:\/\/www.fjpremium.com\/es\/product\/sata-15p-to-6p-cable-sata-cable-15-pin-to-6pin-sata-adapter\/","title":{"rendered":"Cable adaptador de alimentaci\u00f3n Sata de 15 PIN a 6PIN"},"content":{"rendered":"<p>Si la fuente de alimentaci\u00f3n de su ordenador tiene cabezales de alimentaci\u00f3n Sata redundantes y le falta una fuente de alimentaci\u00f3n de 6PIN para la tarjeta gr\u00e1fica, este cable es el accesorio ideal para usted.<\/p>\n<p>Est\u00e1 elaborado con precisi\u00f3n y mide 20 cm de longitud total.<\/p>\n<p>La configuraci\u00f3n de nuestro cable es sencilla. Puede conectar el conector de alimentaci\u00f3n SATA a la fuente de alimentaci\u00f3n SATA del ordenador host y el extremo de 6 patillas al conector de 6 patillas de su tarjeta gr\u00e1fica.<\/p>\n<p>Destaca por su dise\u00f1o a medida, en el que s\u00f3lo se pueden conectar seis puertos, uno de los cuales se deja vac\u00edo a prop\u00f3sito.<\/p>\n<p>Y esto se debe a una configuraci\u00f3n \u00fanica en la que dos cables se conectan a un solo puerto.<\/p>\n<p>En resumen, mejore la funcionalidad de su dispositivo con nuestro cable adaptador de alimentaci\u00f3n Sata especializado.<\/p>","protected":false},"excerpt":{"rendered":"<p>Al presentar el cable adaptador de corriente Sata de 15 PIN a 6 PIN de Farsince, la funcionalidad radica en su adaptabilidad, una soluci\u00f3n de hardware distinta.<\/p>","protected":false},"featured_media":17619,"template":"","meta":{"_acf_changed":false,"_seopress_robots_primary_cat":"","_seopress_titles_title":"Best 15 PIN to 6PIN Sata Power Adapter Cable - FARSINCE","_seopress_titles_desc":"","_seopress_robots_index":"","site-sidebar-layout":"default","site-content-layout":"default","ast-site-content-layout":"default","site-content-style":"default","site-sidebar-style":"default","ast-global-header-display":"","ast-banner-title-visibility":"","ast-main-header-display":"","ast-hfb-above-header-display":"","ast-hfb-below-header-display":"","ast-hfb-mobile-header-display":"","site-post-title":"","ast-breadcrumbs-content":"","ast-featured-img":"","footer-sml-layout":"","ast-disable-related-posts":"","theme-transparent-header-meta":"default","adv-header-id-meta":"","stick-header-meta":"","header-above-stick-meta":"","header-main-stick-meta":"","header-below-stick-meta":"","astra-migrate-meta-layouts":"set","ast-page-background-enabled":"default","ast-page-background-meta":{"desktop":{"background-color":"","background-image":"","background-repeat":"repeat","background-position":"center center","background-size":"auto","background-attachment":"scroll","background-type":"","background-media":"","overlay-type":"","overlay-color":"","overlay-opacity":"","overlay-gradient":""},"tablet":{"background-color":"","background-image":"","background-repeat":"repeat","background-position":"center center","background-size":"auto","background-attachment":"scroll","background-type":"","background-media":"","overlay-type":"","overlay-color":"","overlay-opacity":"","overlay-gradient":""},"mobile":{"background-color":"","background-image":"","background-repeat":"repeat","background-position":"center center","background-size":"auto","background-attachment":"scroll","background-type":"","background-media":"","overlay-type":"","overlay-color":"","overlay-opacity":"","overlay-gradient":""}},"ast-content-background-meta":{"desktop":{"background-color":"var(--ast-global-color-5)","background-image":"","background-repeat":"repeat","background-position":"center center","background-size":"auto","background-attachment":"scroll","background-type":"","background-media":"","overlay-type":"","overlay-color":"","overlay-opacity":"","overlay-gradient":""},"tablet":{"background-color":"var(--ast-global-color-5)","background-image":"","background-repeat":"repeat","background-position":"center center","background-size":"auto","background-attachment":"scroll","background-type":"","background-media":"","overlay-type":"","overlay-color":"","overlay-opacity":"","overlay-gradient":""},"mobile":{"background-color":"var(--ast-global-color-5)","background-image":"","background-repeat":"repeat","background-position":"center center","background-size":"auto","background-attachment":"scroll","background-type":"","background-media":"","overlay-type":"","overlay-color":"","overlay-opacity":"","overlay-gradient":""}},"iawp_total_views":21},"product_brand":[],"product_cat":[633],"product_tag":[],"class_list":{"0":"post-17618","1":"product","2":"type-product","3":"status-publish","4":"has-post-thumbnail","6":"product_cat-pc-cables","7":"desktop-align-left","8":"tablet-align-left","9":"mobile-align-left","11":"first","12":"instock","13":"shipping-taxable","14":"purchasable","15":"product-type-simple"},"acf":[],"_links":{"self":[{"href":"https:\/\/www.fjpremium.com\/es\/wp-json\/wp\/v2\/product\/17618","targetHints":{"allow":["GET"]}}],"collection":[{"href":"https:\/\/www.fjpremium.com\/es\/wp-json\/wp\/v2\/product"}],"about":[{"href":"https:\/\/www.fjpremium.com\/es\/wp-json\/wp\/v2\/types\/product"}],"wp:featuredmedia":[{"embeddable":true,"href":"https:\/\/www.fjpremium.com\/es\/wp-json\/wp\/v2\/media\/17619"}],"wp:attachment":[{"href":"https:\/\/www.fjpremium.com\/es\/wp-json\/wp\/v2\/media?parent=17618"}],"wp:term":[{"taxonomy":"product_brand","embeddable":true,"href":"https:\/\/www.fjpremium.com\/es\/wp-json\/wp\/v2\/product_brand?post=17618"},{"taxonomy":"product_cat","embeddable":true,"href":"https:\/\/www.fjpremium.com\/es\/wp-json\/wp\/v2\/product_cat?post=17618"},{"taxonomy":"product_tag","embeddable":true,"href":"https:\/\/www.fjpremium.com\/es\/wp-json\/wp\/v2\/product_tag?post=17618"}],"curies":[{"name":"wp","href":"https:\/\/api.w.org\/{rel}","templated":true}]}}