{"id":17600,"date":"2021-03-10T17:05:45","date_gmt":"2021-03-10T09:05:45","guid":{"rendered":"https:\/\/www.fjpremium.com\/?post_type=product&#038;p=17600"},"modified":"2023-12-14T13:58:48","modified_gmt":"2023-12-14T05:58:48","slug":"thunderbolt-3-usb-4-cable-supper-speed-40gbps-5a100w-pd-fast-charging-charging-cable-tbt3-usb-c-cable","status":"publish","type":"product","link":"https:\/\/www.fjpremium.com\/es\/product\/thunderbolt-3-usb-4-cable-supper-speed-40gbps-5a100w-pd-fast-charging-charging-cable-tbt3-usb-c-cable\/","title":{"rendered":"Cable Supper Speed 40Gbps 5A100w PD Fast Charging USB C Cable"},"content":{"rendered":"<p>Dise\u00f1ado con conectores Thunderbolt 3 USB C macho a macho, este cable USB C de carga r\u00e1pida garantiza conexiones firmes y fiables.<\/p>\n<p>Los conectores niquelados incorporados al dise\u00f1o dan fe de su resistencia a la corrosi\u00f3n, garantizando una mejor transmisi\u00f3n de la se\u00f1al.<\/p>\n<p>Y como complemento, la robusta carcasa met\u00e1lica que aloja el cable proporciona una durabilidad superior y protecci\u00f3n contra el desgaste diario.<\/p>\n<p>El n\u00facleo conductor de este cable est\u00e1 compuesto por cobre desnudo de gran pureza, tambi\u00e9n denominado cobre libre de ox\u00edgeno, que ofrece una conductividad y robustez sin igual.<\/p>\n<p>Y puede personalizar su cable con una opci\u00f3n de logotipo a medida, a\u00f1adiendo un toque \u00fanico y personalizado a su equipo tecnol\u00f3gico.<\/p>\n<p>La inclusi\u00f3n de una cubierta suave de TPE en nuestro cable USB C de carga r\u00e1pida no s\u00f3lo acent\u00faa su flexibilidad, sino que tambi\u00e9n sirve como una capa adicional de defensa contra posibles da\u00f1os.<\/p>\n<p>Adem\u00e1s, est\u00e1 equipado para manejar rangos de alimentaci\u00f3n de 5-20 V y puede admitir una corriente m\u00e1xima de 5 A, lo que demuestra su adaptabilidad a diversas necesidades de alimentaci\u00f3n.<\/p>\n<p>Adem\u00e1s de su capacidad superior de carga y transferencia de datos, este cable tambi\u00e9n admite resoluci\u00f3n 4K a 60 Hz, lo que ofrece una experiencia visual fluida y de alta calidad.<\/p>\n<p>Esta caracter\u00edstica lo convierte en una excelente opci\u00f3n para conectar pantallas de alta resoluci\u00f3n a dispositivos compatibles.<\/p>\n<p>Por lo tanto, el cable USB C de carga r\u00e1pida est\u00e1 meticulosamente dise\u00f1ado para satisfacer todas sus necesidades de conectividad y carga de alta velocidad.<\/p>","protected":false},"excerpt":{"rendered":"<p>Conoce nuestro cable Thunderbolt 3 USB 4, cable USB C de carga r\u00e1pida con una impresionante velocidad de transferencia de datos de 40 Gbps y capacidad de carga de 100 W.<\/p>","protected":false},"featured_media":17601,"template":"","meta":{"_acf_changed":false,"_seopress_robots_primary_cat":"","_seopress_titles_title":"Fast Charging USB C Cable - Farsince","_seopress_titles_desc":"","_seopress_robots_index":"","site-sidebar-layout":"default","site-content-layout":"default","ast-site-content-layout":"default","site-content-style":"default","site-sidebar-style":"default","ast-global-header-display":"","ast-banner-title-visibility":"","ast-main-header-display":"","ast-hfb-above-header-display":"","ast-hfb-below-header-display":"","ast-hfb-mobile-header-display":"","site-post-title":"","ast-breadcrumbs-content":"","ast-featured-img":"","footer-sml-layout":"","ast-disable-related-posts":"","theme-transparent-header-meta":"default","adv-header-id-meta":"","stick-header-meta":"","header-above-stick-meta":"","header-main-stick-meta":"","header-below-stick-meta":"","astra-migrate-meta-layouts":"default","ast-page-background-enabled":"default","ast-page-background-meta":{"desktop":{"background-color":"","background-image":"","background-repeat":"repeat","background-position":"center center","background-size":"auto","background-attachment":"scroll","background-type":"","background-media":"","overlay-type":"","overlay-color":"","overlay-opacity":"","overlay-gradient":""},"tablet":{"background-color":"","background-image":"","background-repeat":"repeat","background-position":"center center","background-size":"auto","background-attachment":"scroll","background-type":"","background-media":"","overlay-type":"","overlay-color":"","overlay-opacity":"","overlay-gradient":""},"mobile":{"background-color":"","background-image":"","background-repeat":"repeat","background-position":"center center","background-size":"auto","background-attachment":"scroll","background-type":"","background-media":"","overlay-type":"","overlay-color":"","overlay-opacity":"","overlay-gradient":""}},"ast-content-background-meta":{"desktop":{"background-color":"var(--ast-global-color-5)","background-image":"","background-repeat":"repeat","background-position":"center center","background-size":"auto","background-attachment":"scroll","background-type":"","background-media":"","overlay-type":"","overlay-color":"","overlay-opacity":"","overlay-gradient":""},"tablet":{"background-color":"var(--ast-global-color-5)","background-image":"","background-repeat":"repeat","background-position":"center center","background-size":"auto","background-attachment":"scroll","background-type":"","background-media":"","overlay-type":"","overlay-color":"","overlay-opacity":"","overlay-gradient":""},"mobile":{"background-color":"var(--ast-global-color-5)","background-image":"","background-repeat":"repeat","background-position":"center center","background-size":"auto","background-attachment":"scroll","background-type":"","background-media":"","overlay-type":"","overlay-color":"","overlay-opacity":"","overlay-gradient":""}},"iawp_total_views":8},"product_brand":[],"product_cat":[636],"product_tag":[],"class_list":{"0":"post-17600","1":"product","2":"type-product","3":"status-publish","4":"has-post-thumbnail","6":"product_cat-usb-2-0-cables","7":"desktop-align-left","8":"tablet-align-left","9":"mobile-align-left","11":"first","12":"instock","13":"shipping-taxable","14":"purchasable","15":"product-type-simple"},"acf":[],"_links":{"self":[{"href":"https:\/\/www.fjpremium.com\/es\/wp-json\/wp\/v2\/product\/17600","targetHints":{"allow":["GET"]}}],"collection":[{"href":"https:\/\/www.fjpremium.com\/es\/wp-json\/wp\/v2\/product"}],"about":[{"href":"https:\/\/www.fjpremium.com\/es\/wp-json\/wp\/v2\/types\/product"}],"wp:featuredmedia":[{"embeddable":true,"href":"https:\/\/www.fjpremium.com\/es\/wp-json\/wp\/v2\/media\/17601"}],"wp:attachment":[{"href":"https:\/\/www.fjpremium.com\/es\/wp-json\/wp\/v2\/media?parent=17600"}],"wp:term":[{"taxonomy":"product_brand","embeddable":true,"href":"https:\/\/www.fjpremium.com\/es\/wp-json\/wp\/v2\/product_brand?post=17600"},{"taxonomy":"product_cat","embeddable":true,"href":"https:\/\/www.fjpremium.com\/es\/wp-json\/wp\/v2\/product_cat?post=17600"},{"taxonomy":"product_tag","embeddable":true,"href":"https:\/\/www.fjpremium.com\/es\/wp-json\/wp\/v2\/product_tag?post=17600"}],"curies":[{"name":"wp","href":"https:\/\/api.w.org\/{rel}","templated":true}]}}