{"id":17579,"date":"2021-03-10T16:58:44","date_gmt":"2021-03-10T08:58:44","guid":{"rendered":"https:\/\/www.fjpremium.com\/?post_type=product&#038;p=17579"},"modified":"2023-09-18T14:28:35","modified_gmt":"2023-09-18T06:28:35","slug":"one-5-25-to-two-5-25-female-internal-power-y-splitter-cable","status":"publish","type":"product","link":"https:\/\/www.fjpremium.com\/es\/product\/one-5-25-to-two-5-25-female-internal-power-y-splitter-cable\/","title":{"rendered":"Un divisor en Y interno de 5,25\u2033 a dos hembras de 5,25\u2033 Cable de alimentaci\u00f3n"},"content":{"rendered":"<p>Esta herramienta indispensable est\u00e1 dise\u00f1ada para agilizar la distribuci\u00f3n de energ\u00eda dentro de su sistema, alimentando sin esfuerzo sus unidades de disquete de 5,25\u2033, unidades de disco \u00f3ptico o unidades de disco duro.<\/p>\n<p>Cuentan con un enchufe macho y dos hembras para mayor comodidad.<\/p>\n<p>No se trata s\u00f3lo de funcionalidad; tambi\u00e9n nos importa la calidad.<\/p>\n<p>Los contactos chapados en oro y la carcasa niquelada garantizan una conductividad y una resistencia a la corrosi\u00f3n superiores, asegurando un rendimiento fiable a lo largo del tiempo.<\/p>\n<p>Fabricados con cuatro n\u00facleos y un calibre de 18AWG, nuestros cables son robustos y fiables. La robusta carcasa de molde de inyecci\u00f3n aumenta la longevidad del cable.<\/p>\n<p>Adem\u00e1s, al cumplir las normas RoHS y REACH, garantizan la seguridad y el respeto por el medio ambiente. Por lo tanto, elija nuestros cables de alimentaci\u00f3n con divisor en Y interno hembra y equipe a su empresa con soluciones potentes y realmente eficaces.<\/p>","protected":false},"excerpt":{"rendered":"<p>Simplifique las disposiciones de la fuente de alimentaci\u00f3n con estos cables de alimentaci\u00f3n con divisor en Y interno hembra, que proporcionan una alimentaci\u00f3n limpia y fiable con una conectividad superior.<\/p>","protected":false},"featured_media":17580,"template":"","meta":{"_acf_changed":false,"_seopress_robots_primary_cat":"","_seopress_titles_title":"Best Internal Y splitter Power Cable - Farsince","_seopress_titles_desc":"","_seopress_robots_index":"","site-sidebar-layout":"default","site-content-layout":"default","ast-site-content-layout":"default","site-content-style":"default","site-sidebar-style":"default","ast-global-header-display":"","ast-banner-title-visibility":"","ast-main-header-display":"","ast-hfb-above-header-display":"","ast-hfb-below-header-display":"","ast-hfb-mobile-header-display":"","site-post-title":"","ast-breadcrumbs-content":"","ast-featured-img":"","footer-sml-layout":"","ast-disable-related-posts":"","theme-transparent-header-meta":"default","adv-header-id-meta":"","stick-header-meta":"","header-above-stick-meta":"","header-main-stick-meta":"","header-below-stick-meta":"","astra-migrate-meta-layouts":"set","ast-page-background-enabled":"default","ast-page-background-meta":{"desktop":{"background-color":"","background-image":"","background-repeat":"repeat","background-position":"center center","background-size":"auto","background-attachment":"scroll","background-type":"","background-media":"","overlay-type":"","overlay-color":"","overlay-opacity":"","overlay-gradient":""},"tablet":{"background-color":"","background-image":"","background-repeat":"repeat","background-position":"center center","background-size":"auto","background-attachment":"scroll","background-type":"","background-media":"","overlay-type":"","overlay-color":"","overlay-opacity":"","overlay-gradient":""},"mobile":{"background-color":"","background-image":"","background-repeat":"repeat","background-position":"center center","background-size":"auto","background-attachment":"scroll","background-type":"","background-media":"","overlay-type":"","overlay-color":"","overlay-opacity":"","overlay-gradient":""}},"ast-content-background-meta":{"desktop":{"background-color":"var(--ast-global-color-5)","background-image":"","background-repeat":"repeat","background-position":"center center","background-size":"auto","background-attachment":"scroll","background-type":"","background-media":"","overlay-type":"","overlay-color":"","overlay-opacity":"","overlay-gradient":""},"tablet":{"background-color":"var(--ast-global-color-5)","background-image":"","background-repeat":"repeat","background-position":"center center","background-size":"auto","background-attachment":"scroll","background-type":"","background-media":"","overlay-type":"","overlay-color":"","overlay-opacity":"","overlay-gradient":""},"mobile":{"background-color":"var(--ast-global-color-5)","background-image":"","background-repeat":"repeat","background-position":"center center","background-size":"auto","background-attachment":"scroll","background-type":"","background-media":"","overlay-type":"","overlay-color":"","overlay-opacity":"","overlay-gradient":""}},"iawp_total_views":4},"product_brand":[],"product_cat":[633],"product_tag":[],"class_list":{"0":"post-17579","1":"product","2":"type-product","3":"status-publish","4":"has-post-thumbnail","6":"product_cat-pc-cables","7":"desktop-align-left","8":"tablet-align-left","9":"mobile-align-left","11":"first","12":"instock","13":"shipping-taxable","14":"purchasable","15":"product-type-simple"},"acf":[],"_links":{"self":[{"href":"https:\/\/www.fjpremium.com\/es\/wp-json\/wp\/v2\/product\/17579","targetHints":{"allow":["GET"]}}],"collection":[{"href":"https:\/\/www.fjpremium.com\/es\/wp-json\/wp\/v2\/product"}],"about":[{"href":"https:\/\/www.fjpremium.com\/es\/wp-json\/wp\/v2\/types\/product"}],"wp:featuredmedia":[{"embeddable":true,"href":"https:\/\/www.fjpremium.com\/es\/wp-json\/wp\/v2\/media\/17580"}],"wp:attachment":[{"href":"https:\/\/www.fjpremium.com\/es\/wp-json\/wp\/v2\/media?parent=17579"}],"wp:term":[{"taxonomy":"product_brand","embeddable":true,"href":"https:\/\/www.fjpremium.com\/es\/wp-json\/wp\/v2\/product_brand?post=17579"},{"taxonomy":"product_cat","embeddable":true,"href":"https:\/\/www.fjpremium.com\/es\/wp-json\/wp\/v2\/product_cat?post=17579"},{"taxonomy":"product_tag","embeddable":true,"href":"https:\/\/www.fjpremium.com\/es\/wp-json\/wp\/v2\/product_tag?post=17579"}],"curies":[{"name":"wp","href":"https:\/\/api.w.org\/{rel}","templated":true}]}}