{"id":17571,"date":"2021-03-10T16:57:20","date_gmt":"2021-03-10T08:57:20","guid":{"rendered":"https:\/\/www.fjpremium.com\/?post_type=product&#038;p=17571"},"modified":"2023-09-18T14:25:21","modified_gmt":"2023-09-18T06:25:21","slug":"sata-15-pin-female-to-4-pin-male-lp4-5-25-power-cable-adapter","status":"publish","type":"product","link":"https:\/\/www.fjpremium.com\/es\/product\/sata-15-pin-female-to-4-pin-male-lp4-5-25-power-cable-adapter\/","title":{"rendered":"Adaptador de cable de alimentaci\u00f3n SATA de 15 clavijas hembra a 4 clavijas macho LP4 de 5,25\u2033."},"content":{"rendered":"<p>Nuestro accesorio indispensable es su puente entre los dispositivos SATA de la nueva era y las fuentes de alimentaci\u00f3n con puertos Molex LP4 heredados.<\/p>\n<p>Perfectamente dise\u00f1ado para constructores de ordenadores o t\u00e9cnicos inform\u00e1ticos, ayuda a instalar sin problemas unidades de disco duro SATA o unidades de DVD nuevas o de sustituci\u00f3n.<\/p>\n<p>Adem\u00e1s, viene con contactos chapados en oro y una carcasa niquelada para una durabilidad m\u00e1xima y una conductividad eficaz.<\/p>\n<p>Este adaptador de cable de alimentaci\u00f3n est\u00e1 envuelto en aislamiento de polietileno de alta densidad para mayor seguridad y fiabilidad, y cuenta con cuatro hilos conductores, incluidos rojo, dos negros y amarillo.<\/p>\n<p>Y est\u00e1 dise\u00f1ado para durar mucho tiempo con un calibre de cable de 18AWG y una robusta carcasa de molde de inyecci\u00f3n.<\/p>\n<p>Adem\u00e1s, damos prioridad tanto a la seguridad como a la sostenibilidad; cumple las normas RoHS y REACH. En resumen, p\u00f3ngase en contacto con nosotros hoy mismo y pida el adaptador.<\/p>","protected":false},"excerpt":{"rendered":"<p>Conecte lo antiguo con lo nuevo sin esfuerzo usando nuestro adaptador de cable de alimentaci\u00f3n SATA de 15 pines hembra a 4 pines macho LP4 de 5,25&quot;, ideal para discos duros SATA y unidades \u00f3pticas.<\/p>","protected":false},"featured_media":17572,"template":"","meta":{"_acf_changed":false,"_seopress_robots_primary_cat":"","_seopress_titles_title":"LP4 5.25&quot; Power Cable Adapter - Farsince","_seopress_titles_desc":"","_seopress_robots_index":"","site-sidebar-layout":"default","site-content-layout":"default","ast-site-content-layout":"default","site-content-style":"default","site-sidebar-style":"default","ast-global-header-display":"","ast-banner-title-visibility":"","ast-main-header-display":"","ast-hfb-above-header-display":"","ast-hfb-below-header-display":"","ast-hfb-mobile-header-display":"","site-post-title":"","ast-breadcrumbs-content":"","ast-featured-img":"","footer-sml-layout":"","ast-disable-related-posts":"","theme-transparent-header-meta":"default","adv-header-id-meta":"","stick-header-meta":"","header-above-stick-meta":"","header-main-stick-meta":"","header-below-stick-meta":"","astra-migrate-meta-layouts":"set","ast-page-background-enabled":"default","ast-page-background-meta":{"desktop":{"background-color":"","background-image":"","background-repeat":"repeat","background-position":"center center","background-size":"auto","background-attachment":"scroll","background-type":"","background-media":"","overlay-type":"","overlay-color":"","overlay-opacity":"","overlay-gradient":""},"tablet":{"background-color":"","background-image":"","background-repeat":"repeat","background-position":"center center","background-size":"auto","background-attachment":"scroll","background-type":"","background-media":"","overlay-type":"","overlay-color":"","overlay-opacity":"","overlay-gradient":""},"mobile":{"background-color":"","background-image":"","background-repeat":"repeat","background-position":"center center","background-size":"auto","background-attachment":"scroll","background-type":"","background-media":"","overlay-type":"","overlay-color":"","overlay-opacity":"","overlay-gradient":""}},"ast-content-background-meta":{"desktop":{"background-color":"var(--ast-global-color-5)","background-image":"","background-repeat":"repeat","background-position":"center center","background-size":"auto","background-attachment":"scroll","background-type":"","background-media":"","overlay-type":"","overlay-color":"","overlay-opacity":"","overlay-gradient":""},"tablet":{"background-color":"var(--ast-global-color-5)","background-image":"","background-repeat":"repeat","background-position":"center center","background-size":"auto","background-attachment":"scroll","background-type":"","background-media":"","overlay-type":"","overlay-color":"","overlay-opacity":"","overlay-gradient":""},"mobile":{"background-color":"var(--ast-global-color-5)","background-image":"","background-repeat":"repeat","background-position":"center center","background-size":"auto","background-attachment":"scroll","background-type":"","background-media":"","overlay-type":"","overlay-color":"","overlay-opacity":"","overlay-gradient":""}},"iawp_total_views":3},"product_brand":[],"product_cat":[633],"product_tag":[],"class_list":{"0":"post-17571","1":"product","2":"type-product","3":"status-publish","4":"has-post-thumbnail","6":"product_cat-pc-cables","7":"desktop-align-left","8":"tablet-align-left","9":"mobile-align-left","11":"first","12":"instock","13":"shipping-taxable","14":"purchasable","15":"product-type-simple"},"acf":[],"_links":{"self":[{"href":"https:\/\/www.fjpremium.com\/es\/wp-json\/wp\/v2\/product\/17571","targetHints":{"allow":["GET"]}}],"collection":[{"href":"https:\/\/www.fjpremium.com\/es\/wp-json\/wp\/v2\/product"}],"about":[{"href":"https:\/\/www.fjpremium.com\/es\/wp-json\/wp\/v2\/types\/product"}],"wp:featuredmedia":[{"embeddable":true,"href":"https:\/\/www.fjpremium.com\/es\/wp-json\/wp\/v2\/media\/17572"}],"wp:attachment":[{"href":"https:\/\/www.fjpremium.com\/es\/wp-json\/wp\/v2\/media?parent=17571"}],"wp:term":[{"taxonomy":"product_brand","embeddable":true,"href":"https:\/\/www.fjpremium.com\/es\/wp-json\/wp\/v2\/product_brand?post=17571"},{"taxonomy":"product_cat","embeddable":true,"href":"https:\/\/www.fjpremium.com\/es\/wp-json\/wp\/v2\/product_cat?post=17571"},{"taxonomy":"product_tag","embeddable":true,"href":"https:\/\/www.fjpremium.com\/es\/wp-json\/wp\/v2\/product_tag?post=17571"}],"curies":[{"name":"wp","href":"https:\/\/api.w.org\/{rel}","templated":true}]}}