{"id":17553,"date":"2021-03-10T16:53:45","date_gmt":"2021-03-10T08:53:45","guid":{"rendered":"https:\/\/www.fjpremium.com\/?post_type=product&#038;p=17553"},"modified":"2023-09-18T14:19:44","modified_gmt":"2023-09-18T06:19:44","slug":"sata-iii-cable-90-degree-angle-sata-3-0-hdd-sdd-data-cable-with-locking-latch","status":"publish","type":"product","link":"https:\/\/www.fjpremium.com\/es\/product\/sata-iii-cable-90-degree-angle-sata-3-0-hdd-sdd-data-cable-with-locking-latch\/","title":{"rendered":"SATA III Cable, \u00e1ngulo de 90 grados SATA 3.0 HDD SDD Cable de datos con pestillo de bloqueo"},"content":{"rendered":"<p>Nuestro cable conector de alto rendimiento est\u00e1 dise\u00f1ado para conectar placas base y controladores host a discos duros ATA serie internos y unidades de DVD, allanando el camino para amplias mejoras de almacenamiento para su ordenador.<\/p>\n<p>Pero recuerda que el disco duro debe alimentarse por separado.<\/p>\n<p>Experimentar\u00e1 la potencia de la \u00faltima revisi\u00f3n SATA 3.0, que permite velocidades de transferencia de datos de hasta 6 Gbps. El doble que SATA II y con compatibilidad con SATA I y II.<\/p>\n<p>Cada extremo de este cable cuenta con un pestillo de bloqueo, lo que garantiza transferencias de archivos seguras y fiables. Y su instalaci\u00f3n es tan f\u00e1cil como enchufar y listo, sin necesidad de software adicional.<\/p>\n<p>Sus especificaciones:<\/p>\n<ul>\n<li>Conductor del cable: Cobre desnudo 7 conductores<\/li>\n<li>Aislamiento: PE SKIN\/HDPE espumado<\/li>\n<li>Calibre del cable: 26AWG<\/li>\n<li>Blindaje: Cable de drenaje<\/li>\n<li>Carcasa: Molde de inyecci\u00f3n<\/li>\n<li>Di\u00e1metro exterior: 2,3\u00d78,3 mm<\/li>\n<li>Conformidad: RoHS, REACH<\/li>\n<\/ul>\n<p>Adem\u00e1s, nuestro cable SATA III, envuelto en una duradera cubierta de PVC, ofrece contactos chapados en oro y una cubierta niquelada para una conectividad \u00f3ptima.<\/p>\n<p>As\u00ed pues, p\u00f3ngase en contacto con nosotros hoy mismo y elija el cable para una velocidad y fiabilidad sin concesiones.<\/p>","protected":false},"excerpt":{"rendered":"<p>Libere posibilidades de almacenamiento mejoradas y transferencias de datos m\u00e1s r\u00e1pidas con este cable SATA III, que ofrece velocidades de hasta 6 Gbps y compatibilidad con versiones anteriores.<\/p>","protected":false},"featured_media":17554,"template":"","meta":{"_acf_changed":false,"_seopress_robots_primary_cat":"","_seopress_titles_title":"Best SATA III Cable, 90 Degree Angle - Farsince","_seopress_titles_desc":"","_seopress_robots_index":"","site-sidebar-layout":"default","site-content-layout":"default","ast-site-content-layout":"default","site-content-style":"default","site-sidebar-style":"default","ast-global-header-display":"","ast-banner-title-visibility":"","ast-main-header-display":"","ast-hfb-above-header-display":"","ast-hfb-below-header-display":"","ast-hfb-mobile-header-display":"","site-post-title":"","ast-breadcrumbs-content":"","ast-featured-img":"","footer-sml-layout":"","ast-disable-related-posts":"","theme-transparent-header-meta":"default","adv-header-id-meta":"","stick-header-meta":"","header-above-stick-meta":"","header-main-stick-meta":"","header-below-stick-meta":"","astra-migrate-meta-layouts":"set","ast-page-background-enabled":"default","ast-page-background-meta":{"desktop":{"background-color":"","background-image":"","background-repeat":"repeat","background-position":"center center","background-size":"auto","background-attachment":"scroll","background-type":"","background-media":"","overlay-type":"","overlay-color":"","overlay-opacity":"","overlay-gradient":""},"tablet":{"background-color":"","background-image":"","background-repeat":"repeat","background-position":"center center","background-size":"auto","background-attachment":"scroll","background-type":"","background-media":"","overlay-type":"","overlay-color":"","overlay-opacity":"","overlay-gradient":""},"mobile":{"background-color":"","background-image":"","background-repeat":"repeat","background-position":"center center","background-size":"auto","background-attachment":"scroll","background-type":"","background-media":"","overlay-type":"","overlay-color":"","overlay-opacity":"","overlay-gradient":""}},"ast-content-background-meta":{"desktop":{"background-color":"var(--ast-global-color-5)","background-image":"","background-repeat":"repeat","background-position":"center center","background-size":"auto","background-attachment":"scroll","background-type":"","background-media":"","overlay-type":"","overlay-color":"","overlay-opacity":"","overlay-gradient":""},"tablet":{"background-color":"var(--ast-global-color-5)","background-image":"","background-repeat":"repeat","background-position":"center center","background-size":"auto","background-attachment":"scroll","background-type":"","background-media":"","overlay-type":"","overlay-color":"","overlay-opacity":"","overlay-gradient":""},"mobile":{"background-color":"var(--ast-global-color-5)","background-image":"","background-repeat":"repeat","background-position":"center center","background-size":"auto","background-attachment":"scroll","background-type":"","background-media":"","overlay-type":"","overlay-color":"","overlay-opacity":"","overlay-gradient":""}},"iawp_total_views":7},"product_brand":[],"product_cat":[633],"product_tag":[],"class_list":{"0":"post-17553","1":"product","2":"type-product","3":"status-publish","4":"has-post-thumbnail","6":"product_cat-pc-cables","7":"desktop-align-left","8":"tablet-align-left","9":"mobile-align-left","11":"first","12":"instock","13":"shipping-taxable","14":"purchasable","15":"product-type-simple"},"acf":[],"_links":{"self":[{"href":"https:\/\/www.fjpremium.com\/es\/wp-json\/wp\/v2\/product\/17553","targetHints":{"allow":["GET"]}}],"collection":[{"href":"https:\/\/www.fjpremium.com\/es\/wp-json\/wp\/v2\/product"}],"about":[{"href":"https:\/\/www.fjpremium.com\/es\/wp-json\/wp\/v2\/types\/product"}],"wp:featuredmedia":[{"embeddable":true,"href":"https:\/\/www.fjpremium.com\/es\/wp-json\/wp\/v2\/media\/17554"}],"wp:attachment":[{"href":"https:\/\/www.fjpremium.com\/es\/wp-json\/wp\/v2\/media?parent=17553"}],"wp:term":[{"taxonomy":"product_brand","embeddable":true,"href":"https:\/\/www.fjpremium.com\/es\/wp-json\/wp\/v2\/product_brand?post=17553"},{"taxonomy":"product_cat","embeddable":true,"href":"https:\/\/www.fjpremium.com\/es\/wp-json\/wp\/v2\/product_cat?post=17553"},{"taxonomy":"product_tag","embeddable":true,"href":"https:\/\/www.fjpremium.com\/es\/wp-json\/wp\/v2\/product_tag?post=17553"}],"curies":[{"name":"wp","href":"https:\/\/api.w.org\/{rel}","templated":true}]}}