{"id":17546,"date":"2021-03-10T16:52:07","date_gmt":"2021-03-10T08:52:07","guid":{"rendered":"https:\/\/www.fjpremium.com\/?post_type=product&#038;p=17546"},"modified":"2023-09-18T14:17:22","modified_gmt":"2023-09-18T06:17:22","slug":"sata-iii-cable-straight-sata-3-0-hdd-sdd-data-cable-with-locking-latch","status":"publish","type":"product","link":"https:\/\/www.fjpremium.com\/es\/product\/sata-iii-cable-straight-sata-3-0-hdd-sdd-data-cable-with-locking-latch\/","title":{"rendered":"SATA III Cable, recto SATA 3.0 HDD SSD Cable de datos con pestillo de bloqueo"},"content":{"rendered":"<p>Espec\u00edficamente dise\u00f1ado para conectar placas base y controladoras host a unidades de DVD y discos duros ATA serie internos, nuestro cable es la soluci\u00f3n perfecta para actualizar r\u00e1pidamente el ordenador.<\/p>\n<p>Sin embargo, tenga en cuenta que es para la transferencia de datos y no alimenta su disco duro, que necesita ser alimentado de forma independiente.<\/p>\n<p>Este cable aprovecha el potencial de la \u00faltima tecnolog\u00eda SATA revisi\u00f3n 3.0, permitiendo impresionantes velocidades de transferencia de datos de hasta 6 Gbps, el doble que SATA II.<\/p>\n<p>Y con total compatibilidad con SATA I y II, ofrece una versatilidad inigualable.<\/p>\n<p>El cable de datos SSD cuenta con un pestillo de bloqueo en cada extremo, lo que proporciona conexiones seguras para transferencias de archivos r\u00e1pidas y fiables. Sin necesidad de software adicional; es un simple plug-and-play.<\/p>\n<p>Sus especificaciones:<\/p>\n<ul>\n<li>Conductor del cable: Cobre desnudo 7 conductores<\/li>\n<li>Aislamiento: PE SKIN\/HDPE espumado<\/li>\n<li>Calibre del cable: 26AWG<\/li>\n<li>Blindaje: Cable de drenaje<\/li>\n<li>Carcasa: Molde de inyecci\u00f3n<\/li>\n<li>Di\u00e1metro exterior: 2,3\u00d78,3 mm<\/li>\n<li>Conformidad: RoHS, REACH<\/li>\n<\/ul>\n<p>Adem\u00e1s, ofrece calidad y rendimiento de primer nivel con contactos chapados en oro, carcasa niquelada y cubierta de PVC duradera. P\u00f3ngase en contacto con nosotros hoy mismo y p\u00eddalo.<\/p>","protected":false},"excerpt":{"rendered":"<p>Aumente su capacidad de transferencia de datos y mejore su almacenamiento con el cable de datos SSD Farsince con pestillo de bloqueo, la soluci\u00f3n ideal para actualizaciones inform\u00e1ticas.<\/p>","protected":false},"featured_media":17547,"template":"","meta":{"_acf_changed":false,"_seopress_robots_primary_cat":"","_seopress_titles_title":"Best Straight SATA 3.0 HDD SSD Data Cable - Farsince","_seopress_titles_desc":"","_seopress_robots_index":"","site-sidebar-layout":"default","site-content-layout":"default","ast-site-content-layout":"default","site-content-style":"default","site-sidebar-style":"default","ast-global-header-display":"","ast-banner-title-visibility":"","ast-main-header-display":"","ast-hfb-above-header-display":"","ast-hfb-below-header-display":"","ast-hfb-mobile-header-display":"","site-post-title":"","ast-breadcrumbs-content":"","ast-featured-img":"","footer-sml-layout":"","ast-disable-related-posts":"","theme-transparent-header-meta":"default","adv-header-id-meta":"","stick-header-meta":"","header-above-stick-meta":"","header-main-stick-meta":"","header-below-stick-meta":"","astra-migrate-meta-layouts":"set","ast-page-background-enabled":"default","ast-page-background-meta":{"desktop":{"background-color":"","background-image":"","background-repeat":"repeat","background-position":"center center","background-size":"auto","background-attachment":"scroll","background-type":"","background-media":"","overlay-type":"","overlay-color":"","overlay-opacity":"","overlay-gradient":""},"tablet":{"background-color":"","background-image":"","background-repeat":"repeat","background-position":"center center","background-size":"auto","background-attachment":"scroll","background-type":"","background-media":"","overlay-type":"","overlay-color":"","overlay-opacity":"","overlay-gradient":""},"mobile":{"background-color":"","background-image":"","background-repeat":"repeat","background-position":"center center","background-size":"auto","background-attachment":"scroll","background-type":"","background-media":"","overlay-type":"","overlay-color":"","overlay-opacity":"","overlay-gradient":""}},"ast-content-background-meta":{"desktop":{"background-color":"var(--ast-global-color-5)","background-image":"","background-repeat":"repeat","background-position":"center center","background-size":"auto","background-attachment":"scroll","background-type":"","background-media":"","overlay-type":"","overlay-color":"","overlay-opacity":"","overlay-gradient":""},"tablet":{"background-color":"var(--ast-global-color-5)","background-image":"","background-repeat":"repeat","background-position":"center center","background-size":"auto","background-attachment":"scroll","background-type":"","background-media":"","overlay-type":"","overlay-color":"","overlay-opacity":"","overlay-gradient":""},"mobile":{"background-color":"var(--ast-global-color-5)","background-image":"","background-repeat":"repeat","background-position":"center center","background-size":"auto","background-attachment":"scroll","background-type":"","background-media":"","overlay-type":"","overlay-color":"","overlay-opacity":"","overlay-gradient":""}},"iawp_total_views":7},"product_brand":[],"product_cat":[633],"product_tag":[],"class_list":{"0":"post-17546","1":"product","2":"type-product","3":"status-publish","4":"has-post-thumbnail","6":"product_cat-pc-cables","7":"desktop-align-left","8":"tablet-align-left","9":"mobile-align-left","11":"first","12":"instock","13":"shipping-taxable","14":"purchasable","15":"product-type-simple"},"acf":[],"_links":{"self":[{"href":"https:\/\/www.fjpremium.com\/es\/wp-json\/wp\/v2\/product\/17546","targetHints":{"allow":["GET"]}}],"collection":[{"href":"https:\/\/www.fjpremium.com\/es\/wp-json\/wp\/v2\/product"}],"about":[{"href":"https:\/\/www.fjpremium.com\/es\/wp-json\/wp\/v2\/types\/product"}],"wp:featuredmedia":[{"embeddable":true,"href":"https:\/\/www.fjpremium.com\/es\/wp-json\/wp\/v2\/media\/17547"}],"wp:attachment":[{"href":"https:\/\/www.fjpremium.com\/es\/wp-json\/wp\/v2\/media?parent=17546"}],"wp:term":[{"taxonomy":"product_brand","embeddable":true,"href":"https:\/\/www.fjpremium.com\/es\/wp-json\/wp\/v2\/product_brand?post=17546"},{"taxonomy":"product_cat","embeddable":true,"href":"https:\/\/www.fjpremium.com\/es\/wp-json\/wp\/v2\/product_cat?post=17546"},{"taxonomy":"product_tag","embeddable":true,"href":"https:\/\/www.fjpremium.com\/es\/wp-json\/wp\/v2\/product_tag?post=17546"}],"curies":[{"name":"wp","href":"https:\/\/api.w.org\/{rel}","templated":true}]}}