{"id":17522,"date":"2021-03-10T16:44:07","date_gmt":"2021-03-10T08:44:07","guid":{"rendered":"https:\/\/www.fjpremium.com\/?post_type=product&#038;p=17522"},"modified":"2023-12-14T14:00:18","modified_gmt":"2023-12-14T06:00:18","slug":"usb-to-db25-parallel-printer-cable-ieee-1284-adapter-converter-cable","status":"publish","type":"product","link":"https:\/\/www.fjpremium.com\/es\/product\/usb-to-db25-parallel-printer-cable-ieee-1284-adapter-converter-cable\/","title":{"rendered":"Cable de impresora USB a DB25 paralelo IEEE 1284"},"content":{"rendered":"<p>Dise\u00f1ado para conectar ordenadores de sobremesa o port\u00e1tiles equipados con USB con impresoras paralelas, impresoras de inyecci\u00f3n de tinta, l\u00e1ser, m\u00e1quinas de punto de venta, impresoras de etiquetas, cajas registradoras y esc\u00e1neres con una interfaz paralela DB25, el cable de impresora IEEE 1284 es su puerta de entrada a operaciones eficientes.<\/p>\n<p>Alcanza velocidades de transferencia de datos de hasta 12 Mbps y es totalmente compatible con las especificaciones USB 1.1\/2.0 e IEEE 1284.<\/p>\n<p>Adem\u00e1s, est\u00e1 dise\u00f1ado para proporcionar un bus de comunicaciones bidireccional y d\u00faplex completo para cualquier aplicaci\u00f3n IEEE-1284, lo que garantiza un rendimiento \u00f3ptimo.<\/p>\n<p>La instalaci\u00f3n plug-and-play de nuestro cable ofrece comodidad, mientras que el chip de alta calidad garantiza una conectividad fiable.<\/p>\n<p>Sus especificaciones:<\/p>\n<ul>\n<li>Conector 1: USB 2.0 macho<\/li>\n<li>Conector 2: IEEE 1284 DB25 macho o hembra<\/li>\n<li>Contacto dorado, carcasa niquelada<\/li>\n<li>Carcasa: Inyecci\u00f3n de pl\u00e1stico<\/li>\n<li>Chip: PL2302TA o FTDI RL<\/li>\n<li>Cubierta: PVC<\/li>\n<\/ul>\n<p>Tenga en cuenta que no es compatible con una unidad Zip o como un puerto LPT.<\/p>\n<p>Adem\u00e1s, cumple las normas RoHS y REACH, por lo que es un complemento responsable para su conjunto tecnol\u00f3gico. En consecuencia, p\u00f3ngase en contacto con nosotros hoy mismo y a\u00f1\u00e1dalo a su inventario.<\/p>","protected":false},"excerpt":{"rendered":"<p>Disfrute de una conectividad perfecta con el cable de impresora USB a DB25 paralelo IEEE 1284 de Farsince, dise\u00f1ado para una transferencia de datos \u00f3ptima y una amplia compatibilidad, agilizando sus operaciones.<\/p>","protected":false},"featured_media":17523,"template":"","meta":{"_acf_changed":false,"_seopress_robots_primary_cat":"","_seopress_titles_title":"","_seopress_titles_desc":"Enjoy seamless connectivity with Farsince USB to DB25 parallel IEEE 1284 printer cable, tailored for optimal data transfer and broad compatibility.","_seopress_robots_index":"","site-sidebar-layout":"default","site-content-layout":"default","ast-site-content-layout":"default","site-content-style":"default","site-sidebar-style":"default","ast-global-header-display":"","ast-banner-title-visibility":"","ast-main-header-display":"","ast-hfb-above-header-display":"","ast-hfb-below-header-display":"","ast-hfb-mobile-header-display":"","site-post-title":"","ast-breadcrumbs-content":"","ast-featured-img":"","footer-sml-layout":"","ast-disable-related-posts":"","theme-transparent-header-meta":"default","adv-header-id-meta":"","stick-header-meta":"","header-above-stick-meta":"","header-main-stick-meta":"","header-below-stick-meta":"","astra-migrate-meta-layouts":"default","ast-page-background-enabled":"default","ast-page-background-meta":{"desktop":{"background-color":"","background-image":"","background-repeat":"repeat","background-position":"center center","background-size":"auto","background-attachment":"scroll","background-type":"","background-media":"","overlay-type":"","overlay-color":"","overlay-opacity":"","overlay-gradient":""},"tablet":{"background-color":"","background-image":"","background-repeat":"repeat","background-position":"center center","background-size":"auto","background-attachment":"scroll","background-type":"","background-media":"","overlay-type":"","overlay-color":"","overlay-opacity":"","overlay-gradient":""},"mobile":{"background-color":"","background-image":"","background-repeat":"repeat","background-position":"center center","background-size":"auto","background-attachment":"scroll","background-type":"","background-media":"","overlay-type":"","overlay-color":"","overlay-opacity":"","overlay-gradient":""}},"ast-content-background-meta":{"desktop":{"background-color":"var(--ast-global-color-5)","background-image":"","background-repeat":"repeat","background-position":"center center","background-size":"auto","background-attachment":"scroll","background-type":"","background-media":"","overlay-type":"","overlay-color":"","overlay-opacity":"","overlay-gradient":""},"tablet":{"background-color":"var(--ast-global-color-5)","background-image":"","background-repeat":"repeat","background-position":"center center","background-size":"auto","background-attachment":"scroll","background-type":"","background-media":"","overlay-type":"","overlay-color":"","overlay-opacity":"","overlay-gradient":""},"mobile":{"background-color":"var(--ast-global-color-5)","background-image":"","background-repeat":"repeat","background-position":"center center","background-size":"auto","background-attachment":"scroll","background-type":"","background-media":"","overlay-type":"","overlay-color":"","overlay-opacity":"","overlay-gradient":""}},"iawp_total_views":10},"product_brand":[],"product_cat":[632,637],"product_tag":[],"class_list":{"0":"post-17522","1":"product","2":"type-product","3":"status-publish","4":"has-post-thumbnail","6":"product_cat-usb","7":"product_cat-usb-converters","8":"desktop-align-left","9":"tablet-align-left","10":"mobile-align-left","12":"first","13":"instock","14":"shipping-taxable","15":"purchasable","16":"product-type-simple"},"acf":[],"_links":{"self":[{"href":"https:\/\/www.fjpremium.com\/es\/wp-json\/wp\/v2\/product\/17522","targetHints":{"allow":["GET"]}}],"collection":[{"href":"https:\/\/www.fjpremium.com\/es\/wp-json\/wp\/v2\/product"}],"about":[{"href":"https:\/\/www.fjpremium.com\/es\/wp-json\/wp\/v2\/types\/product"}],"wp:featuredmedia":[{"embeddable":true,"href":"https:\/\/www.fjpremium.com\/es\/wp-json\/wp\/v2\/media\/17523"}],"wp:attachment":[{"href":"https:\/\/www.fjpremium.com\/es\/wp-json\/wp\/v2\/media?parent=17522"}],"wp:term":[{"taxonomy":"product_brand","embeddable":true,"href":"https:\/\/www.fjpremium.com\/es\/wp-json\/wp\/v2\/product_brand?post=17522"},{"taxonomy":"product_cat","embeddable":true,"href":"https:\/\/www.fjpremium.com\/es\/wp-json\/wp\/v2\/product_cat?post=17522"},{"taxonomy":"product_tag","embeddable":true,"href":"https:\/\/www.fjpremium.com\/es\/wp-json\/wp\/v2\/product_tag?post=17522"}],"curies":[{"name":"wp","href":"https:\/\/api.w.org\/{rel}","templated":true}]}}