{"id":17513,"date":"2021-03-10T16:42:24","date_gmt":"2021-03-10T08:42:24","guid":{"rendered":"https:\/\/www.fjpremium.com\/?post_type=product&#038;p=17513"},"modified":"2023-12-14T14:00:19","modified_gmt":"2023-12-14T06:00:19","slug":"usb-2-0-to-rs232-db9-female-serial-adapter-cable","status":"publish","type":"product","link":"https:\/\/www.fjpremium.com\/es\/product\/usb-2-0-to-rs232-db9-female-serial-adapter-cable\/","title":{"rendered":"Cable adaptador serie USB 2.0 a RS232 DB9 hembra"},"content":{"rendered":"<p>Nuestro innovador cable adaptador serie conecta sin problemas un dispositivo serie DB9 (9 PIN), como un m\u00f3dem, a un puerto USB del ordenador.<\/p>\n<p>Tambi\u00e9n es compatible con varios dispositivos, como adaptadores de terminal RDSI, c\u00e1maras digitales, grabadoras de etiquetas, Palm PC, PDA y puertos SERIE DB9.<\/p>\n<p>Construido con el \u00faltimo chipset Prolific FTDI232RL o PL2303TA, soporta una alta velocidad de transferencia de datos de 1Mbps.<\/p>\n<p>Esta herramienta es plug-and-play para una configuraci\u00f3n sin esfuerzo en sistemas Windows, Linux y Mac OS X.<\/p>\n<p>Sus especificaciones:<\/p>\n<ul>\n<li>Conector 1: USB 2.0 macho<\/li>\n<li>Conector 2: RS232 DB9 hembra<\/li>\n<li>Contacto dorado, carcasa niquelada<\/li>\n<li>Carcasa: Inyecci\u00f3n de pl\u00e1stico<\/li>\n<li>Cubierta: PVC<\/li>\n<li>Chip: PL2302TA o FTDIRL<\/li>\n<\/ul>\n<p>Adem\u00e1s, tenga en cuenta que es incompatible con el pl\u00f3ter de corte, SCM. Cumple las normas RoHS y REACH, por lo que es una opci\u00f3n respetuosa con el medio ambiente.<\/p>\n<p>Por lo tanto, p\u00f3ngase en contacto con nosotros hoy mismo e invierta en el cable.<\/p>","protected":false},"excerpt":{"rendered":"<p>Ad\u00e9ntrese en la conectividad eficiente con el cable adaptador serie hembra USB 2.0 a RS232 DB9 de Farsince, que cuenta con la comodidad plug-and-play junto con el cumplimiento de RoHS y REACH.<\/p>","protected":false},"featured_media":17514,"template":"","meta":{"_acf_changed":false,"_seopress_robots_primary_cat":"","_seopress_titles_title":"USB 2.0 to RS232 DB9 Female Serial Adapter Cable - FARSINCE","_seopress_titles_desc":"Step into efficient connectivity with the Farsince USB 2.0 to RS232 DB9 female serial adapter cable, boasting plug-and-play convenience.","_seopress_robots_index":"","site-sidebar-layout":"default","site-content-layout":"default","ast-site-content-layout":"default","site-content-style":"default","site-sidebar-style":"default","ast-global-header-display":"","ast-banner-title-visibility":"","ast-main-header-display":"","ast-hfb-above-header-display":"","ast-hfb-below-header-display":"","ast-hfb-mobile-header-display":"","site-post-title":"","ast-breadcrumbs-content":"","ast-featured-img":"","footer-sml-layout":"","ast-disable-related-posts":"","theme-transparent-header-meta":"default","adv-header-id-meta":"","stick-header-meta":"","header-above-stick-meta":"","header-main-stick-meta":"","header-below-stick-meta":"","astra-migrate-meta-layouts":"set","ast-page-background-enabled":"default","ast-page-background-meta":{"desktop":{"background-color":"","background-image":"","background-repeat":"repeat","background-position":"center center","background-size":"auto","background-attachment":"scroll","background-type":"","background-media":"","overlay-type":"","overlay-color":"","overlay-opacity":"","overlay-gradient":""},"tablet":{"background-color":"","background-image":"","background-repeat":"repeat","background-position":"center center","background-size":"auto","background-attachment":"scroll","background-type":"","background-media":"","overlay-type":"","overlay-color":"","overlay-opacity":"","overlay-gradient":""},"mobile":{"background-color":"","background-image":"","background-repeat":"repeat","background-position":"center center","background-size":"auto","background-attachment":"scroll","background-type":"","background-media":"","overlay-type":"","overlay-color":"","overlay-opacity":"","overlay-gradient":""}},"ast-content-background-meta":{"desktop":{"background-color":"var(--ast-global-color-5)","background-image":"","background-repeat":"repeat","background-position":"center center","background-size":"auto","background-attachment":"scroll","background-type":"","background-media":"","overlay-type":"","overlay-color":"","overlay-opacity":"","overlay-gradient":""},"tablet":{"background-color":"var(--ast-global-color-5)","background-image":"","background-repeat":"repeat","background-position":"center center","background-size":"auto","background-attachment":"scroll","background-type":"","background-media":"","overlay-type":"","overlay-color":"","overlay-opacity":"","overlay-gradient":""},"mobile":{"background-color":"var(--ast-global-color-5)","background-image":"","background-repeat":"repeat","background-position":"center center","background-size":"auto","background-attachment":"scroll","background-type":"","background-media":"","overlay-type":"","overlay-color":"","overlay-opacity":"","overlay-gradient":""}},"iawp_total_views":6},"product_brand":[],"product_cat":[632,637],"product_tag":[],"class_list":{"0":"post-17513","1":"product","2":"type-product","3":"status-publish","4":"has-post-thumbnail","6":"product_cat-usb","7":"product_cat-usb-converters","8":"desktop-align-left","9":"tablet-align-left","10":"mobile-align-left","12":"first","13":"instock","14":"shipping-taxable","15":"purchasable","16":"product-type-simple"},"acf":[],"_links":{"self":[{"href":"https:\/\/www.fjpremium.com\/es\/wp-json\/wp\/v2\/product\/17513","targetHints":{"allow":["GET"]}}],"collection":[{"href":"https:\/\/www.fjpremium.com\/es\/wp-json\/wp\/v2\/product"}],"about":[{"href":"https:\/\/www.fjpremium.com\/es\/wp-json\/wp\/v2\/types\/product"}],"wp:featuredmedia":[{"embeddable":true,"href":"https:\/\/www.fjpremium.com\/es\/wp-json\/wp\/v2\/media\/17514"}],"wp:attachment":[{"href":"https:\/\/www.fjpremium.com\/es\/wp-json\/wp\/v2\/media?parent=17513"}],"wp:term":[{"taxonomy":"product_brand","embeddable":true,"href":"https:\/\/www.fjpremium.com\/es\/wp-json\/wp\/v2\/product_brand?post=17513"},{"taxonomy":"product_cat","embeddable":true,"href":"https:\/\/www.fjpremium.com\/es\/wp-json\/wp\/v2\/product_cat?post=17513"},{"taxonomy":"product_tag","embeddable":true,"href":"https:\/\/www.fjpremium.com\/es\/wp-json\/wp\/v2\/product_tag?post=17513"}],"curies":[{"name":"wp","href":"https:\/\/api.w.org\/{rel}","templated":true}]}}