{"id":17505,"date":"2021-03-10T16:41:21","date_gmt":"2021-03-10T08:41:21","guid":{"rendered":"https:\/\/www.fjpremium.com\/?post_type=product&#038;p=17505"},"modified":"2023-09-26T15:40:57","modified_gmt":"2023-09-26T07:40:57","slug":"usb-2-0-to-rs232-serial-db9-male-adapter-cable-2","status":"publish","type":"product","link":"https:\/\/www.fjpremium.com\/es\/product\/usb-2-0-to-rs232-serial-db9-male-adapter-cable-2\/","title":{"rendered":"USB a RS232 Serial DB9 Cable Adaptador"},"content":{"rendered":"<p>Esta herramienta indispensable permite una conexi\u00f3n r\u00e1pida entre un dispositivo serie DB9 (9 PIN), como un m\u00f3dem, y un puerto USB del ordenador.<\/p>\n<p>Dise\u00f1ado con el vanguardista chipset Prolific FTDI232RL o PL2303TA, facilita una velocidad de transferencia de datos de 1 Mbps.<\/p>\n<p>Y su dise\u00f1o plug-and-play garantiza una configuraci\u00f3n sin esfuerzo, mientras que su amplia compatibilidad permite su uso en m\u00faltiples sistemas operativos.<\/p>\n<p>Le informamos que el cable adaptador USB a RS232 serie DB9 es incompatible con el Plotter de corte, SCM.<\/p>\n<p>Sus especificaciones:<\/p>\n<ul>\n<li>Conector 1: USB 2.0 macho<\/li>\n<li>Conector 2: RS232 DB9 macho<\/li>\n<li>Contacto dorado, carcasa niquelada<\/li>\n<li>Carcasa: Inyecci\u00f3n de pl\u00e1stico<\/li>\n<li>Chip: PL2302TA o FTDIRL<\/li>\n<li>Cubierta: PVC<\/li>\n<\/ul>\n<p>Adem\u00e1s, al cumplir las normas RoHS y REACH, es su elecci\u00f3n sostenible. En resumen, p\u00f3ngase en contacto con nosotros hoy mismo y a\u00f1ada nuestro cable a su inventario.<\/p>","protected":false},"excerpt":{"rendered":"<p>Desbloquee una conectividad s\u00f3lida con el cable adaptador DB9 serial USB a RS232 de Farsince, que promete transferencia de datos de alta velocidad, simplicidad plug-and-play y cumplimiento ecol\u00f3gico con RoHS y REACH.<\/p>","protected":false},"featured_media":17506,"template":"","meta":{"_acf_changed":false,"_seopress_robots_primary_cat":"","_seopress_titles_title":"USB to RS232 Serial DB9 Adapter Cable - FARSINCE","_seopress_titles_desc":"Unlock robust connectivity with Farsince USB to RS232 serial DB9 adapter cable, promising high-speed data transfer and plug-and-play simplicity.","_seopress_robots_index":"","site-sidebar-layout":"default","site-content-layout":"default","ast-site-content-layout":"default","site-content-style":"default","site-sidebar-style":"default","ast-global-header-display":"","ast-banner-title-visibility":"","ast-main-header-display":"","ast-hfb-above-header-display":"","ast-hfb-below-header-display":"","ast-hfb-mobile-header-display":"","site-post-title":"","ast-breadcrumbs-content":"","ast-featured-img":"","footer-sml-layout":"","ast-disable-related-posts":"","theme-transparent-header-meta":"default","adv-header-id-meta":"","stick-header-meta":"","header-above-stick-meta":"","header-main-stick-meta":"","header-below-stick-meta":"","astra-migrate-meta-layouts":"set","ast-page-background-enabled":"default","ast-page-background-meta":{"desktop":{"background-color":"","background-image":"","background-repeat":"repeat","background-position":"center center","background-size":"auto","background-attachment":"scroll","background-type":"","background-media":"","overlay-type":"","overlay-color":"","overlay-opacity":"","overlay-gradient":""},"tablet":{"background-color":"","background-image":"","background-repeat":"repeat","background-position":"center center","background-size":"auto","background-attachment":"scroll","background-type":"","background-media":"","overlay-type":"","overlay-color":"","overlay-opacity":"","overlay-gradient":""},"mobile":{"background-color":"","background-image":"","background-repeat":"repeat","background-position":"center center","background-size":"auto","background-attachment":"scroll","background-type":"","background-media":"","overlay-type":"","overlay-color":"","overlay-opacity":"","overlay-gradient":""}},"ast-content-background-meta":{"desktop":{"background-color":"var(--ast-global-color-5)","background-image":"","background-repeat":"repeat","background-position":"center center","background-size":"auto","background-attachment":"scroll","background-type":"","background-media":"","overlay-type":"","overlay-color":"","overlay-opacity":"","overlay-gradient":""},"tablet":{"background-color":"var(--ast-global-color-5)","background-image":"","background-repeat":"repeat","background-position":"center center","background-size":"auto","background-attachment":"scroll","background-type":"","background-media":"","overlay-type":"","overlay-color":"","overlay-opacity":"","overlay-gradient":""},"mobile":{"background-color":"var(--ast-global-color-5)","background-image":"","background-repeat":"repeat","background-position":"center center","background-size":"auto","background-attachment":"scroll","background-type":"","background-media":"","overlay-type":"","overlay-color":"","overlay-opacity":"","overlay-gradient":""}},"iawp_total_views":7},"product_brand":[],"product_cat":[632],"product_tag":[],"class_list":{"0":"post-17505","1":"product","2":"type-product","3":"status-publish","4":"has-post-thumbnail","6":"product_cat-usb","7":"desktop-align-left","8":"tablet-align-left","9":"mobile-align-left","11":"first","12":"instock","13":"shipping-taxable","14":"purchasable","15":"product-type-simple"},"acf":[],"_links":{"self":[{"href":"https:\/\/www.fjpremium.com\/es\/wp-json\/wp\/v2\/product\/17505","targetHints":{"allow":["GET"]}}],"collection":[{"href":"https:\/\/www.fjpremium.com\/es\/wp-json\/wp\/v2\/product"}],"about":[{"href":"https:\/\/www.fjpremium.com\/es\/wp-json\/wp\/v2\/types\/product"}],"wp:featuredmedia":[{"embeddable":true,"href":"https:\/\/www.fjpremium.com\/es\/wp-json\/wp\/v2\/media\/17506"}],"wp:attachment":[{"href":"https:\/\/www.fjpremium.com\/es\/wp-json\/wp\/v2\/media?parent=17505"}],"wp:term":[{"taxonomy":"product_brand","embeddable":true,"href":"https:\/\/www.fjpremium.com\/es\/wp-json\/wp\/v2\/product_brand?post=17505"},{"taxonomy":"product_cat","embeddable":true,"href":"https:\/\/www.fjpremium.com\/es\/wp-json\/wp\/v2\/product_cat?post=17505"},{"taxonomy":"product_tag","embeddable":true,"href":"https:\/\/www.fjpremium.com\/es\/wp-json\/wp\/v2\/product_tag?post=17505"}],"curies":[{"name":"wp","href":"https:\/\/api.w.org\/{rel}","templated":true}]}}