{"id":17436,"date":"2021-03-10T16:08:09","date_gmt":"2021-03-10T08:08:09","guid":{"rendered":"https:\/\/www.fjpremium.com\/?post_type=product&#038;p=17436"},"modified":"2023-12-14T13:58:48","modified_gmt":"2023-12-14T05:58:48","slug":"superspeed-usb-3-0-type-a-male-to-micro-b-male-cable-5gbps","status":"publish","type":"product","link":"https:\/\/www.fjpremium.com\/es\/product\/superspeed-usb-3-0-type-a-male-to-micro-b-male-cable-5gbps\/","title":{"rendered":"Cable USB 3.0 de tipo A a micro B de supervelocidad macho a macho, 5 Gbps"},"content":{"rendered":"<p>Nuestro accesorio esencial sirve como puente definitivo para su impresora, esc\u00e1ner, concentrador USB y otros dispositivos.<\/p>\n<p>Con una impresionante velocidad de transferencia de 5 Gbps, eleva la eficiencia a un nuevo nivel y promete velocidades diez veces superiores a las de su predecesor USB 2.0.<\/p>\n<p>Con un sofisticado apantallamiento de l\u00e1minas y trenzas, tambi\u00e9n garantiza una inmunidad total a las interferencias EMI\/RFI.<\/p>\n<p>La construcci\u00f3n de par trenzado reduce meticulosamente la diafon\u00eda, proporcionando transferencias de datos de alta velocidad y sin errores en todo momento.<\/p>\n<p>Cubierto con una funda de PVC flexible, este cable USB 3.0 de tipo A a micro B est\u00e1 fabricado para ofrecer durabilidad y un rendimiento superior.<\/p>\n<p>Sus especificaciones:<\/p>\n<ul>\n<li>Contacto dorado, carcasa niquelada<\/li>\n<li>Conductor del cable: Cobre desnudo<\/li>\n<li>Aislamiento: PE SKIN\/HDPE espumado<\/li>\n<li>Calibre del cable: 24\/28\/28AWG<\/li>\n<li>Carcasa: Molde de inyecci\u00f3n<\/li>\n<li>Chip: N\/M<\/li>\n<li>Di\u00e1metro exterior: 5,5\u00b10,2 mm<\/li>\n<li>Conformidad: RoHS, REACH<\/li>\n<\/ul>\n<p>Adem\u00e1s, con la garant\u00eda de 2 a\u00f1os de Farsince, no s\u00f3lo obtiene un cable, sino una promesa de calidad y confianza. En definitiva, ad\u00e9ntrese en el futuro y adopte su poder.<\/p>","protected":false},"excerpt":{"rendered":"<p>Amplifique la experiencia digital con el cable USB 3.0 tipo A a micro B de supervelocidad de Farsince, que ofrece velocidades de transferencia ultrarr\u00e1pidas de 5 Gbps y un blindaje superior.<\/p>","protected":false},"featured_media":17437,"template":"","meta":{"_acf_changed":false,"_seopress_robots_primary_cat":"","_seopress_titles_title":"SuperSpeed Male to Male USB 3.0 Type A to Micro B Cable - Farsince","_seopress_titles_desc":"","_seopress_robots_index":"","site-sidebar-layout":"default","site-content-layout":"default","ast-site-content-layout":"default","site-content-style":"default","site-sidebar-style":"default","ast-global-header-display":"","ast-banner-title-visibility":"","ast-main-header-display":"","ast-hfb-above-header-display":"","ast-hfb-below-header-display":"","ast-hfb-mobile-header-display":"","site-post-title":"","ast-breadcrumbs-content":"","ast-featured-img":"","footer-sml-layout":"","ast-disable-related-posts":"","theme-transparent-header-meta":"default","adv-header-id-meta":"","stick-header-meta":"","header-above-stick-meta":"","header-main-stick-meta":"","header-below-stick-meta":"","astra-migrate-meta-layouts":"set","ast-page-background-enabled":"default","ast-page-background-meta":{"desktop":{"background-color":"","background-image":"","background-repeat":"repeat","background-position":"center center","background-size":"auto","background-attachment":"scroll","background-type":"","background-media":"","overlay-type":"","overlay-color":"","overlay-opacity":"","overlay-gradient":""},"tablet":{"background-color":"","background-image":"","background-repeat":"repeat","background-position":"center center","background-size":"auto","background-attachment":"scroll","background-type":"","background-media":"","overlay-type":"","overlay-color":"","overlay-opacity":"","overlay-gradient":""},"mobile":{"background-color":"","background-image":"","background-repeat":"repeat","background-position":"center center","background-size":"auto","background-attachment":"scroll","background-type":"","background-media":"","overlay-type":"","overlay-color":"","overlay-opacity":"","overlay-gradient":""}},"ast-content-background-meta":{"desktop":{"background-color":"var(--ast-global-color-5)","background-image":"","background-repeat":"repeat","background-position":"center center","background-size":"auto","background-attachment":"scroll","background-type":"","background-media":"","overlay-type":"","overlay-color":"","overlay-opacity":"","overlay-gradient":""},"tablet":{"background-color":"var(--ast-global-color-5)","background-image":"","background-repeat":"repeat","background-position":"center center","background-size":"auto","background-attachment":"scroll","background-type":"","background-media":"","overlay-type":"","overlay-color":"","overlay-opacity":"","overlay-gradient":""},"mobile":{"background-color":"var(--ast-global-color-5)","background-image":"","background-repeat":"repeat","background-position":"center center","background-size":"auto","background-attachment":"scroll","background-type":"","background-media":"","overlay-type":"","overlay-color":"","overlay-opacity":"","overlay-gradient":""}},"iawp_total_views":6},"product_brand":[],"product_cat":[632,636],"product_tag":[],"class_list":{"0":"post-17436","1":"product","2":"type-product","3":"status-publish","4":"has-post-thumbnail","6":"product_cat-usb","7":"product_cat-usb-2-0-cables","8":"desktop-align-left","9":"tablet-align-left","10":"mobile-align-left","12":"first","13":"instock","14":"shipping-taxable","15":"purchasable","16":"product-type-simple"},"acf":[],"_links":{"self":[{"href":"https:\/\/www.fjpremium.com\/es\/wp-json\/wp\/v2\/product\/17436","targetHints":{"allow":["GET"]}}],"collection":[{"href":"https:\/\/www.fjpremium.com\/es\/wp-json\/wp\/v2\/product"}],"about":[{"href":"https:\/\/www.fjpremium.com\/es\/wp-json\/wp\/v2\/types\/product"}],"wp:featuredmedia":[{"embeddable":true,"href":"https:\/\/www.fjpremium.com\/es\/wp-json\/wp\/v2\/media\/17437"}],"wp:attachment":[{"href":"https:\/\/www.fjpremium.com\/es\/wp-json\/wp\/v2\/media?parent=17436"}],"wp:term":[{"taxonomy":"product_brand","embeddable":true,"href":"https:\/\/www.fjpremium.com\/es\/wp-json\/wp\/v2\/product_brand?post=17436"},{"taxonomy":"product_cat","embeddable":true,"href":"https:\/\/www.fjpremium.com\/es\/wp-json\/wp\/v2\/product_cat?post=17436"},{"taxonomy":"product_tag","embeddable":true,"href":"https:\/\/www.fjpremium.com\/es\/wp-json\/wp\/v2\/product_tag?post=17436"}],"curies":[{"name":"wp","href":"https:\/\/api.w.org\/{rel}","templated":true}]}}