{"id":17418,"date":"2021-03-10T16:04:34","date_gmt":"2021-03-10T08:04:34","guid":{"rendered":"https:\/\/www.fjpremium.com\/?post_type=product&#038;p=17418"},"modified":"2023-12-14T13:58:49","modified_gmt":"2023-12-14T05:58:49","slug":"superspeed-usb-3-0-type-a-male-to-type-a-female-repeater-active-extension-cable-5gbps","status":"publish","type":"product","link":"https:\/\/www.fjpremium.com\/es\/product\/superspeed-usb-3-0-type-a-male-to-type-a-female-repeater-active-extension-cable-5gbps\/","title":{"rendered":"Cable de extensi\u00f3n activo repetidor SuperSpeed USB 3.0 tipo A macho a tipo A hembra, 5 Gbps"},"content":{"rendered":"<p>Dise\u00f1ado para aplicaciones de alta calidad y larga distancia de hasta 30 metros, el cable es ideal para ampliar el alcance de teclados, ratones, m\u00f3dems y otros perif\u00e9ricos USB equipados con puertos USB 3.0 A.<\/p>\n<p>Con un chip IC activo integrado, amortigua magistralmente las se\u00f1ales entrantes y salientes, cumpliendo y superando la especificaci\u00f3n USB 3.0.<\/p>\n<p>Adem\u00e1s, disfruta de una velocidad de transferencia inigualable de hasta 5 Gbps cuando se conecta con un host y un dispositivo compatibles con USB 3.0, diez veces m\u00e1s r\u00e1pido que un cable USB 2.0.<\/p>\n<p>Con blindaje de l\u00e1mina y trenzado, nuestro cable de extensi\u00f3n activo rechaza las interferencias EMI\/RFI, mientras que la construcci\u00f3n de par trenzado frena la diafon\u00eda, asegurando una transferencia de datos de alta velocidad y sin errores.<\/p>\n<p>Sus especificaciones:<\/p>\n<ul>\n<li>Contacto dorado, carcasa niquelada<\/li>\n<li>Conductor del cable: Cobre desnudo<\/li>\n<li>Aislamiento: PE SKIN\/HDPE espumado<\/li>\n<li>Calibre del cable: 24\/28\/28AWG<\/li>\n<li>Carcasa: Molde de inyecci\u00f3n<\/li>\n<li>Chip: N\/M<\/li>\n<li>Cubierta: PVC<\/li>\n<li>Di\u00e1metro exterior: 5,5\u00b10,2 mm<\/li>\n<li>Conformidad: RoHS, REACH<\/li>\n<\/ul>\n<p>Y envuelto en una cubierta de PVC flexible, cumple las normas del sector y viene respaldado por la garant\u00eda de 2 a\u00f1os de Farsince. P\u00f3ngase en contacto con nosotros hoy mismo e invierta en \u00e9l.<\/p>","protected":false},"excerpt":{"rendered":"<p>Experimente una extensi\u00f3n perfecta con el cable de extensi\u00f3n activo USB 3.0 de alta velocidad de Farsince, que ofrece aplicaciones de larga distancia de alta calidad, una impresionante velocidad de transferencia de 5 Gbps y un blindaje superior.<\/p>","protected":false},"featured_media":17419,"template":"","meta":{"_acf_changed":false,"_seopress_robots_primary_cat":"","_seopress_titles_title":"Best Repeater Active Extension Cable - Farsince","_seopress_titles_desc":"Experience seamless extension with Farsince superspeed USB 3.0 active extension cable, offering high-quality long-distance applications and superior shielding.","_seopress_robots_index":"","site-sidebar-layout":"default","site-content-layout":"default","ast-site-content-layout":"default","site-content-style":"default","site-sidebar-style":"default","ast-global-header-display":"","ast-banner-title-visibility":"","ast-main-header-display":"","ast-hfb-above-header-display":"","ast-hfb-below-header-display":"","ast-hfb-mobile-header-display":"","site-post-title":"","ast-breadcrumbs-content":"","ast-featured-img":"","footer-sml-layout":"","ast-disable-related-posts":"","theme-transparent-header-meta":"default","adv-header-id-meta":"","stick-header-meta":"","header-above-stick-meta":"","header-main-stick-meta":"","header-below-stick-meta":"","astra-migrate-meta-layouts":"set","ast-page-background-enabled":"default","ast-page-background-meta":{"desktop":{"background-color":"","background-image":"","background-repeat":"repeat","background-position":"center center","background-size":"auto","background-attachment":"scroll","background-type":"","background-media":"","overlay-type":"","overlay-color":"","overlay-opacity":"","overlay-gradient":""},"tablet":{"background-color":"","background-image":"","background-repeat":"repeat","background-position":"center center","background-size":"auto","background-attachment":"scroll","background-type":"","background-media":"","overlay-type":"","overlay-color":"","overlay-opacity":"","overlay-gradient":""},"mobile":{"background-color":"","background-image":"","background-repeat":"repeat","background-position":"center center","background-size":"auto","background-attachment":"scroll","background-type":"","background-media":"","overlay-type":"","overlay-color":"","overlay-opacity":"","overlay-gradient":""}},"ast-content-background-meta":{"desktop":{"background-color":"var(--ast-global-color-5)","background-image":"","background-repeat":"repeat","background-position":"center center","background-size":"auto","background-attachment":"scroll","background-type":"","background-media":"","overlay-type":"","overlay-color":"","overlay-opacity":"","overlay-gradient":""},"tablet":{"background-color":"var(--ast-global-color-5)","background-image":"","background-repeat":"repeat","background-position":"center center","background-size":"auto","background-attachment":"scroll","background-type":"","background-media":"","overlay-type":"","overlay-color":"","overlay-opacity":"","overlay-gradient":""},"mobile":{"background-color":"var(--ast-global-color-5)","background-image":"","background-repeat":"repeat","background-position":"center center","background-size":"auto","background-attachment":"scroll","background-type":"","background-media":"","overlay-type":"","overlay-color":"","overlay-opacity":"","overlay-gradient":""}},"iawp_total_views":10},"product_brand":[],"product_cat":[632,636],"product_tag":[],"class_list":{"0":"post-17418","1":"product","2":"type-product","3":"status-publish","4":"has-post-thumbnail","6":"product_cat-usb","7":"product_cat-usb-2-0-cables","8":"desktop-align-left","9":"tablet-align-left","10":"mobile-align-left","12":"first","13":"instock","14":"shipping-taxable","15":"purchasable","16":"product-type-simple"},"acf":[],"_links":{"self":[{"href":"https:\/\/www.fjpremium.com\/es\/wp-json\/wp\/v2\/product\/17418","targetHints":{"allow":["GET"]}}],"collection":[{"href":"https:\/\/www.fjpremium.com\/es\/wp-json\/wp\/v2\/product"}],"about":[{"href":"https:\/\/www.fjpremium.com\/es\/wp-json\/wp\/v2\/types\/product"}],"wp:featuredmedia":[{"embeddable":true,"href":"https:\/\/www.fjpremium.com\/es\/wp-json\/wp\/v2\/media\/17419"}],"wp:attachment":[{"href":"https:\/\/www.fjpremium.com\/es\/wp-json\/wp\/v2\/media?parent=17418"}],"wp:term":[{"taxonomy":"product_brand","embeddable":true,"href":"https:\/\/www.fjpremium.com\/es\/wp-json\/wp\/v2\/product_brand?post=17418"},{"taxonomy":"product_cat","embeddable":true,"href":"https:\/\/www.fjpremium.com\/es\/wp-json\/wp\/v2\/product_cat?post=17418"},{"taxonomy":"product_tag","embeddable":true,"href":"https:\/\/www.fjpremium.com\/es\/wp-json\/wp\/v2\/product_tag?post=17418"}],"curies":[{"name":"wp","href":"https:\/\/api.w.org\/{rel}","templated":true}]}}