{"id":17385,"date":"2021-03-10T15:55:52","date_gmt":"2021-03-10T07:55:52","guid":{"rendered":"https:\/\/www.fjpremium.com\/?post_type=product&#038;p=17385"},"modified":"2023-12-14T13:58:51","modified_gmt":"2023-12-14T05:58:51","slug":"high-speed-usb-2-0-type-a-male-to-micro-b-male-data-charging-cable-480mbps","status":"publish","type":"product","link":"https:\/\/www.fjpremium.com\/es\/product\/high-speed-usb-2-0-type-a-male-to-micro-b-male-data-charging-cable-480mbps\/","title":{"rendered":"Cable de carga de datos de alta velocidad USB 2.0 tipo A macho a micro B macho, 480 Mbps"},"content":{"rendered":"<p>El cable de carga de datos ofrece una compatibilidad inigualable, ya sea con tu m\u00f3vil Android, MP3, MP4, GPS, tableta, c\u00e1mara digital u otros perif\u00e9ricos USB.<\/p>\n<p>Ver\u00e1 c\u00f3mo alcanza sin esfuerzo velocidades de transferencia de datos de hasta 480 Mbps, o c\u00f3mo utiliza su capacidad de carga r\u00e1pida de 5 V y 2,4 A para una carga r\u00e1pida y eficiente.<\/p>\n<p>Envuelto en una cubierta de PVC flexible, nuestro cable presenta una durabilidad excepcional con conectores moldeados de alivio de tensi\u00f3n y pelda\u00f1os de f\u00e1cil agarre para enchufar y desenchufar f\u00e1cilmente.<\/p>\n<p>Con blindaje de l\u00e1mina y trenzado, repele las interferencias EMI\/RFI con elegancia, mientras que la construcci\u00f3n de par trenzado minimiza la diafon\u00eda, prometiendo una transferencia de datos de alta velocidad y sin errores.<\/p>\n<p>Sus especificaciones:<\/p>\n<ul>\n<li>Contacto dorado, carcasa niquelada<\/li>\n<li>Conductor del cable: Cobre desnudo<\/li>\n<li>Aislamiento: PE SKIN\/HDPE espumado<\/li>\n<li>Calibre del cable: 28\/28AWG<\/li>\n<li>Carcasa: Molde de inyecci\u00f3n<\/li>\n<li>Chip: N\/M<\/li>\n<li>Di\u00e1metro exterior: 4,2\u00b10,2 mm<\/li>\n<li>Conformidad: RoHS, REACH<\/li>\n<\/ul>\n<p>Adem\u00e1s, con \u00e9l recibir\u00e1 un producto de alto rendimiento respaldado por una garant\u00eda de 2 a\u00f1os, ejemplo de nuestro compromiso con la calidad.<\/p>\n<p>En resumen, p\u00f3ngase en contacto con nosotros hoy mismo y a\u00f1ada nuestro producto a su inventario.<\/p>","protected":false},"excerpt":{"rendered":"<p>Experimente el poder de una conectividad perfecta con el cable de carga de datos USB 2.0 de alta velocidad de Farsince, perfecto para una r\u00e1pida transferencia de datos y una carga r\u00e1pida.<\/p>","protected":false},"featured_media":17386,"template":"","meta":{"_acf_changed":false,"_seopress_robots_primary_cat":"","_seopress_titles_title":" Type A Male to Micro B Male Data Charging Cable - Farsince","_seopress_titles_desc":"","_seopress_robots_index":"","site-sidebar-layout":"default","site-content-layout":"default","ast-site-content-layout":"default","site-content-style":"default","site-sidebar-style":"default","ast-global-header-display":"","ast-banner-title-visibility":"","ast-main-header-display":"","ast-hfb-above-header-display":"","ast-hfb-below-header-display":"","ast-hfb-mobile-header-display":"","site-post-title":"","ast-breadcrumbs-content":"","ast-featured-img":"","footer-sml-layout":"","ast-disable-related-posts":"","theme-transparent-header-meta":"default","adv-header-id-meta":"","stick-header-meta":"","header-above-stick-meta":"","header-main-stick-meta":"","header-below-stick-meta":"","astra-migrate-meta-layouts":"set","ast-page-background-enabled":"default","ast-page-background-meta":{"desktop":{"background-color":"","background-image":"","background-repeat":"repeat","background-position":"center center","background-size":"auto","background-attachment":"scroll","background-type":"","background-media":"","overlay-type":"","overlay-color":"","overlay-opacity":"","overlay-gradient":""},"tablet":{"background-color":"","background-image":"","background-repeat":"repeat","background-position":"center center","background-size":"auto","background-attachment":"scroll","background-type":"","background-media":"","overlay-type":"","overlay-color":"","overlay-opacity":"","overlay-gradient":""},"mobile":{"background-color":"","background-image":"","background-repeat":"repeat","background-position":"center center","background-size":"auto","background-attachment":"scroll","background-type":"","background-media":"","overlay-type":"","overlay-color":"","overlay-opacity":"","overlay-gradient":""}},"ast-content-background-meta":{"desktop":{"background-color":"var(--ast-global-color-5)","background-image":"","background-repeat":"repeat","background-position":"center center","background-size":"auto","background-attachment":"scroll","background-type":"","background-media":"","overlay-type":"","overlay-color":"","overlay-opacity":"","overlay-gradient":""},"tablet":{"background-color":"var(--ast-global-color-5)","background-image":"","background-repeat":"repeat","background-position":"center center","background-size":"auto","background-attachment":"scroll","background-type":"","background-media":"","overlay-type":"","overlay-color":"","overlay-opacity":"","overlay-gradient":""},"mobile":{"background-color":"var(--ast-global-color-5)","background-image":"","background-repeat":"repeat","background-position":"center center","background-size":"auto","background-attachment":"scroll","background-type":"","background-media":"","overlay-type":"","overlay-color":"","overlay-opacity":"","overlay-gradient":""}},"iawp_total_views":5},"product_brand":[],"product_cat":[632,636],"product_tag":[],"class_list":{"0":"post-17385","1":"product","2":"type-product","3":"status-publish","4":"has-post-thumbnail","6":"product_cat-usb","7":"product_cat-usb-2-0-cables","8":"desktop-align-left","9":"tablet-align-left","10":"mobile-align-left","12":"first","13":"instock","14":"shipping-taxable","15":"purchasable","16":"product-type-simple"},"acf":[],"_links":{"self":[{"href":"https:\/\/www.fjpremium.com\/es\/wp-json\/wp\/v2\/product\/17385","targetHints":{"allow":["GET"]}}],"collection":[{"href":"https:\/\/www.fjpremium.com\/es\/wp-json\/wp\/v2\/product"}],"about":[{"href":"https:\/\/www.fjpremium.com\/es\/wp-json\/wp\/v2\/types\/product"}],"wp:featuredmedia":[{"embeddable":true,"href":"https:\/\/www.fjpremium.com\/es\/wp-json\/wp\/v2\/media\/17386"}],"wp:attachment":[{"href":"https:\/\/www.fjpremium.com\/es\/wp-json\/wp\/v2\/media?parent=17385"}],"wp:term":[{"taxonomy":"product_brand","embeddable":true,"href":"https:\/\/www.fjpremium.com\/es\/wp-json\/wp\/v2\/product_brand?post=17385"},{"taxonomy":"product_cat","embeddable":true,"href":"https:\/\/www.fjpremium.com\/es\/wp-json\/wp\/v2\/product_cat?post=17385"},{"taxonomy":"product_tag","embeddable":true,"href":"https:\/\/www.fjpremium.com\/es\/wp-json\/wp\/v2\/product_tag?post=17385"}],"curies":[{"name":"wp","href":"https:\/\/api.w.org\/{rel}","templated":true}]}}