{"id":17370,"date":"2021-03-10T15:51:25","date_gmt":"2021-03-10T07:51:25","guid":{"rendered":"https:\/\/www.fjpremium.com\/?post_type=product&#038;p=17370"},"modified":"2023-12-14T13:58:52","modified_gmt":"2023-12-14T05:58:52","slug":"high-speed-usb-2-0-type-a-male-to-type-b-male-printer-cable-480mbps","status":"publish","type":"product","link":"https:\/\/www.fjpremium.com\/es\/product\/high-speed-usb-2-0-type-a-male-to-type-b-male-printer-cable-480mbps\/","title":{"rendered":"USB 2.0 Tipo A Macho a Tipo B Macho Cable de impresora de alta velocidad, 480Mbps"},"content":{"rendered":"<p>El cable de impresora de alta velocidad es el compa\u00f1ero ideal para su impresora, esc\u00e1ner, concentrador USB y otros perif\u00e9ricos USB que cuenten con un puerto USB 2.0 B, elevando sus interacciones digitales a nuevas cotas.<\/p>\n<p>Le ofrece una velocidad de transferencia de hasta 480 Mbps, lo que garantiza una transferencia de datos r\u00e1pida y eficaz.<\/p>\n<p>Adem\u00e1s, su magn\u00edfico blindaje de l\u00e1minas y trenzas es un formidable protector contra las interferencias EMI\/RFI.<\/p>\n<p>Al mismo tiempo, la construcci\u00f3n de par trenzado reduce brillantemente la diafon\u00eda, asegur\u00e1ndole un intercambio de datos de alta velocidad y sin errores.<\/p>\n<p>Envuelto en una cubierta de PVC flexible y duradera, nuestro cable no s\u00f3lo es funcional, sino tambi\u00e9n resistente.<\/p>\n<p>Sus especificaciones:<\/p>\n<ul>\n<li>Contacto dorado, carcasa niquelada<\/li>\n<li>Conductor del cable: Cobre desnudo<\/li>\n<li>Aislamiento: PE SKIN\/HDPE espumado<\/li>\n<li>Calibre del cable: 28\/28AWG<\/li>\n<li>Carcasa: Molde de inyecci\u00f3n<\/li>\n<li>Chip: N\/M<\/li>\n<li>Di\u00e1metro exterior: 4,2\u00b10,2 mm<\/li>\n<li>Conformidad: RoHS, REACH<\/li>\n<\/ul>\n<p>Y puede confiar en nuestro compromiso con la calidad, subrayado por una garant\u00eda de 2 a\u00f1os. En conclusi\u00f3n, p\u00f3ngase en contacto con nosotros hoy mismo y p\u00eddalo.<\/p>","protected":false},"excerpt":{"rendered":"<p>Revitalice la conectividad digital con el cable de impresora de alta velocidad USB 2.0 de Farsince, perfecto para transferencias de datos de alta velocidad y sin errores para su impresora, esc\u00e1ner y otros perif\u00e9ricos.<\/p>","protected":false},"featured_media":17371,"template":"","meta":{"_acf_changed":false,"_seopress_robots_primary_cat":"","_seopress_titles_title":"High Speed Printer Cable, 480Mbps - Farsince","_seopress_titles_desc":"Revitalize the digital connectivity with our igh speed printer cable, perfect for high-speed, error-free data transfer for your printer, scanner, and more.","_seopress_robots_index":"","site-sidebar-layout":"default","site-content-layout":"default","ast-site-content-layout":"default","site-content-style":"default","site-sidebar-style":"default","ast-global-header-display":"","ast-banner-title-visibility":"","ast-main-header-display":"","ast-hfb-above-header-display":"","ast-hfb-below-header-display":"","ast-hfb-mobile-header-display":"","site-post-title":"","ast-breadcrumbs-content":"","ast-featured-img":"","footer-sml-layout":"","ast-disable-related-posts":"","theme-transparent-header-meta":"default","adv-header-id-meta":"","stick-header-meta":"","header-above-stick-meta":"","header-main-stick-meta":"","header-below-stick-meta":"","astra-migrate-meta-layouts":"set","ast-page-background-enabled":"default","ast-page-background-meta":{"desktop":{"background-color":"","background-image":"","background-repeat":"repeat","background-position":"center center","background-size":"auto","background-attachment":"scroll","background-type":"","background-media":"","overlay-type":"","overlay-color":"","overlay-opacity":"","overlay-gradient":""},"tablet":{"background-color":"","background-image":"","background-repeat":"repeat","background-position":"center center","background-size":"auto","background-attachment":"scroll","background-type":"","background-media":"","overlay-type":"","overlay-color":"","overlay-opacity":"","overlay-gradient":""},"mobile":{"background-color":"","background-image":"","background-repeat":"repeat","background-position":"center center","background-size":"auto","background-attachment":"scroll","background-type":"","background-media":"","overlay-type":"","overlay-color":"","overlay-opacity":"","overlay-gradient":""}},"ast-content-background-meta":{"desktop":{"background-color":"var(--ast-global-color-5)","background-image":"","background-repeat":"repeat","background-position":"center center","background-size":"auto","background-attachment":"scroll","background-type":"","background-media":"","overlay-type":"","overlay-color":"","overlay-opacity":"","overlay-gradient":""},"tablet":{"background-color":"var(--ast-global-color-5)","background-image":"","background-repeat":"repeat","background-position":"center center","background-size":"auto","background-attachment":"scroll","background-type":"","background-media":"","overlay-type":"","overlay-color":"","overlay-opacity":"","overlay-gradient":""},"mobile":{"background-color":"var(--ast-global-color-5)","background-image":"","background-repeat":"repeat","background-position":"center center","background-size":"auto","background-attachment":"scroll","background-type":"","background-media":"","overlay-type":"","overlay-color":"","overlay-opacity":"","overlay-gradient":""}},"iawp_total_views":3},"product_brand":[],"product_cat":[632,636],"product_tag":[],"class_list":{"0":"post-17370","1":"product","2":"type-product","3":"status-publish","4":"has-post-thumbnail","6":"product_cat-usb","7":"product_cat-usb-2-0-cables","8":"desktop-align-left","9":"tablet-align-left","10":"mobile-align-left","12":"first","13":"instock","14":"shipping-taxable","15":"purchasable","16":"product-type-simple"},"acf":[],"_links":{"self":[{"href":"https:\/\/www.fjpremium.com\/es\/wp-json\/wp\/v2\/product\/17370","targetHints":{"allow":["GET"]}}],"collection":[{"href":"https:\/\/www.fjpremium.com\/es\/wp-json\/wp\/v2\/product"}],"about":[{"href":"https:\/\/www.fjpremium.com\/es\/wp-json\/wp\/v2\/types\/product"}],"wp:featuredmedia":[{"embeddable":true,"href":"https:\/\/www.fjpremium.com\/es\/wp-json\/wp\/v2\/media\/17371"}],"wp:attachment":[{"href":"https:\/\/www.fjpremium.com\/es\/wp-json\/wp\/v2\/media?parent=17370"}],"wp:term":[{"taxonomy":"product_brand","embeddable":true,"href":"https:\/\/www.fjpremium.com\/es\/wp-json\/wp\/v2\/product_brand?post=17370"},{"taxonomy":"product_cat","embeddable":true,"href":"https:\/\/www.fjpremium.com\/es\/wp-json\/wp\/v2\/product_cat?post=17370"},{"taxonomy":"product_tag","embeddable":true,"href":"https:\/\/www.fjpremium.com\/es\/wp-json\/wp\/v2\/product_tag?post=17370"}],"curies":[{"name":"wp","href":"https:\/\/api.w.org\/{rel}","templated":true}]}}