{"id":17355,"date":"2021-03-10T15:47:28","date_gmt":"2021-03-10T07:47:28","guid":{"rendered":"https:\/\/www.fjpremium.com\/?post_type=product&#038;p=17355"},"modified":"2023-12-14T13:58:53","modified_gmt":"2023-12-14T05:58:53","slug":"high-speed-usb-2-0-type-a-male-to-type-a-female-extension-cable-480mbps","status":"publish","type":"product","link":"https:\/\/www.fjpremium.com\/es\/product\/high-speed-usb-2-0-type-a-male-to-type-a-female-extension-cable-480mbps\/","title":{"rendered":"Cable USB 2.0 de alta velocidad de tipo A macho a tipo A hembra, 480 Mbps"},"content":{"rendered":"<p>Creado para el profesional moderno, este cable de alta velocidad garantiza que la distancia ya no sea una barrera entre sus dispositivos.<\/p>\n<p>Tanto si trabaja con teclados, ratones, impresoras o cualquier perif\u00e9rico equipado con puerto USB 2.0 A, le ofrece la extensi\u00f3n que necesita sin comprometer la calidad de la se\u00f1al.<\/p>\n<p>Adem\u00e1s, al contar con una impresionante velocidad de transferencia de 480 Mbps, los datos se mueven con rapidez y sin errores.<\/p>\n<p>Gracias al meticuloso dise\u00f1o del cable USB 2.0 de alta velocidad, con blindaje de l\u00e1mina y trenzado, tendr\u00e1 garantizada la inmunidad a las interferencias EMI\/RFI.<\/p>\n<p>La construcci\u00f3n de par trenzado reduce a\u00fan m\u00e1s la diafon\u00eda, garantizando una transferencia de datos sin fisuras.<\/p>\n<p>Sus especificaciones:<\/p>\n<ul>\n<li>Contacto dorado, carcasa niquelada<\/li>\n<li>Conductor del cable: Cobre desnudo<\/li>\n<li>Aislamiento: PE SKIN\/HDPE espumado<\/li>\n<li>Calibre del cable: 28\/28AWG<\/li>\n<li>Blindaje: Trenzado 32#\/0,12mm AL-MG<\/li>\n<li>Carcasa: Molde de inyecci\u00f3n<\/li>\n<li>Chip: N\/M<\/li>\n<li>Cubierta: PVC<\/li>\n<li>Di\u00e1metro exterior: 4,2\u00b10,2 mm<\/li>\n<li>Conformidad: RoHS, REACH<\/li>\n<\/ul>\n<p>No s\u00f3lo por su funcionalidad, sino tambi\u00e9n por su durabilidad, respaldada por la confianza y la promesa de la garant\u00eda de 2 a\u00f1os de Farsince. As\u00ed pues, p\u00f3ngase en contacto con nosotros hoy mismo y p\u00eddalo.<\/p>","protected":false},"excerpt":{"rendered":"<p>Experimente la conectividad como nunca antes con el cable USB 2.0 de alta velocidad Farsince, que consigue transferencias r\u00e1pidas de 480 Mbps y una integridad de se\u00f1al excepcional.<\/p>","protected":false},"featured_media":17356,"template":"","meta":{"_acf_changed":false,"_seopress_robots_primary_cat":"","_seopress_titles_title":"Best High Speed USB 2.0 Cable - Farsince","_seopress_titles_desc":"","_seopress_robots_index":"","site-sidebar-layout":"default","site-content-layout":"default","ast-site-content-layout":"default","site-content-style":"default","site-sidebar-style":"default","ast-global-header-display":"","ast-banner-title-visibility":"","ast-main-header-display":"","ast-hfb-above-header-display":"","ast-hfb-below-header-display":"","ast-hfb-mobile-header-display":"","site-post-title":"","ast-breadcrumbs-content":"","ast-featured-img":"","footer-sml-layout":"","ast-disable-related-posts":"","theme-transparent-header-meta":"default","adv-header-id-meta":"","stick-header-meta":"","header-above-stick-meta":"","header-main-stick-meta":"","header-below-stick-meta":"","astra-migrate-meta-layouts":"set","ast-page-background-enabled":"default","ast-page-background-meta":{"desktop":{"background-color":"","background-image":"","background-repeat":"repeat","background-position":"center center","background-size":"auto","background-attachment":"scroll","background-type":"","background-media":"","overlay-type":"","overlay-color":"","overlay-opacity":"","overlay-gradient":""},"tablet":{"background-color":"","background-image":"","background-repeat":"repeat","background-position":"center center","background-size":"auto","background-attachment":"scroll","background-type":"","background-media":"","overlay-type":"","overlay-color":"","overlay-opacity":"","overlay-gradient":""},"mobile":{"background-color":"","background-image":"","background-repeat":"repeat","background-position":"center center","background-size":"auto","background-attachment":"scroll","background-type":"","background-media":"","overlay-type":"","overlay-color":"","overlay-opacity":"","overlay-gradient":""}},"ast-content-background-meta":{"desktop":{"background-color":"var(--ast-global-color-5)","background-image":"","background-repeat":"repeat","background-position":"center center","background-size":"auto","background-attachment":"scroll","background-type":"","background-media":"","overlay-type":"","overlay-color":"","overlay-opacity":"","overlay-gradient":""},"tablet":{"background-color":"var(--ast-global-color-5)","background-image":"","background-repeat":"repeat","background-position":"center center","background-size":"auto","background-attachment":"scroll","background-type":"","background-media":"","overlay-type":"","overlay-color":"","overlay-opacity":"","overlay-gradient":""},"mobile":{"background-color":"var(--ast-global-color-5)","background-image":"","background-repeat":"repeat","background-position":"center center","background-size":"auto","background-attachment":"scroll","background-type":"","background-media":"","overlay-type":"","overlay-color":"","overlay-opacity":"","overlay-gradient":""}},"iawp_total_views":7},"product_brand":[],"product_cat":[632,636],"product_tag":[],"class_list":{"0":"post-17355","1":"product","2":"type-product","3":"status-publish","4":"has-post-thumbnail","6":"product_cat-usb","7":"product_cat-usb-2-0-cables","8":"desktop-align-left","9":"tablet-align-left","10":"mobile-align-left","12":"first","13":"instock","14":"shipping-taxable","15":"purchasable","16":"product-type-simple"},"acf":[],"_links":{"self":[{"href":"https:\/\/www.fjpremium.com\/es\/wp-json\/wp\/v2\/product\/17355","targetHints":{"allow":["GET"]}}],"collection":[{"href":"https:\/\/www.fjpremium.com\/es\/wp-json\/wp\/v2\/product"}],"about":[{"href":"https:\/\/www.fjpremium.com\/es\/wp-json\/wp\/v2\/types\/product"}],"wp:featuredmedia":[{"embeddable":true,"href":"https:\/\/www.fjpremium.com\/es\/wp-json\/wp\/v2\/media\/17356"}],"wp:attachment":[{"href":"https:\/\/www.fjpremium.com\/es\/wp-json\/wp\/v2\/media?parent=17355"}],"wp:term":[{"taxonomy":"product_brand","embeddable":true,"href":"https:\/\/www.fjpremium.com\/es\/wp-json\/wp\/v2\/product_brand?post=17355"},{"taxonomy":"product_cat","embeddable":true,"href":"https:\/\/www.fjpremium.com\/es\/wp-json\/wp\/v2\/product_cat?post=17355"},{"taxonomy":"product_tag","embeddable":true,"href":"https:\/\/www.fjpremium.com\/es\/wp-json\/wp\/v2\/product_tag?post=17355"}],"curies":[{"name":"wp","href":"https:\/\/api.w.org\/{rel}","templated":true}]}}