{"id":17324,"date":"2021-03-10T15:37:10","date_gmt":"2021-03-10T07:37:10","guid":{"rendered":"https:\/\/www.fjpremium.com\/?post_type=product&#038;p=17324"},"modified":"2023-06-27T10:55:29","modified_gmt":"2023-06-27T02:55:29","slug":"usb-3-1-type-c-male-to-female-extension-cable-3","status":"publish","type":"product","link":"https:\/\/www.fjpremium.com\/es\/product\/usb-3-1-type-c-male-to-female-extension-cable-3\/","title":{"rendered":"Cable de extensi\u00f3n USB de tipo C macho a hembra"},"content":{"rendered":"<p>Tanto si se utiliza un smartphone, un ordenador, una tableta, una c\u00e1mara digital o cualquier otro dispositivo USB-C, el cable alargador ofrece la comodidad necesaria.<\/p>\n<p>Dise\u00f1ado con una supervelocidad de transferencia de datos de hasta 10 Gbps, cuenta con un conector USB-C vers\u00e1til y reversible, que garantiza la facilidad de enchufarlo en cualquier orientaci\u00f3n.<\/p>\n<p>Adem\u00e1s, admite resoluci\u00f3n de v\u00eddeo 4Kx2K a 60 Hz, por lo que es ideal para streaming de v\u00eddeo y configuraciones de juegos.<\/p>\n<p>Adem\u00e1s de la transferencia de datos, este cable alargador USB macho a hembra proporciona una entrega de energ\u00eda de 60 W, ofreciendo soporte de carga r\u00e1pida a 20 V y 3 A. Esto garantiza una carga r\u00e1pida y segura para tus dispositivos.<\/p>\n<p>Y con un chipset marcado electr\u00f3nicamente (E-Marker), garantiza un suministro de energ\u00eda estable, manteniendo la seguridad y eficiencia del dispositivo.<\/p>\n<p>Fabricado para ofrecer un rendimiento excelente, nuestro cable emplea un blindaje triple y un dise\u00f1o de par trenzado, lo que proporciona una inmunidad total a las interferencias EMI\/RFI y garantiza una transferencia de datos sin errores.<\/p>\n<p>Tambi\u00e9n cuenta con una cubierta de PVC flexible para una mayor duraci\u00f3n.<\/p>\n<p>Sus especificaciones:<\/p>\n<ul>\n<li>Conector 1: USB Tipo-C macho<\/li>\n<li>Conector 2: USB Tipo-C hembra<\/li>\n<li>Contacto dorado, carcasa niquelada<\/li>\n<li>Conductor del cable: Cobre esta\u00f1ado<\/li>\n<li>Aislamiento: PE SKIN\/HDPE espumado<\/li>\n<li>Calibre del cable: 32\/32\/26AWG<\/li>\n<li>Carcasa: Moldeo por inyecci\u00f3n<\/li>\n<li>Di\u00e1metro exterior: 4,5\u00b10,2 mm<\/li>\n<\/ul>\n<p>Adem\u00e1s, certificado por RoHS, REACH y CE, puede estar seguro de la calidad y los est\u00e1ndares de seguridad del producto. Y lo respaldamos con una garant\u00eda de 2 a\u00f1os.<\/p>\n<p>En resumen, p\u00f3ngase en contacto con nosotros hoy mismo e invierta en nuestro cable alargador USB macho a hembra.<\/p>","protected":false},"excerpt":{"rendered":"<p>Este cable de extensi\u00f3n USB macho a hembra de Farsince proporciona una forma fiable y eficiente de ampliar sus conexiones USB de tipo C.<\/p>","protected":false},"featured_media":17343,"template":"","meta":{"_acf_changed":false,"_seopress_robots_primary_cat":"","_seopress_titles_title":"Best Type C USB Extension Cable Male to Female - FARSINCE","_seopress_titles_desc":"This Farsince USB extension cable male to female provides a reliable and efficient way to extend your USB Type C connections.","_seopress_robots_index":"","site-sidebar-layout":"default","site-content-layout":"default","ast-site-content-layout":"default","site-content-style":"default","site-sidebar-style":"default","ast-global-header-display":"","ast-banner-title-visibility":"","ast-main-header-display":"","ast-hfb-above-header-display":"","ast-hfb-below-header-display":"","ast-hfb-mobile-header-display":"","site-post-title":"","ast-breadcrumbs-content":"","ast-featured-img":"","footer-sml-layout":"","ast-disable-related-posts":"","theme-transparent-header-meta":"default","adv-header-id-meta":"","stick-header-meta":"","header-above-stick-meta":"","header-main-stick-meta":"","header-below-stick-meta":"","astra-migrate-meta-layouts":"default","ast-page-background-enabled":"default","ast-page-background-meta":{"desktop":{"background-color":"","background-image":"","background-repeat":"repeat","background-position":"center center","background-size":"auto","background-attachment":"scroll","background-type":"","background-media":"","overlay-type":"","overlay-color":"","overlay-opacity":"","overlay-gradient":""},"tablet":{"background-color":"","background-image":"","background-repeat":"repeat","background-position":"center center","background-size":"auto","background-attachment":"scroll","background-type":"","background-media":"","overlay-type":"","overlay-color":"","overlay-opacity":"","overlay-gradient":""},"mobile":{"background-color":"","background-image":"","background-repeat":"repeat","background-position":"center center","background-size":"auto","background-attachment":"scroll","background-type":"","background-media":"","overlay-type":"","overlay-color":"","overlay-opacity":"","overlay-gradient":""}},"ast-content-background-meta":{"desktop":{"background-color":"var(--ast-global-color-5)","background-image":"","background-repeat":"repeat","background-position":"center center","background-size":"auto","background-attachment":"scroll","background-type":"","background-media":"","overlay-type":"","overlay-color":"","overlay-opacity":"","overlay-gradient":""},"tablet":{"background-color":"var(--ast-global-color-5)","background-image":"","background-repeat":"repeat","background-position":"center center","background-size":"auto","background-attachment":"scroll","background-type":"","background-media":"","overlay-type":"","overlay-color":"","overlay-opacity":"","overlay-gradient":""},"mobile":{"background-color":"var(--ast-global-color-5)","background-image":"","background-repeat":"repeat","background-position":"center center","background-size":"auto","background-attachment":"scroll","background-type":"","background-media":"","overlay-type":"","overlay-color":"","overlay-opacity":"","overlay-gradient":""}},"iawp_total_views":6},"product_brand":[],"product_cat":[222],"product_tag":[],"class_list":{"0":"post-17324","1":"product","2":"type-product","3":"status-publish","4":"has-post-thumbnail","6":"product_cat-usb-c-cables","7":"desktop-align-left","8":"tablet-align-left","9":"mobile-align-left","11":"first","12":"instock","13":"shipping-taxable","14":"purchasable","15":"product-type-simple"},"acf":[],"_links":{"self":[{"href":"https:\/\/www.fjpremium.com\/es\/wp-json\/wp\/v2\/product\/17324","targetHints":{"allow":["GET"]}}],"collection":[{"href":"https:\/\/www.fjpremium.com\/es\/wp-json\/wp\/v2\/product"}],"about":[{"href":"https:\/\/www.fjpremium.com\/es\/wp-json\/wp\/v2\/types\/product"}],"wp:featuredmedia":[{"embeddable":true,"href":"https:\/\/www.fjpremium.com\/es\/wp-json\/wp\/v2\/media\/17343"}],"wp:attachment":[{"href":"https:\/\/www.fjpremium.com\/es\/wp-json\/wp\/v2\/media?parent=17324"}],"wp:term":[{"taxonomy":"product_brand","embeddable":true,"href":"https:\/\/www.fjpremium.com\/es\/wp-json\/wp\/v2\/product_brand?post=17324"},{"taxonomy":"product_cat","embeddable":true,"href":"https:\/\/www.fjpremium.com\/es\/wp-json\/wp\/v2\/product_cat?post=17324"},{"taxonomy":"product_tag","embeddable":true,"href":"https:\/\/www.fjpremium.com\/es\/wp-json\/wp\/v2\/product_tag?post=17324"}],"curies":[{"name":"wp","href":"https:\/\/api.w.org\/{rel}","templated":true}]}}