{"id":17323,"date":"2021-03-10T15:37:09","date_gmt":"2021-03-10T07:37:09","guid":{"rendered":"https:\/\/www.fjpremium.com\/?post_type=product&#038;p=17323"},"modified":"2023-06-27T10:56:36","modified_gmt":"2023-06-27T02:56:36","slug":"usb-3-1-type-c-male-to-female-extension-cable-2","status":"publish","type":"product","link":"https:\/\/www.fjpremium.com\/es\/product\/usb-3-1-type-c-male-to-female-extension-cable-2\/","title":{"rendered":"Cable de extensi\u00f3n USB 3.1 de tipo C macho a hembra"},"content":{"rendered":"<p>Este cable admite una transferencia de datos de alta velocidad de hasta 10 Gbps, lo que permite compartir archivos de forma r\u00e1pida y eficaz.<\/p>\n<p>Sus conectores USB-C reversibles permiten enchufarlo f\u00e1cilmente en cualquier orientaci\u00f3n.<\/p>\n<p>Adem\u00e1s, admite resoluci\u00f3n de v\u00eddeo 4Kx2K a 60 Hz, lo que lo convierte en una opci\u00f3n conveniente para configuraciones multimedia.<\/p>\n<p>Nuestro cable alargador USB 3.1 macho a hembra admite carga r\u00e1pida a 20 V y 3 A, lo que garantiza que sus dispositivos se carguen de forma r\u00e1pida y segura.<\/p>\n<p>Su chipset marcado electr\u00f3nicamente (E-Marker) facilita un suministro de energ\u00eda estable.<\/p>\n<p>Sus especificaciones:<\/p>\n<ul>\n<li>Conector 1: USB Tipo-C macho<\/li>\n<li>Conector 2: USB Tipo-C hembra<\/li>\n<li>Contacto dorado, carcasa niquelada<\/li>\n<li>Conductor del cable: Cobre esta\u00f1ado<\/li>\n<li>Aislamiento: PE SKIN\/HDPE espumado<\/li>\n<li>Calibre del cable: 32\/32\/26AWG<\/li>\n<li>Carcasa: Moldeo por inyecci\u00f3n<\/li>\n<li>Di\u00e1metro exterior: 4,5\u00b10,2 mm<\/li>\n<\/ul>\n<p>Adem\u00e1s, el robusto dise\u00f1o del cable incluye una cubierta de PVC flexible, blindaje de l\u00e1mina y trenza, y construcci\u00f3n de par trenzado para un rendimiento y una durabilidad superiores.<\/p>\n<p>Adem\u00e1s, cumple las normas RoHS, REACH y CE y est\u00e1 respaldado por una garant\u00eda de 2 a\u00f1os, lo que promete calidad y tranquilidad.<\/p>\n<p>Por lo tanto, p\u00f3ngase en contacto con nosotros hoy mismo e invierta en nuestro cable alargador USB 3.1 macho a hembra.<\/p>","protected":false},"excerpt":{"rendered":"<p>Ampl\u00ede sus conexiones USB tipo C con el cable de extensi\u00f3n macho a hembra USB 3.1 tipo C de alta velocidad de Farsince. Experimente una r\u00e1pida transferencia de datos, resoluci\u00f3n de video 4K y soporte de carga r\u00e1pida.<\/p>","protected":false},"featured_media":17339,"template":"","meta":{"_acf_changed":false,"_seopress_robots_primary_cat":"","_seopress_titles_title":"Type C USB 3.1 Male to Female Extension Cable - FARSINCE","_seopress_titles_desc":"Extend your USB Type C connections with Farsince&#039;s high-speed Type C USB 3.1  male to female extension cable. Experience swift data transfer.","_seopress_robots_index":"","site-sidebar-layout":"default","site-content-layout":"default","ast-site-content-layout":"default","site-content-style":"default","site-sidebar-style":"default","ast-global-header-display":"","ast-banner-title-visibility":"","ast-main-header-display":"","ast-hfb-above-header-display":"","ast-hfb-below-header-display":"","ast-hfb-mobile-header-display":"","site-post-title":"","ast-breadcrumbs-content":"","ast-featured-img":"","footer-sml-layout":"","ast-disable-related-posts":"","theme-transparent-header-meta":"default","adv-header-id-meta":"","stick-header-meta":"","header-above-stick-meta":"","header-main-stick-meta":"","header-below-stick-meta":"","astra-migrate-meta-layouts":"default","ast-page-background-enabled":"default","ast-page-background-meta":{"desktop":{"background-color":"","background-image":"","background-repeat":"repeat","background-position":"center center","background-size":"auto","background-attachment":"scroll","background-type":"","background-media":"","overlay-type":"","overlay-color":"","overlay-opacity":"","overlay-gradient":""},"tablet":{"background-color":"","background-image":"","background-repeat":"repeat","background-position":"center center","background-size":"auto","background-attachment":"scroll","background-type":"","background-media":"","overlay-type":"","overlay-color":"","overlay-opacity":"","overlay-gradient":""},"mobile":{"background-color":"","background-image":"","background-repeat":"repeat","background-position":"center center","background-size":"auto","background-attachment":"scroll","background-type":"","background-media":"","overlay-type":"","overlay-color":"","overlay-opacity":"","overlay-gradient":""}},"ast-content-background-meta":{"desktop":{"background-color":"var(--ast-global-color-5)","background-image":"","background-repeat":"repeat","background-position":"center center","background-size":"auto","background-attachment":"scroll","background-type":"","background-media":"","overlay-type":"","overlay-color":"","overlay-opacity":"","overlay-gradient":""},"tablet":{"background-color":"var(--ast-global-color-5)","background-image":"","background-repeat":"repeat","background-position":"center center","background-size":"auto","background-attachment":"scroll","background-type":"","background-media":"","overlay-type":"","overlay-color":"","overlay-opacity":"","overlay-gradient":""},"mobile":{"background-color":"var(--ast-global-color-5)","background-image":"","background-repeat":"repeat","background-position":"center center","background-size":"auto","background-attachment":"scroll","background-type":"","background-media":"","overlay-type":"","overlay-color":"","overlay-opacity":"","overlay-gradient":""}},"iawp_total_views":5},"product_brand":[],"product_cat":[222],"product_tag":[],"class_list":{"0":"post-17323","1":"product","2":"type-product","3":"status-publish","4":"has-post-thumbnail","6":"product_cat-usb-c-cables","7":"desktop-align-left","8":"tablet-align-left","9":"mobile-align-left","11":"first","12":"instock","13":"shipping-taxable","14":"purchasable","15":"product-type-simple"},"acf":[],"_links":{"self":[{"href":"https:\/\/www.fjpremium.com\/es\/wp-json\/wp\/v2\/product\/17323","targetHints":{"allow":["GET"]}}],"collection":[{"href":"https:\/\/www.fjpremium.com\/es\/wp-json\/wp\/v2\/product"}],"about":[{"href":"https:\/\/www.fjpremium.com\/es\/wp-json\/wp\/v2\/types\/product"}],"wp:featuredmedia":[{"embeddable":true,"href":"https:\/\/www.fjpremium.com\/es\/wp-json\/wp\/v2\/media\/17339"}],"wp:attachment":[{"href":"https:\/\/www.fjpremium.com\/es\/wp-json\/wp\/v2\/media?parent=17323"}],"wp:term":[{"taxonomy":"product_brand","embeddable":true,"href":"https:\/\/www.fjpremium.com\/es\/wp-json\/wp\/v2\/product_brand?post=17323"},{"taxonomy":"product_cat","embeddable":true,"href":"https:\/\/www.fjpremium.com\/es\/wp-json\/wp\/v2\/product_cat?post=17323"},{"taxonomy":"product_tag","embeddable":true,"href":"https:\/\/www.fjpremium.com\/es\/wp-json\/wp\/v2\/product_tag?post=17323"}],"curies":[{"name":"wp","href":"https:\/\/api.w.org\/{rel}","templated":true}]}}