{"id":17322,"date":"2021-03-10T15:36:55","date_gmt":"2021-03-10T07:36:55","guid":{"rendered":"https:\/\/www.fjpremium.com\/?post_type=product&#038;p=17322"},"modified":"2023-06-27T10:58:58","modified_gmt":"2023-06-27T02:58:58","slug":"usb-3-0-type-c-male-to-type-a-female-adapter-cable-2","status":"publish","type":"product","link":"https:\/\/www.fjpremium.com\/es\/product\/usb-3-0-type-c-male-to-type-a-female-adapter-cable-2\/","title":{"rendered":"Cable adaptador USB 3.0 de tipo C macho a tipo A hembra"},"content":{"rendered":"<p>Este cable adaptador USB 3.0 proporciona una velocidad de transferencia de datos de hasta 5 Gbps, ofreciendo un intercambio de archivos r\u00e1pido y sin problemas.<\/p>\n<p>El conector USB-C sim\u00e9trico permite enchufarlo de cualquier forma para una m\u00e1xima comodidad.<\/p>\n<p>Y es compatible con la tecnolog\u00eda de carga r\u00e1pida con una entrega de hasta 5V y 2,4A, cargando tus dispositivos de forma r\u00e1pida y segura.<\/p>\n<p>El cable viene con una carcasa ABS de alta calidad para una mayor durabilidad.<\/p>\n<p>La cubierta de PVC flexible, el apantallamiento de l\u00e1mina y trenza y la construcci\u00f3n de par trenzado garantizan un rendimiento \u00f3ptimo y la reducci\u00f3n de interferencias.<\/p>\n<p>Sus especificaciones:<\/p>\n<ul>\n<li>Conector 1: USB Tipo-C macho<\/li>\n<li>Conector 2: USB tipo A hembra<\/li>\n<li>Contacto dorado, carcasa niquelada<\/li>\n<li>Conductor del cable: Cobre esta\u00f1ado<\/li>\n<li>Aislamiento: PE SKIN\/HDPE espumado<\/li>\n<li>Calibre del cable: 30\/24AWG<\/li>\n<li>Carcasa: Moldeo por inyecci\u00f3n<\/li>\n<li>Di\u00e1metro exterior: 4,5\u00b10,2 mm<\/li>\n<\/ul>\n<p>Adem\u00e1s, cumple con las normas RoHS, REACH y CE, e incluye una garant\u00eda de 2 a\u00f1os de Farsince para garantizar su calidad.<\/p>\n<p>En conclusi\u00f3n, p\u00f3ngase en contacto con nosotros hoy mismo y solicite el cable adaptador USB 3.0.<\/p>","protected":false},"excerpt":{"rendered":"<p>Mejora las conexiones de tus dispositivos USB de tipo C y de tipo A con nuestro cable adaptador USB 3.0 de alta velocidad, que admite carga r\u00e1pida y ofrece un rendimiento superior.<\/p>","protected":false},"featured_media":17333,"template":"","meta":{"_acf_changed":false,"_seopress_robots_primary_cat":"","_seopress_titles_title":"Best USB 3.0 Adapter Cable - FARSINCE","_seopress_titles_desc":"","_seopress_robots_index":"","site-sidebar-layout":"default","site-content-layout":"default","ast-site-content-layout":"default","site-content-style":"default","site-sidebar-style":"default","ast-global-header-display":"","ast-banner-title-visibility":"","ast-main-header-display":"","ast-hfb-above-header-display":"","ast-hfb-below-header-display":"","ast-hfb-mobile-header-display":"","site-post-title":"","ast-breadcrumbs-content":"","ast-featured-img":"","footer-sml-layout":"","ast-disable-related-posts":"","theme-transparent-header-meta":"default","adv-header-id-meta":"","stick-header-meta":"","header-above-stick-meta":"","header-main-stick-meta":"","header-below-stick-meta":"","astra-migrate-meta-layouts":"default","ast-page-background-enabled":"default","ast-page-background-meta":{"desktop":{"background-color":"","background-image":"","background-repeat":"repeat","background-position":"center center","background-size":"auto","background-attachment":"scroll","background-type":"","background-media":"","overlay-type":"","overlay-color":"","overlay-opacity":"","overlay-gradient":""},"tablet":{"background-color":"","background-image":"","background-repeat":"repeat","background-position":"center center","background-size":"auto","background-attachment":"scroll","background-type":"","background-media":"","overlay-type":"","overlay-color":"","overlay-opacity":"","overlay-gradient":""},"mobile":{"background-color":"","background-image":"","background-repeat":"repeat","background-position":"center center","background-size":"auto","background-attachment":"scroll","background-type":"","background-media":"","overlay-type":"","overlay-color":"","overlay-opacity":"","overlay-gradient":""}},"ast-content-background-meta":{"desktop":{"background-color":"var(--ast-global-color-5)","background-image":"","background-repeat":"repeat","background-position":"center center","background-size":"auto","background-attachment":"scroll","background-type":"","background-media":"","overlay-type":"","overlay-color":"","overlay-opacity":"","overlay-gradient":""},"tablet":{"background-color":"var(--ast-global-color-5)","background-image":"","background-repeat":"repeat","background-position":"center center","background-size":"auto","background-attachment":"scroll","background-type":"","background-media":"","overlay-type":"","overlay-color":"","overlay-opacity":"","overlay-gradient":""},"mobile":{"background-color":"var(--ast-global-color-5)","background-image":"","background-repeat":"repeat","background-position":"center center","background-size":"auto","background-attachment":"scroll","background-type":"","background-media":"","overlay-type":"","overlay-color":"","overlay-opacity":"","overlay-gradient":""}},"iawp_total_views":5},"product_brand":[],"product_cat":[222],"product_tag":[],"class_list":{"0":"post-17322","1":"product","2":"type-product","3":"status-publish","4":"has-post-thumbnail","6":"product_cat-usb-c-cables","7":"desktop-align-left","8":"tablet-align-left","9":"mobile-align-left","11":"first","12":"instock","13":"shipping-taxable","14":"purchasable","15":"product-type-simple"},"acf":[],"_links":{"self":[{"href":"https:\/\/www.fjpremium.com\/es\/wp-json\/wp\/v2\/product\/17322","targetHints":{"allow":["GET"]}}],"collection":[{"href":"https:\/\/www.fjpremium.com\/es\/wp-json\/wp\/v2\/product"}],"about":[{"href":"https:\/\/www.fjpremium.com\/es\/wp-json\/wp\/v2\/types\/product"}],"wp:featuredmedia":[{"embeddable":true,"href":"https:\/\/www.fjpremium.com\/es\/wp-json\/wp\/v2\/media\/17333"}],"wp:attachment":[{"href":"https:\/\/www.fjpremium.com\/es\/wp-json\/wp\/v2\/media?parent=17322"}],"wp:term":[{"taxonomy":"product_brand","embeddable":true,"href":"https:\/\/www.fjpremium.com\/es\/wp-json\/wp\/v2\/product_brand?post=17322"},{"taxonomy":"product_cat","embeddable":true,"href":"https:\/\/www.fjpremium.com\/es\/wp-json\/wp\/v2\/product_cat?post=17322"},{"taxonomy":"product_tag","embeddable":true,"href":"https:\/\/www.fjpremium.com\/es\/wp-json\/wp\/v2\/product_tag?post=17322"}],"curies":[{"name":"wp","href":"https:\/\/api.w.org\/{rel}","templated":true}]}}