{"id":17321,"date":"2021-03-10T15:36:50","date_gmt":"2021-03-10T07:36:50","guid":{"rendered":"https:\/\/www.fjpremium.com\/?post_type=product&#038;p=17321"},"modified":"2023-06-27T11:00:35","modified_gmt":"2023-06-27T03:00:35","slug":"usb-3-0-type-c-male-to-type-a-female-adapter-cable","status":"publish","type":"product","link":"https:\/\/www.fjpremium.com\/es\/product\/usb-3-0-type-c-male-to-type-a-female-adapter-cable\/","title":{"rendered":"Adaptador de cable Ethernet USB 3.0 macho a hembra para port\u00e1til"},"content":{"rendered":"<p>Nuestro cable adaptador USB 3.0 Tipo C a Tipo A es una soluci\u00f3n robusta y de alto rendimiento para conectar sus dispositivos USB-C, como smartphones o tabletas, a perif\u00e9ricos USB Tipo A como concentradores USB, unidades flash, teclados o ratones.<\/p>\n<p>Con una velocidad de transferencia de hasta 5 Gbps, garantiza una transmisi\u00f3n de datos r\u00e1pida y sin errores.<\/p>\n<p>El cable es compatible con la tecnolog\u00eda de carga r\u00e1pida, que proporciona hasta 5 V y 2,4 A. Su conector USB-C sim\u00e9trico y reversible facilita su uso.<\/p>\n<p>Para obtener un rendimiento superior y minimizar las interferencias, cuenta con una cubierta de PVC flexible, blindaje de l\u00e1mina y trenzado, y construcci\u00f3n de par trenzado.<\/p>\n<p>Sus especificaciones:<\/p>\n<ul>\n<li>Conector 1: USB Tipo-C macho<\/li>\n<li>Conector 2: USB tipo A hembra<\/li>\n<li>Conductor del cable: Cobre esta\u00f1ado<\/li>\n<li>Aislamiento: PE SKIN\/HDPE espumado<\/li>\n<li>Calibre del cable: 30\/24AWG<\/li>\n<li>Triple apantallamiento: par trenzado, l\u00e1mina de aluminio, l\u00e1mina de aluminio global, trenzado<\/li>\n<li>Carcasa: Moldeo por inyecci\u00f3n<\/li>\n<li>Cubierta: PVC<\/li>\n<li>Di\u00e1metro exterior: 4,5\u00b10,2 mm<\/li>\n<\/ul>\n<p>Adem\u00e1s, los contactos dorados y niquelados de este cable de alta calidad garantizan la durabilidad y una transferencia \u00f3ptima de la se\u00f1al.<\/p>\n<p>Adem\u00e1s, cumple las normas RoHS, REACH y CE y tiene 2 a\u00f1os de garant\u00eda Farsince. En general, p\u00f3ngase en contacto con nosotros hoy mismo y solicite el adaptador de cable Ethernet para port\u00e1til.<\/p>","protected":false},"excerpt":{"rendered":"<p>Mejore la conectividad de sus dispositivos con el adaptador de cable Ethernet Farsince para port\u00e1til, que ofrece transferencia de datos a alta velocidad y tecnolog\u00eda de carga r\u00e1pida.<\/p>","protected":false},"featured_media":17325,"template":"","meta":{"_acf_changed":false,"_seopress_robots_primary_cat":"","_seopress_titles_title":"Best Ethernet Cable Adapter For Laptop - FARSINCE","_seopress_titles_desc":"","_seopress_robots_index":"","site-sidebar-layout":"default","site-content-layout":"default","ast-site-content-layout":"default","site-content-style":"default","site-sidebar-style":"default","ast-global-header-display":"","ast-banner-title-visibility":"","ast-main-header-display":"","ast-hfb-above-header-display":"","ast-hfb-below-header-display":"","ast-hfb-mobile-header-display":"","site-post-title":"","ast-breadcrumbs-content":"","ast-featured-img":"","footer-sml-layout":"","ast-disable-related-posts":"","theme-transparent-header-meta":"default","adv-header-id-meta":"","stick-header-meta":"","header-above-stick-meta":"","header-main-stick-meta":"","header-below-stick-meta":"","astra-migrate-meta-layouts":"default","ast-page-background-enabled":"default","ast-page-background-meta":{"desktop":{"background-color":"","background-image":"","background-repeat":"repeat","background-position":"center center","background-size":"auto","background-attachment":"scroll","background-type":"","background-media":"","overlay-type":"","overlay-color":"","overlay-opacity":"","overlay-gradient":""},"tablet":{"background-color":"","background-image":"","background-repeat":"repeat","background-position":"center center","background-size":"auto","background-attachment":"scroll","background-type":"","background-media":"","overlay-type":"","overlay-color":"","overlay-opacity":"","overlay-gradient":""},"mobile":{"background-color":"","background-image":"","background-repeat":"repeat","background-position":"center center","background-size":"auto","background-attachment":"scroll","background-type":"","background-media":"","overlay-type":"","overlay-color":"","overlay-opacity":"","overlay-gradient":""}},"ast-content-background-meta":{"desktop":{"background-color":"var(--ast-global-color-5)","background-image":"","background-repeat":"repeat","background-position":"center center","background-size":"auto","background-attachment":"scroll","background-type":"","background-media":"","overlay-type":"","overlay-color":"","overlay-opacity":"","overlay-gradient":""},"tablet":{"background-color":"var(--ast-global-color-5)","background-image":"","background-repeat":"repeat","background-position":"center center","background-size":"auto","background-attachment":"scroll","background-type":"","background-media":"","overlay-type":"","overlay-color":"","overlay-opacity":"","overlay-gradient":""},"mobile":{"background-color":"var(--ast-global-color-5)","background-image":"","background-repeat":"repeat","background-position":"center center","background-size":"auto","background-attachment":"scroll","background-type":"","background-media":"","overlay-type":"","overlay-color":"","overlay-opacity":"","overlay-gradient":""}},"iawp_total_views":5},"product_brand":[],"product_cat":[222],"product_tag":[],"class_list":{"0":"post-17321","1":"product","2":"type-product","3":"status-publish","4":"has-post-thumbnail","6":"product_cat-usb-c-cables","7":"desktop-align-left","8":"tablet-align-left","9":"mobile-align-left","11":"first","12":"instock","13":"shipping-taxable","14":"purchasable","15":"product-type-simple"},"acf":[],"_links":{"self":[{"href":"https:\/\/www.fjpremium.com\/es\/wp-json\/wp\/v2\/product\/17321","targetHints":{"allow":["GET"]}}],"collection":[{"href":"https:\/\/www.fjpremium.com\/es\/wp-json\/wp\/v2\/product"}],"about":[{"href":"https:\/\/www.fjpremium.com\/es\/wp-json\/wp\/v2\/types\/product"}],"wp:featuredmedia":[{"embeddable":true,"href":"https:\/\/www.fjpremium.com\/es\/wp-json\/wp\/v2\/media\/17325"}],"wp:attachment":[{"href":"https:\/\/www.fjpremium.com\/es\/wp-json\/wp\/v2\/media?parent=17321"}],"wp:term":[{"taxonomy":"product_brand","embeddable":true,"href":"https:\/\/www.fjpremium.com\/es\/wp-json\/wp\/v2\/product_brand?post=17321"},{"taxonomy":"product_cat","embeddable":true,"href":"https:\/\/www.fjpremium.com\/es\/wp-json\/wp\/v2\/product_cat?post=17321"},{"taxonomy":"product_tag","embeddable":true,"href":"https:\/\/www.fjpremium.com\/es\/wp-json\/wp\/v2\/product_tag?post=17321"}],"curies":[{"name":"wp","href":"https:\/\/api.w.org\/{rel}","templated":true}]}}