{"id":17317,"date":"2021-03-10T15:33:19","date_gmt":"2021-03-10T07:33:19","guid":{"rendered":"https:\/\/www.fjpremium.com\/?post_type=product&#038;p=17317"},"modified":"2023-06-27T11:04:11","modified_gmt":"2023-06-27T03:04:11","slug":"usb-c-to-dual-hdmi-displayport-mst-ssl-hub-2-in-1-4k-adapter-2","status":"publish","type":"product","link":"https:\/\/www.fjpremium.com\/es\/product\/usb-c-to-dual-hdmi-displayport-mst-ssl-hub-2-in-1-4k-adapter-2\/","title":{"rendered":"MST SSL hub 2 en 1 Adaptador USB C a HDMI dual 4K"},"content":{"rendered":"<p>El adaptador USB 3.1 Tipo C a HDMI dual proporciona una experiencia perfecta para proyectar el contenido del port\u00e1til a dispositivos HDMI como televisores HD o proyectores.<\/p>\n<p>Perfecto para disfrutar de v\u00eddeos o im\u00e1genes UHD en una pantalla m\u00e1s grande, admite una resoluci\u00f3n de hasta 4K (3840\u00d72160 @ 60Hz) para un solo puerto HDMI y 4K@30Hz para puertos duales, lo que promete una salida de v\u00eddeo de alta calidad.<\/p>\n<p>Adem\u00e1s, es compatible con MAC OS, Windows, Android y Linux, y admite los modos Mirror y Extend (s\u00f3lo Windows).<\/p>\n<p>Este adaptador USB C a HDMI dual 4K plug-and-play no requiere controladores adicionales, pero aseg\u00farate de que tu dispositivo admite salida de v\u00eddeo o DP Alt Mode antes de comprarlo.<\/p>\n<p>Sus especificaciones:<\/p>\n<ul>\n<li>Conector 1: USB Tipo-C macho<\/li>\n<li>Conector 2: 2xHDMI hembra\/ 2xDisplayPort hembra\/ HDMI hembra+DisplayPort hembra<\/li>\n<li>Contacto dorado, carcasa dorada<\/li>\n<li>Conductor del cable: Cobre esta\u00f1ado<\/li>\n<li>Aislamiento: PE SKIN\/HDPE espumado<\/li>\n<li>Calibre del cable: 32\/32\/26AWG<\/li>\n<li>Chip: LT8712EXI o STDP4320+VL100+SN75149<\/li>\n<li>Cubierta: PVC<\/li>\n<li>Di\u00e1metro exterior: 4,2\u00b10,2 mm<\/li>\n<li>Conformidad: RoHS, REACH, CE<\/li>\n<\/ul>\n<p>Adem\u00e1s, su robusto dise\u00f1o incluye contactos chapados en oro, carcasa de aluminio y cable con triple blindaje para un rendimiento \u00f3ptimo. En consecuencia, p\u00f3ngase en contacto con nosotros hoy mismo y solicite nuestro adaptador USB C a HDMI dual 4K.<\/p>","protected":false},"excerpt":{"rendered":"<p>Mejore su experiencia visual con el adaptador USB C a HDMI dual 4K de Farsince. Al garantizar una salida 4K excepcional, es su soluci\u00f3n plug-and-play para pantallas m\u00e1s grandes.<\/p>","protected":false},"featured_media":0,"template":"","meta":{"_acf_changed":false,"_seopress_robots_primary_cat":"","_seopress_titles_title":" Best 2 in 1 USB C to Dual HDMI Adapter 4K - FARSINCE","_seopress_titles_desc":"Elevate your visual experience with Farsince USB C to dual HDMI adapter 4K. Ensuring exceptional 4K output, it&#039;s your plug-and-play solution for larger screens.","_seopress_robots_index":"","site-sidebar-layout":"default","site-content-layout":"default","ast-site-content-layout":"default","site-content-style":"default","site-sidebar-style":"default","ast-global-header-display":"","ast-banner-title-visibility":"","ast-main-header-display":"","ast-hfb-above-header-display":"","ast-hfb-below-header-display":"","ast-hfb-mobile-header-display":"","site-post-title":"","ast-breadcrumbs-content":"","ast-featured-img":"","footer-sml-layout":"","ast-disable-related-posts":"","theme-transparent-header-meta":"default","adv-header-id-meta":"","stick-header-meta":"","header-above-stick-meta":"","header-main-stick-meta":"","header-below-stick-meta":"","astra-migrate-meta-layouts":"default","ast-page-background-enabled":"default","ast-page-background-meta":{"desktop":{"background-color":"","background-image":"","background-repeat":"repeat","background-position":"center center","background-size":"auto","background-attachment":"scroll","background-type":"","background-media":"","overlay-type":"","overlay-color":"","overlay-opacity":"","overlay-gradient":""},"tablet":{"background-color":"","background-image":"","background-repeat":"repeat","background-position":"center center","background-size":"auto","background-attachment":"scroll","background-type":"","background-media":"","overlay-type":"","overlay-color":"","overlay-opacity":"","overlay-gradient":""},"mobile":{"background-color":"","background-image":"","background-repeat":"repeat","background-position":"center center","background-size":"auto","background-attachment":"scroll","background-type":"","background-media":"","overlay-type":"","overlay-color":"","overlay-opacity":"","overlay-gradient":""}},"ast-content-background-meta":{"desktop":{"background-color":"var(--ast-global-color-5)","background-image":"","background-repeat":"repeat","background-position":"center center","background-size":"auto","background-attachment":"scroll","background-type":"","background-media":"","overlay-type":"","overlay-color":"","overlay-opacity":"","overlay-gradient":""},"tablet":{"background-color":"var(--ast-global-color-5)","background-image":"","background-repeat":"repeat","background-position":"center center","background-size":"auto","background-attachment":"scroll","background-type":"","background-media":"","overlay-type":"","overlay-color":"","overlay-opacity":"","overlay-gradient":""},"mobile":{"background-color":"var(--ast-global-color-5)","background-image":"","background-repeat":"repeat","background-position":"center center","background-size":"auto","background-attachment":"scroll","background-type":"","background-media":"","overlay-type":"","overlay-color":"","overlay-opacity":"","overlay-gradient":""}},"iawp_total_views":7},"product_brand":[],"product_cat":[222],"product_tag":[],"class_list":{"0":"post-17317","1":"product","2":"type-product","3":"status-publish","5":"product_cat-usb-c-cables","6":"desktop-align-left","7":"tablet-align-left","8":"mobile-align-left","10":"first","11":"instock","12":"shipping-taxable","13":"purchasable","14":"product-type-simple"},"acf":[],"_links":{"self":[{"href":"https:\/\/www.fjpremium.com\/es\/wp-json\/wp\/v2\/product\/17317","targetHints":{"allow":["GET"]}}],"collection":[{"href":"https:\/\/www.fjpremium.com\/es\/wp-json\/wp\/v2\/product"}],"about":[{"href":"https:\/\/www.fjpremium.com\/es\/wp-json\/wp\/v2\/types\/product"}],"wp:attachment":[{"href":"https:\/\/www.fjpremium.com\/es\/wp-json\/wp\/v2\/media?parent=17317"}],"wp:term":[{"taxonomy":"product_brand","embeddable":true,"href":"https:\/\/www.fjpremium.com\/es\/wp-json\/wp\/v2\/product_brand?post=17317"},{"taxonomy":"product_cat","embeddable":true,"href":"https:\/\/www.fjpremium.com\/es\/wp-json\/wp\/v2\/product_cat?post=17317"},{"taxonomy":"product_tag","embeddable":true,"href":"https:\/\/www.fjpremium.com\/es\/wp-json\/wp\/v2\/product_tag?post=17317"}],"curies":[{"name":"wp","href":"https:\/\/api.w.org\/{rel}","templated":true}]}}