{"id":17308,"date":"2021-03-10T15:31:34","date_gmt":"2021-03-10T07:31:34","guid":{"rendered":"https:\/\/www.fjpremium.com\/?post_type=product&#038;p=17308"},"modified":"2023-06-27T11:05:31","modified_gmt":"2023-06-27T03:05:31","slug":"usb-c-to-hdmi-vga-2-in-1-hub-adapter","status":"publish","type":"product","link":"https:\/\/www.fjpremium.com\/es\/product\/usb-c-to-hdmi-vga-2-in-1-hub-adapter\/","title":{"rendered":"Adaptador 2 en 1 VGA HDMI a Hub USB C"},"content":{"rendered":"<p>Nuestro adaptador concentrador 2 en 1 HDMI VGA USB C utiliza una conexi\u00f3n USB 3.1 Tipo C para permitir que dispositivos como smartphones, tabletas u ordenadores se conecten a un televisor de alta definici\u00f3n, proyector o monitor.<\/p>\n<p>La salida HDMI admite resoluci\u00f3n 4K (3840\u00d72160 a 30 Hz), mientras que la VGA admite hasta 1080P (1920\u00d71080 a 60 Hz), lo que garantiza im\u00e1genes de alta calidad en la pantalla.<\/p>\n<p>El factor de forma compacto del adaptador y el conector USB Type-C sim\u00e9trico lo convierten en una soluci\u00f3n ideal y f\u00e1cil de usar para entornos \"Trae tu propio dispositivo\" en el \u00e1mbito educativo o empresarial.<\/p>\n<p>Es un dispositivo plug-and-play sin necesidad de controladores adicionales y viene con una garant\u00eda de dos a\u00f1os de Farsince.<\/p>\n<p>Sus especificaciones:<\/p>\n<ul>\n<li>Conector 1: USB Tipo-C macho<\/li>\n<li>Conector 2: HDMI 19 clavijas hembra\/ VGA HD15 hembra<\/li>\n<li>Conductor del cable: Cobre esta\u00f1ado<\/li>\n<li>Aislamiento: PE SKIN\/HDPE espumado<\/li>\n<li>Calibre del cable: 34\/32\/26AWG<\/li>\n<li>Carcasa: ABS o carcasa de aluminio<\/li>\n<li>Chipset: AG9320 o IET6562<\/li>\n<li>Cubierta: PVC<\/li>\n<li>Di\u00e1metro exterior: 4,2\u00b10,2 mm<\/li>\n<li>Conformidad: RoHS, REACH, CE<\/li>\n<\/ul>\n<p>Adem\u00e1s, fabricado con precisi\u00f3n, nuestro adaptador de concentrador USB C cuenta con contactos chapados en oro y un cable con triple blindaje para garantizar un rendimiento \u00f3ptimo. P\u00f3ngase en contacto con nosotros hoy mismo e invierta en este producto.<\/p>","protected":false},"excerpt":{"rendered":"<p>Aproveche el adaptador de concentrador 2 en 1 VGA HDMI a USB C de Farsince para obtener una impresionante salida de v\u00eddeo 4K y 1080P. Su dise\u00f1o f\u00e1cil de usar y su s\u00f3lido rendimiento lo convierten en la mejor opci\u00f3n para aplicaciones BYOD.<\/p>","protected":false},"featured_media":17309,"template":"","meta":{"_acf_changed":false,"_seopress_robots_primary_cat":"","_seopress_titles_title":"Best 2 in 1 VGA HDMI To USB C Hub Adapter - FARSINCE","_seopress_titles_desc":"Leverage Farsince&#039;s 2-in-1  VGA HDMI to USB C hub adapter for stunning 4K and 1080P video output, a prime choice for BYOD applications.","_seopress_robots_index":"","_seopress_analysis_target_kw":"USB C Hub Adapter","site-sidebar-layout":"default","site-content-layout":"default","ast-site-content-layout":"default","site-content-style":"default","site-sidebar-style":"default","ast-global-header-display":"","ast-banner-title-visibility":"","ast-main-header-display":"","ast-hfb-above-header-display":"","ast-hfb-below-header-display":"","ast-hfb-mobile-header-display":"","site-post-title":"","ast-breadcrumbs-content":"","ast-featured-img":"","footer-sml-layout":"","ast-disable-related-posts":"","theme-transparent-header-meta":"default","adv-header-id-meta":"","stick-header-meta":"","header-above-stick-meta":"","header-main-stick-meta":"","header-below-stick-meta":"","astra-migrate-meta-layouts":"default","ast-page-background-enabled":"default","ast-page-background-meta":{"desktop":{"background-color":"","background-image":"","background-repeat":"repeat","background-position":"center center","background-size":"auto","background-attachment":"scroll","background-type":"","background-media":"","overlay-type":"","overlay-color":"","overlay-opacity":"","overlay-gradient":""},"tablet":{"background-color":"","background-image":"","background-repeat":"repeat","background-position":"center center","background-size":"auto","background-attachment":"scroll","background-type":"","background-media":"","overlay-type":"","overlay-color":"","overlay-opacity":"","overlay-gradient":""},"mobile":{"background-color":"","background-image":"","background-repeat":"repeat","background-position":"center center","background-size":"auto","background-attachment":"scroll","background-type":"","background-media":"","overlay-type":"","overlay-color":"","overlay-opacity":"","overlay-gradient":""}},"ast-content-background-meta":{"desktop":{"background-color":"var(--ast-global-color-5)","background-image":"","background-repeat":"repeat","background-position":"center center","background-size":"auto","background-attachment":"scroll","background-type":"","background-media":"","overlay-type":"","overlay-color":"","overlay-opacity":"","overlay-gradient":""},"tablet":{"background-color":"var(--ast-global-color-5)","background-image":"","background-repeat":"repeat","background-position":"center center","background-size":"auto","background-attachment":"scroll","background-type":"","background-media":"","overlay-type":"","overlay-color":"","overlay-opacity":"","overlay-gradient":""},"mobile":{"background-color":"var(--ast-global-color-5)","background-image":"","background-repeat":"repeat","background-position":"center center","background-size":"auto","background-attachment":"scroll","background-type":"","background-media":"","overlay-type":"","overlay-color":"","overlay-opacity":"","overlay-gradient":""}},"iawp_total_views":9},"product_brand":[],"product_cat":[222],"product_tag":[],"class_list":{"0":"post-17308","1":"product","2":"type-product","3":"status-publish","4":"has-post-thumbnail","6":"product_cat-usb-c-cables","7":"desktop-align-left","8":"tablet-align-left","9":"mobile-align-left","11":"first","12":"instock","13":"shipping-taxable","14":"purchasable","15":"product-type-simple"},"acf":[],"_links":{"self":[{"href":"https:\/\/www.fjpremium.com\/es\/wp-json\/wp\/v2\/product\/17308","targetHints":{"allow":["GET"]}}],"collection":[{"href":"https:\/\/www.fjpremium.com\/es\/wp-json\/wp\/v2\/product"}],"about":[{"href":"https:\/\/www.fjpremium.com\/es\/wp-json\/wp\/v2\/types\/product"}],"wp:featuredmedia":[{"embeddable":true,"href":"https:\/\/www.fjpremium.com\/es\/wp-json\/wp\/v2\/media\/17309"}],"wp:attachment":[{"href":"https:\/\/www.fjpremium.com\/es\/wp-json\/wp\/v2\/media?parent=17308"}],"wp:term":[{"taxonomy":"product_brand","embeddable":true,"href":"https:\/\/www.fjpremium.com\/es\/wp-json\/wp\/v2\/product_brand?post=17308"},{"taxonomy":"product_cat","embeddable":true,"href":"https:\/\/www.fjpremium.com\/es\/wp-json\/wp\/v2\/product_cat?post=17308"},{"taxonomy":"product_tag","embeddable":true,"href":"https:\/\/www.fjpremium.com\/es\/wp-json\/wp\/v2\/product_tag?post=17308"}],"curies":[{"name":"wp","href":"https:\/\/api.w.org\/{rel}","templated":true}]}}