{"id":17282,"date":"2021-03-10T15:28:28","date_gmt":"2021-03-10T07:28:28","guid":{"rendered":"https:\/\/www.fjpremium.com\/?post_type=product&#038;p=17282"},"modified":"2023-06-27T13:25:26","modified_gmt":"2023-06-27T05:25:26","slug":"usb-c-male-to-vga-usb3-0-pd-3-in-1-multi-port-hub-adapter","status":"publish","type":"product","link":"https:\/\/www.fjpremium.com\/es\/product\/usb-c-male-to-vga-usb3-0-pd-3-in-1-multi-port-hub-adapter\/","title":{"rendered":"Adaptador multipuerto USB-C macho a VGA USB3.0 PD 3 en 1"},"content":{"rendered":"<p>Nuestro adaptador multipuerto cuenta con conectividad USB 3.1 Type-C, USB 3.0 y VGA.<\/p>\n<p>Dise\u00f1ado para entornos personales y profesionales, admite una resoluci\u00f3n de hasta 1080P para v\u00eddeo de alta calidad y permite la transmisi\u00f3n de datos USB 3.0 a supervelocidad.<\/p>\n<p>Este adaptador compacto tambi\u00e9n incluye un puerto USB Type-C para la carga simult\u00e1nea de dispositivos, que admite un suministro de energ\u00eda de hasta 60 W.<\/p>\n<p>Puedes disfrutar de su sencillo funcionamiento plug-and-play sin necesidad de controladores.<\/p>\n<p>Sus especificaciones:<\/p>\n<ul>\n<li>Conector 1: USB Tipo-C macho<\/li>\n<li>Conector 2: VGA HD15 hembra\/ USB 3.0 hembra\/ USB tipo C hembra<\/li>\n<li>Contacto dorado, carcasa niquelada<\/li>\n<li>Conductor del cable: Cobre esta\u00f1ado<\/li>\n<li>Aislamiento: PE SKIN\/HDPE espumado<\/li>\n<li>Calibre del cable: 34\/32\/22AWG<\/li>\n<li>Triple apantallamiento: par trenzado, l\u00e1mina de aluminio, l\u00e1mina de aluminio global, trenzado<\/li>\n<li>Carcasa: Carcasa ABS<\/li>\n<li>Chipset: FL7102+IT6516<\/li>\n<li>Cubierta: PVC<\/li>\n<li>Di\u00e1metro exterior: 4,2\u00b10,2 mm<\/li>\n<li>Conformidad: RoHS, REACH, CE<\/li>\n<\/ul>\n<p>Adem\u00e1s, est\u00e1 meticulosamente fabricado para ofrecer un rendimiento fiable y est\u00e1 respaldado por una garant\u00eda de 2 a\u00f1os. En conclusi\u00f3n, p\u00f3ngase en contacto con nosotros hoy mismo y solicite este adaptador multipuerto.<\/p>","protected":false},"excerpt":{"rendered":"<p>Descubre el adaptador multipuerto 3 en 1 de Farsince, que ofrece conexiones USB 3.1 Type-C, USB 3.0 y VGA, compatibles con una resoluci\u00f3n de hasta 1080P.<\/p>","protected":false},"featured_media":17291,"template":"","meta":{"_acf_changed":false,"_seopress_robots_primary_cat":"","_seopress_titles_title":"Best 3 in 1 Multi Port Adapter - FARSINCE","_seopress_titles_desc":"","_seopress_robots_index":"","_seopress_analysis_target_kw":"Multi Port Adapter","site-sidebar-layout":"default","site-content-layout":"default","ast-site-content-layout":"default","site-content-style":"default","site-sidebar-style":"default","ast-global-header-display":"","ast-banner-title-visibility":"","ast-main-header-display":"","ast-hfb-above-header-display":"","ast-hfb-below-header-display":"","ast-hfb-mobile-header-display":"","site-post-title":"","ast-breadcrumbs-content":"","ast-featured-img":"","footer-sml-layout":"","ast-disable-related-posts":"","theme-transparent-header-meta":"default","adv-header-id-meta":"","stick-header-meta":"","header-above-stick-meta":"","header-main-stick-meta":"","header-below-stick-meta":"","astra-migrate-meta-layouts":"default","ast-page-background-enabled":"default","ast-page-background-meta":{"desktop":{"background-color":"","background-image":"","background-repeat":"repeat","background-position":"center center","background-size":"auto","background-attachment":"scroll","background-type":"","background-media":"","overlay-type":"","overlay-color":"","overlay-opacity":"","overlay-gradient":""},"tablet":{"background-color":"","background-image":"","background-repeat":"repeat","background-position":"center center","background-size":"auto","background-attachment":"scroll","background-type":"","background-media":"","overlay-type":"","overlay-color":"","overlay-opacity":"","overlay-gradient":""},"mobile":{"background-color":"","background-image":"","background-repeat":"repeat","background-position":"center center","background-size":"auto","background-attachment":"scroll","background-type":"","background-media":"","overlay-type":"","overlay-color":"","overlay-opacity":"","overlay-gradient":""}},"ast-content-background-meta":{"desktop":{"background-color":"var(--ast-global-color-5)","background-image":"","background-repeat":"repeat","background-position":"center center","background-size":"auto","background-attachment":"scroll","background-type":"","background-media":"","overlay-type":"","overlay-color":"","overlay-opacity":"","overlay-gradient":""},"tablet":{"background-color":"var(--ast-global-color-5)","background-image":"","background-repeat":"repeat","background-position":"center center","background-size":"auto","background-attachment":"scroll","background-type":"","background-media":"","overlay-type":"","overlay-color":"","overlay-opacity":"","overlay-gradient":""},"mobile":{"background-color":"var(--ast-global-color-5)","background-image":"","background-repeat":"repeat","background-position":"center center","background-size":"auto","background-attachment":"scroll","background-type":"","background-media":"","overlay-type":"","overlay-color":"","overlay-opacity":"","overlay-gradient":""}},"iawp_total_views":5},"product_brand":[],"product_cat":[222],"product_tag":[],"class_list":{"0":"post-17282","1":"product","2":"type-product","3":"status-publish","4":"has-post-thumbnail","6":"product_cat-usb-c-cables","7":"desktop-align-left","8":"tablet-align-left","9":"mobile-align-left","11":"first","12":"instock","13":"shipping-taxable","14":"purchasable","15":"product-type-simple"},"acf":[],"_links":{"self":[{"href":"https:\/\/www.fjpremium.com\/es\/wp-json\/wp\/v2\/product\/17282","targetHints":{"allow":["GET"]}}],"collection":[{"href":"https:\/\/www.fjpremium.com\/es\/wp-json\/wp\/v2\/product"}],"about":[{"href":"https:\/\/www.fjpremium.com\/es\/wp-json\/wp\/v2\/types\/product"}],"wp:featuredmedia":[{"embeddable":true,"href":"https:\/\/www.fjpremium.com\/es\/wp-json\/wp\/v2\/media\/17291"}],"wp:attachment":[{"href":"https:\/\/www.fjpremium.com\/es\/wp-json\/wp\/v2\/media?parent=17282"}],"wp:term":[{"taxonomy":"product_brand","embeddable":true,"href":"https:\/\/www.fjpremium.com\/es\/wp-json\/wp\/v2\/product_brand?post=17282"},{"taxonomy":"product_cat","embeddable":true,"href":"https:\/\/www.fjpremium.com\/es\/wp-json\/wp\/v2\/product_cat?post=17282"},{"taxonomy":"product_tag","embeddable":true,"href":"https:\/\/www.fjpremium.com\/es\/wp-json\/wp\/v2\/product_tag?post=17282"}],"curies":[{"name":"wp","href":"https:\/\/api.w.org\/{rel}","templated":true}]}}