{"id":17227,"date":"2021-03-10T15:14:11","date_gmt":"2021-03-10T07:14:11","guid":{"rendered":"https:\/\/www.fjpremium.com\/?post_type=product&#038;p=17227"},"modified":"2023-09-20T10:56:33","modified_gmt":"2023-09-20T02:56:33","slug":"usb-c-male-to-displayport-male-adapter-cable","status":"publish","type":"product","link":"https:\/\/www.fjpremium.com\/es\/product\/usb-c-male-to-displayport-male-adapter-cable\/","title":{"rendered":"Cable adaptador enchufable de USB C a DisplayPort"},"content":{"rendered":"<p>Dise\u00f1ado para soportar im\u00e1genes de alta resoluci\u00f3n de hasta 8K@60Hz, el cable adaptador es la opci\u00f3n perfecta para conectar dispositivos con USB de tipo C, como smartphones, tabletas u ordenadores, a televisores HD, monitores o proyectores equipados con DisplayPort.<\/p>\n<p>Aprovecha la compatibilidad de audio\/v\u00eddeo inherente a los puertos USB Type-C para enviar se\u00f1ales de audio y v\u00eddeo de alta calidad a tu pantalla con DisplayPort.<\/p>\n<p>Adem\u00e1s, proporciona una interacci\u00f3n multimedia envolvente, transformando la reproducci\u00f3n de v\u00eddeo ordinario o las presentaciones en experiencias visuales ricamente detalladas.<\/p>\n<p>Dise\u00f1ado para la portabilidad, este cable adaptador de USB C a DisplayPort compacto y ligero es perfecto para escenarios BYOD, adecuado tanto para entornos educativos como para entornos corporativos.<\/p>\n<p>El conector USB tipo C sim\u00e9trico aumenta la comodidad del usuario, ya que permite conectarlo f\u00e1cilmente sin preocuparse por la orientaci\u00f3n. Y la naturaleza plug-and-play elimina la necesidad de controladores adicionales, lo que garantiza una configuraci\u00f3n sin esfuerzo.<\/p>\n<p>Sus especificaciones:<\/p>\n<ul>\n<li>Conector 1: USB Tipo-C macho<\/li>\n<li>Conector 2: DisplayPort(DP) macho<\/li>\n<li>Conductor del cable: Cobre esta\u00f1ado<\/li>\n<li>Aislamiento: PE SKIN\/HDPE espumado<\/li>\n<li>Calibre del cable: 32\/32\/26AWG<\/li>\n<li>Triple apantallado: par trenzado de papel de aluminio, papel de aluminio general, trenzado<\/li>\n<li>Chipset: CYPD2119 o ENE363<\/li>\n<li>Di\u00e1metro exterior: 4,5\u00b10,2 mm<\/li>\n<li>Conformidad: RoHS, REACH, CE, UL<\/li>\n<\/ul>\n<p>Adem\u00e1s, la garant\u00eda de dos a\u00f1os de Farsince y el estricto cumplimiento de las normas del sector garantizan la fiabilidad de nuestro adaptador.<\/p>\n<p>Y cuenta con una robusta cubierta de PVC y carcasa de ABS, conectores chapados en oro y componentes internos de calidad probada, lo que promete un rendimiento duradero y constante.<\/p>\n<p>Por lo tanto, p\u00f3ngase en contacto con nosotros hoy mismo y solicite este cable adaptador de USB C a DisplayPort.<\/p>","protected":false},"excerpt":{"rendered":"<p>Habilita la resoluci\u00f3n 8K con el cable adaptador USB C a DisplayPort de Farsince; las im\u00e1genes de alta calidad est\u00e1n garantizadas sin necesidad de controladores adicionales.<\/p>","protected":false},"featured_media":17228,"template":"","meta":{"_acf_changed":false,"_seopress_robots_primary_cat":"","_seopress_titles_title":"Plugable USB C to DisplayPort Adapter Cable - FARSINCE","_seopress_titles_desc":"","_seopress_robots_index":"","site-sidebar-layout":"default","site-content-layout":"default","ast-site-content-layout":"default","site-content-style":"default","site-sidebar-style":"default","ast-global-header-display":"","ast-banner-title-visibility":"","ast-main-header-display":"","ast-hfb-above-header-display":"","ast-hfb-below-header-display":"","ast-hfb-mobile-header-display":"","site-post-title":"","ast-breadcrumbs-content":"","ast-featured-img":"","footer-sml-layout":"","ast-disable-related-posts":"","theme-transparent-header-meta":"default","adv-header-id-meta":"","stick-header-meta":"","header-above-stick-meta":"","header-main-stick-meta":"","header-below-stick-meta":"","astra-migrate-meta-layouts":"set","ast-page-background-enabled":"default","ast-page-background-meta":{"desktop":{"background-color":"","background-image":"","background-repeat":"repeat","background-position":"center center","background-size":"auto","background-attachment":"scroll","background-type":"","background-media":"","overlay-type":"","overlay-color":"","overlay-opacity":"","overlay-gradient":""},"tablet":{"background-color":"","background-image":"","background-repeat":"repeat","background-position":"center center","background-size":"auto","background-attachment":"scroll","background-type":"","background-media":"","overlay-type":"","overlay-color":"","overlay-opacity":"","overlay-gradient":""},"mobile":{"background-color":"","background-image":"","background-repeat":"repeat","background-position":"center center","background-size":"auto","background-attachment":"scroll","background-type":"","background-media":"","overlay-type":"","overlay-color":"","overlay-opacity":"","overlay-gradient":""}},"ast-content-background-meta":{"desktop":{"background-color":"var(--ast-global-color-5)","background-image":"","background-repeat":"repeat","background-position":"center center","background-size":"auto","background-attachment":"scroll","background-type":"","background-media":"","overlay-type":"","overlay-color":"","overlay-opacity":"","overlay-gradient":""},"tablet":{"background-color":"var(--ast-global-color-5)","background-image":"","background-repeat":"repeat","background-position":"center center","background-size":"auto","background-attachment":"scroll","background-type":"","background-media":"","overlay-type":"","overlay-color":"","overlay-opacity":"","overlay-gradient":""},"mobile":{"background-color":"var(--ast-global-color-5)","background-image":"","background-repeat":"repeat","background-position":"center center","background-size":"auto","background-attachment":"scroll","background-type":"","background-media":"","overlay-type":"","overlay-color":"","overlay-opacity":"","overlay-gradient":""}},"iawp_total_views":3},"product_brand":[],"product_cat":[222],"product_tag":[],"class_list":{"0":"post-17227","1":"product","2":"type-product","3":"status-publish","4":"has-post-thumbnail","6":"product_cat-usb-c-cables","7":"desktop-align-left","8":"tablet-align-left","9":"mobile-align-left","11":"first","12":"instock","13":"shipping-taxable","14":"purchasable","15":"product-type-simple"},"acf":[],"_links":{"self":[{"href":"https:\/\/www.fjpremium.com\/es\/wp-json\/wp\/v2\/product\/17227","targetHints":{"allow":["GET"]}}],"collection":[{"href":"https:\/\/www.fjpremium.com\/es\/wp-json\/wp\/v2\/product"}],"about":[{"href":"https:\/\/www.fjpremium.com\/es\/wp-json\/wp\/v2\/types\/product"}],"wp:featuredmedia":[{"embeddable":true,"href":"https:\/\/www.fjpremium.com\/es\/wp-json\/wp\/v2\/media\/17228"}],"wp:attachment":[{"href":"https:\/\/www.fjpremium.com\/es\/wp-json\/wp\/v2\/media?parent=17227"}],"wp:term":[{"taxonomy":"product_brand","embeddable":true,"href":"https:\/\/www.fjpremium.com\/es\/wp-json\/wp\/v2\/product_brand?post=17227"},{"taxonomy":"product_cat","embeddable":true,"href":"https:\/\/www.fjpremium.com\/es\/wp-json\/wp\/v2\/product_cat?post=17227"},{"taxonomy":"product_tag","embeddable":true,"href":"https:\/\/www.fjpremium.com\/es\/wp-json\/wp\/v2\/product_tag?post=17227"}],"curies":[{"name":"wp","href":"https:\/\/api.w.org\/{rel}","templated":true}]}}