{"id":17226,"date":"2021-03-10T15:14:10","date_gmt":"2021-03-10T07:14:10","guid":{"rendered":"https:\/\/www.fjpremium.com\/?post_type=product&#038;p=17226"},"modified":"2023-09-20T10:55:04","modified_gmt":"2023-09-20T02:55:04","slug":"usb-c-male-to-displayport-male-adapter-cable-2","status":"publish","type":"product","link":"https:\/\/www.fjpremium.com\/es\/product\/usb-c-male-to-displayport-male-adapter-cable-2\/","title":{"rendered":"El mejor cable adaptador de USB C a DisplayPort"},"content":{"rendered":"<p>Dise\u00f1ado para facilitar conexiones superiores desde dispositivos con USB-C como smartphones, tabletas u ordenadores a pantallas compatibles con DisplayPort, el mejor cable adaptador de USB C a DisplayPort destaca por ofrecer un rendimiento inigualable.<\/p>\n<p>Canaliza eficientemente el soporte de audio\/v\u00eddeo integrado de los puertos USB Type-C, produciendo una salida de se\u00f1al de alta calidad para un televisor HD, monitor o proyector.<\/p>\n<p>Adem\u00e1s, admite resoluciones de hasta 4K@60Hz u 8K@60Hz, lo que garantiza una calidad de v\u00eddeo de primera en la pantalla conectada.<\/p>\n<p>La facilidad de uso es inherente al dise\u00f1o reversible y sim\u00e9trico del conector USB de tipo C, que permite conexiones sin complicaciones.<\/p>\n<p>Este cable adaptador es compacto y ligero, lo que lo convierte en un accesorio f\u00e1cil de transportar.<\/p>\n<p>Y no se necesitan controladores adicionales; su atributo plug-and-play garantiza una configuraci\u00f3n r\u00e1pida y sencilla.<\/p>\n<p>Sus especificaciones:<\/p>\n<ul>\n<li>Conector 1: USB Tipo-C macho<\/li>\n<li>Conector 2: DisplayPort(DP) macho<\/li>\n<li>Conductor del cable: Cobre esta\u00f1ado<\/li>\n<li>Aislamiento: PE SKIN\/HDPE espumado<\/li>\n<li>Calibre del cable: 32\/32\/26AWG<\/li>\n<li>Triple apantallamiento: par trenzado, l\u00e1mina de aluminio, l\u00e1mina de aluminio global, trenzado<\/li>\n<li>Carcasa: Carcasa ABS<\/li>\n<li>Chipset: CYPD2119 o ENE363<\/li>\n<li>Di\u00e1metro exterior: 4,5\u00b10,2 mm<\/li>\n<\/ul>\n<p>Adem\u00e1s, con la garant\u00eda de dos a\u00f1os de Farsince, nuestro robusto cable adaptador es fiable y le ofrece tranquilidad. El cumplimiento de las normas RoHS, REACH, CE y UL es un testimonio de su calidad.<\/p>\n<p>Y sus conectores chapados en oro, una cubierta de PVC duradera y un cable bien aislado completan sus caracter\u00edsticas superiores. En consecuencia, p\u00f3ngase en contacto con nosotros hoy mismo e invierta en nuestro mejor cable adaptador de USB C a DisplayPort.<\/p>","protected":false},"excerpt":{"rendered":"<p>Eleva las soluciones de conectividad con el mejor cable adaptador de USB C a DisplayPort, ideal para smartphones, tablets u ordenadores a pantallas compatibles con DisplayPort.<\/p>","protected":false},"featured_media":17236,"template":"","meta":{"_acf_changed":false,"_seopress_robots_primary_cat":"","_seopress_titles_title":"Best USB C to DisplayPort Adapter Cable - FARSINCE","_seopress_titles_desc":"","_seopress_robots_index":"","site-sidebar-layout":"default","site-content-layout":"default","ast-site-content-layout":"default","site-content-style":"default","site-sidebar-style":"default","ast-global-header-display":"","ast-banner-title-visibility":"","ast-main-header-display":"","ast-hfb-above-header-display":"","ast-hfb-below-header-display":"","ast-hfb-mobile-header-display":"","site-post-title":"","ast-breadcrumbs-content":"","ast-featured-img":"","footer-sml-layout":"","ast-disable-related-posts":"","theme-transparent-header-meta":"default","adv-header-id-meta":"","stick-header-meta":"","header-above-stick-meta":"","header-main-stick-meta":"","header-below-stick-meta":"","astra-migrate-meta-layouts":"set","ast-page-background-enabled":"default","ast-page-background-meta":{"desktop":{"background-color":"","background-image":"","background-repeat":"repeat","background-position":"center center","background-size":"auto","background-attachment":"scroll","background-type":"","background-media":"","overlay-type":"","overlay-color":"","overlay-opacity":"","overlay-gradient":""},"tablet":{"background-color":"","background-image":"","background-repeat":"repeat","background-position":"center center","background-size":"auto","background-attachment":"scroll","background-type":"","background-media":"","overlay-type":"","overlay-color":"","overlay-opacity":"","overlay-gradient":""},"mobile":{"background-color":"","background-image":"","background-repeat":"repeat","background-position":"center center","background-size":"auto","background-attachment":"scroll","background-type":"","background-media":"","overlay-type":"","overlay-color":"","overlay-opacity":"","overlay-gradient":""}},"ast-content-background-meta":{"desktop":{"background-color":"var(--ast-global-color-5)","background-image":"","background-repeat":"repeat","background-position":"center center","background-size":"auto","background-attachment":"scroll","background-type":"","background-media":"","overlay-type":"","overlay-color":"","overlay-opacity":"","overlay-gradient":""},"tablet":{"background-color":"var(--ast-global-color-5)","background-image":"","background-repeat":"repeat","background-position":"center center","background-size":"auto","background-attachment":"scroll","background-type":"","background-media":"","overlay-type":"","overlay-color":"","overlay-opacity":"","overlay-gradient":""},"mobile":{"background-color":"var(--ast-global-color-5)","background-image":"","background-repeat":"repeat","background-position":"center center","background-size":"auto","background-attachment":"scroll","background-type":"","background-media":"","overlay-type":"","overlay-color":"","overlay-opacity":"","overlay-gradient":""}},"iawp_total_views":7},"product_brand":[],"product_cat":[222],"product_tag":[],"class_list":{"0":"post-17226","1":"product","2":"type-product","3":"status-publish","4":"has-post-thumbnail","6":"product_cat-usb-c-cables","7":"desktop-align-left","8":"tablet-align-left","9":"mobile-align-left","11":"first","12":"instock","13":"shipping-taxable","14":"purchasable","15":"product-type-simple"},"acf":[],"_links":{"self":[{"href":"https:\/\/www.fjpremium.com\/es\/wp-json\/wp\/v2\/product\/17226","targetHints":{"allow":["GET"]}}],"collection":[{"href":"https:\/\/www.fjpremium.com\/es\/wp-json\/wp\/v2\/product"}],"about":[{"href":"https:\/\/www.fjpremium.com\/es\/wp-json\/wp\/v2\/types\/product"}],"wp:featuredmedia":[{"embeddable":true,"href":"https:\/\/www.fjpremium.com\/es\/wp-json\/wp\/v2\/media\/17236"}],"wp:attachment":[{"href":"https:\/\/www.fjpremium.com\/es\/wp-json\/wp\/v2\/media?parent=17226"}],"wp:term":[{"taxonomy":"product_brand","embeddable":true,"href":"https:\/\/www.fjpremium.com\/es\/wp-json\/wp\/v2\/product_brand?post=17226"},{"taxonomy":"product_cat","embeddable":true,"href":"https:\/\/www.fjpremium.com\/es\/wp-json\/wp\/v2\/product_cat?post=17226"},{"taxonomy":"product_tag","embeddable":true,"href":"https:\/\/www.fjpremium.com\/es\/wp-json\/wp\/v2\/product_tag?post=17226"}],"curies":[{"name":"wp","href":"https:\/\/api.w.org\/{rel}","templated":true}]}}